{"id":429,"date":"2024-03-11T12:46:16","date_gmt":"2024-03-11T11:46:16","guid":{"rendered":"https:\/\/www.behardoo.ba\/?post_type=product&#038;p=429"},"modified":"2024-07-03T17:48:25","modified_gmt":"2024-07-03T15:48:25","slug":"adama-gel-protiv-zohara-35g","status":"publish","type":"product","link":"https:\/\/www.behardoo.ba\/index.php\/product\/adama-gel-protiv-zohara-35g\/","title":{"rendered":"Adama gel protiv \u017eohara 35g"},"content":{"rendered":"<p>\ud83d\udeab\ud83e\udeb3\u00a0<span style=\"text-decoration: underline;\"><b>Adama\u00a0gel protiv \u017eohara<\/b><\/span>\u00a0\ud83d\udeab\ud83e\udeb3<\/p>\n<p>Gel za suzbijanje bilo koje vrste \u017eohara.<\/p>\n<p><strong>Prednosti:<\/strong><\/p>\n<p>\u2705 Veoma efektivan gel mamac koji privla\u010di i ubija \u017eohare<\/p>\n<p>\u2705 Spreman za upotrebu<\/p>\n<p>\u2705 Lako nano\u0161enje<\/p>\n<p>\u2705 Bez prskanja<\/p>\n<p>\u2705 Jedan gel mo\u017ee pokriti povr\u0161inu do 300 m2<\/p>\n<p>\u2705 Izuzetno siguran za sve prostore i povr\u0161ine (doma\u0107instva, kuhinje, kancelarije, skladi\u0161ta&#8230;)<\/p>\n<p>\u2705 Ljudi nemaju potrebe za evakuaciju tretiranog podru\u010dja tokom i nakon primjene.<\/p>\n<p><strong>Domino efekt:<\/strong><\/p>\n<p>Dok jedni \u017eohari umiru, drugi \u017eohari se hrane mrtvima i tako\u0111er umiru. Ovaj domino efekat \u0107e se nastaviti bezbroj puta sve dok cijela kolonija nestane.<\/p>\n<p><strong>Upotreba:<\/strong><\/p>\n<p>Koristiti u malim koli\u010dinama. Nanijeti po ta\u010dku veli\u010dine zrna gra\u0161ka svakih 5 do 10 cm na tamna i topla mjesta i u podru\u010djima koje posje\u0107uju \u017eohari.<\/p>\n<p>Idealan za upotrebu u podru\u010djima u kojima se ne mogu koristiti sprejevi, kao \u0161to su kompjuteri, elektri\u010dni motori, fri\u017eider i elektro kutije i veoma prometne kuhinje.<\/p>\n<p><strong>Aktivni sastojci:<\/strong><br \/>\nImidachloprid 0,5g \/ kg<\/p>\n<p><strong>Pakovanje:<\/strong><br \/>\n35gr<\/p>\n<p>\u260e\ufe0f Za sve informacije nam pi\u0161ite u inbox ili nas pozovite na: <strong>+387 61 221 470<\/strong><\/p>\n","protected":false},"excerpt":{"rendered":"<p>\ud83d\udeab\ud83e\udeb3\u00a0<span style=\"text-decoration: underline;\"><b>Adama\u00a0gel protiv \u017eohara<\/b><\/span>\u00a0\ud83d\udeab\ud83e\udeb3<\/p>\n<p>Gel za suzbijanje bilo koje vrste \u017eohara.<\/p>\n<p><strong>Prednosti:<\/strong><\/p>\n<p>\u2705 Veoma efektivan gel mamac koji privla\u010di i ubija \u017eohare<\/p>\n<p>\u2705 Spreman za upotrebu<\/p>\n<p>\u2705 Lako nano\u0161enje<\/p>\n<p>\u2705 Bez prskanja<\/p>\n<p>\u2705 Jedan gel mo\u017ee pokriti povr\u0161inu do 300 m2<\/p>\n<p>\u2705 Izuzetno siguran za sve prostore i povr\u0161ine (doma\u0107instva, kuhinje, kancelarije, skladi\u0161ta&#8230;)<\/p>\n<p>\u2705 Ljudi nemaju potrebe za evakuaciju tretiranog podru\u010dja tokom i nakon primjene.<\/p>\n<a href=\"https:\/\/www.behardoo.ba\/index.php\/product\/adama-gel-protiv-zohara-35g\/\" class=\"btn frontech-btn\"><span><\/span>Detalji<\/a>","protected":false},"featured_media":493,"template":"","meta":[],"product_brand":[],"product_cat":[351,50],"product_tag":[145,186,27,679,226,462,343,286,285,931,745,396,388,310,425,60,235,59,236,319,441,200,98,251,81,224,359,813,747,135,47,790,146,393,395,399,71,72,401,570,772,54,678,400,539,272,426,86,814,85,394,80,944,94,84,255,83],"class_list":{"0":"post-429","1":"product","2":"type-product","3":"status-publish","4":"has-post-thumbnail","6":"product_cat-deratizacija","7":"product_cat-insekticidi","8":"product_tag-adama","9":"product_tag-agrar","10":"product_tag-agro","11":"product_tag-apoteka","12":"product_tag-behar","13":"product_tag-behardoo","14":"product_tag-bih","15":"product_tag-bosna","16":"product_tag-bosnia","17":"product_tag-bubasvaba","18":"product_tag-bubasvabe","19":"product_tag-chem","20":"product_tag-chemical","21":"product_tag-d-o-o","22":"product_tag-ddd","23":"product_tag-degesch","24":"product_tag-deratizacija","25":"product_tag-detia","26":"product_tag-dezinsekcija","27":"product_tag-doo","28":"product_tag-dostava","29":"product_tag-farm","30":"product_tag-farma","31":"product_tag-farmer","32":"product_tag-gel","33":"product_tag-hemija","34":"product_tag-hercegovina","35":"product_tag-imidacloprid","36":"product_tag-imidakloprid","37":"product_tag-insekti","38":"product_tag-insekticid","39":"product_tag-italija","40":"product_tag-kollant","41":"product_tag-kupi","42":"product_tag-maloprodaja","43":"product_tag-naruci","44":"product_tag-njemacka","45":"product_tag-njemacki","46":"product_tag-online","47":"product_tag-poljo","48":"product_tag-poljoapoteka","49":"product_tag-poljoprivreda","50":"product_tag-poljoprivredna","51":"product_tag-poruci","52":"product_tag-protiv","53":"product_tag-sarajevo","54":"product_tag-shop","55":"product_tag-sprica","56":"product_tag-suzbijanje","57":"product_tag-tuba","58":"product_tag-veleprodaja","59":"product_tag-victor","60":"product_tag-viktor","61":"product_tag-zastita","62":"product_tag-zohar","63":"product_tag-zohara","64":"product_tag-zohari","66":"first","67":"instock","68":"shipping-taxable","69":"product-type-external"},"jetpack_sharing_enabled":true,"_links":{"self":[{"href":"https:\/\/www.behardoo.ba\/index.php\/wp-json\/wp\/v2\/product\/429","targetHints":{"allow":["GET"]}}],"collection":[{"href":"https:\/\/www.behardoo.ba\/index.php\/wp-json\/wp\/v2\/product"}],"about":[{"href":"https:\/\/www.behardoo.ba\/index.php\/wp-json\/wp\/v2\/types\/product"}],"wp:featuredmedia":[{"embeddable":true,"href":"https:\/\/www.behardoo.ba\/index.php\/wp-json\/wp\/v2\/media\/493"}],"wp:attachment":[{"href":"https:\/\/www.behardoo.ba\/index.php\/wp-json\/wp\/v2\/media?parent=429"}],"wp:term":[{"taxonomy":"product_brand","embeddable":true,"href":"https:\/\/www.behardoo.ba\/index.php\/wp-json\/wp\/v2\/product_brand?post=429"},{"taxonomy":"product_cat","embeddable":true,"href":"https:\/\/www.behardoo.ba\/index.php\/wp-json\/wp\/v2\/product_cat?post=429"},{"taxonomy":"product_tag","embeddable":true,"href":"https:\/\/www.behardoo.ba\/index.php\/wp-json\/wp\/v2\/product_tag?post=429"}],"curies":[{"name":"wp","href":"https:\/\/api.w.org\/{rel}","templated":true}]}}