{"id":432,"date":"2024-03-14T20:15:56","date_gmt":"2024-03-14T19:15:56","guid":{"rendered":"https:\/\/www.behardoo.ba\/?post_type=product&#038;p=432"},"modified":"2024-03-14T20:15:57","modified_gmt":"2024-03-14T19:15:57","slug":"presol-plus-svjezi-mamak-20g","status":"publish","type":"product","link":"https:\/\/www.behardoo.ba\/index.php\/product\/presol-plus-svjezi-mamak-20g\/","title":{"rendered":"PRESOL Plus svje\u017ei mamak 20g"},"content":{"rendered":"<ul>\n<li>Za borbu protiv pacova, ku\u0107nih \u0161takora i ku\u0107nih mi\u0161eva u zgradama i okolini<\/li>\n<li>Vrlo efikasan protiv ku\u0107nih mi\u0161eva i \u0161takora u prostorijama, na otvorenom, sto\u010darstvu i oko zgrada<\/li>\n<li>Posebno za mjesta sa alternativnom prehranom<\/li>\n<li>U prakti\u010dnim vre\u0107icama.<\/li>\n<\/ul>\n<p><strong>Aktivna supstanca:<\/strong><\/p>\n<p>0,005% bromadiolone; Denatonium benzonat (gorka tvar) 0,001g; Kalcijev hidroksid (N-CAS 1305-62-0) 0,375g; Jestive tvari i koformulanti 100g<\/p>\n<p><strong>Doziranje:<\/strong><\/p>\n<ul>\n<li>Poljski \u0161takori \/ ku\u0107ni \u0161takori: 60-100 g \/ 100 m\u00b2<\/li>\n<li>Ku\u0107ni mi\u0161evi: 40 g \/ 100 m\u00b2.<\/li>\n<\/ul>\n<p>Za sve informacije nam pi\u0161ite ili nas pozovite na +387 61 221 470<\/p>\n","protected":false},"excerpt":{"rendered":"<ul>\n<li>Za borbu protiv pacova, ku\u0107nih \u0161takora i ku\u0107nih mi\u0161eva u zgradama i okolini<\/li>\n<li>Vrlo efikasan protiv ku\u0107nih mi\u0161eva i \u0161takora u prostorijama, na otvorenom, sto\u010darstvu i oko zgrada<\/li>\n<li>Posebno za mjesta sa alternativnom prehranom<\/li>\n<li>U prakti\u010dnim vre\u0107icama.<\/li>\n<\/ul>\n<p><strong>Aktivna supstanca:<\/strong><\/p>\n<p>0,005% bromadiolone; Denatonium benzonat (gorka tvar) 0,001g; Kalcijev hidroksid (N-CAS 1305-62-0) 0,375g; Jestive tvari i koformulanti 100g<\/p>\n<a href=\"https:\/\/www.behardoo.ba\/index.php\/product\/presol-plus-svjezi-mamak-20g\/\" class=\"btn frontech-btn\"><span><\/span>Detalji<\/a>","protected":false},"featured_media":434,"template":"","meta":[],"product_brand":[],"product_cat":[351,58],"product_tag":[186,27,679,226,462,343,286,285,74,825,827,826,73,396,388,821,820,310,425,235,319,441,200,98,251,479,81,224,359,790,789,393,395,507,77,66,517,506,67,399,401,709,822,823,68,824,75,31,570,772,54,400,815,816,410,828,70,291,819,818,272,426,817,394,94],"class_list":{"0":"post-432","1":"product","2":"type-product","3":"status-publish","4":"has-post-thumbnail","6":"product_cat-deratizacija","7":"product_cat-rodenticidi","8":"product_tag-agrar","9":"product_tag-agro","10":"product_tag-apoteka","11":"product_tag-behar","12":"product_tag-behardoo","13":"product_tag-bih","14":"product_tag-bosna","15":"product_tag-bosnia","16":"product_tag-bromadilon","17":"product_tag-bromadilona","18":"product_tag-bromadiolon","19":"product_tag-bromadiolona","20":"product_tag-bromadiolone","21":"product_tag-chem","22":"product_tag-chemical","23":"product_tag-crvena","24":"product_tag-crveni","25":"product_tag-d-o-o","26":"product_tag-ddd","27":"product_tag-deratizacija","28":"product_tag-doo","29":"product_tag-dostava","30":"product_tag-farm","31":"product_tag-farma","32":"product_tag-farmer","33":"product_tag-firma","34":"product_tag-gel","35":"product_tag-hemija","36":"product_tag-hercegovina","37":"product_tag-italija","38":"product_tag-italy","39":"product_tag-kupi","40":"product_tag-maloprodaja","41":"product_tag-mamac","42":"product_tag-mamak","43":"product_tag-mis","44":"product_tag-miseva","45":"product_tag-miseve","46":"product_tag-misevi","47":"product_tag-naruci","48":"product_tag-online","49":"product_tag-pacov","50":"product_tag-pacova","51":"product_tag-pacove","52":"product_tag-pacovi","53":"product_tag-pacovu","54":"product_tag-pasta","55":"product_tag-plus","56":"product_tag-poljo","57":"product_tag-poljoapoteka","58":"product_tag-poljoprivreda","59":"product_tag-poruci","60":"product_tag-presol","61":"product_tag-presso","62":"product_tag-radnja","63":"product_tag-redenticida","64":"product_tag-rodenticid","65":"product_tag-rodenticidi","66":"product_tag-roza","67":"product_tag-rozi","68":"product_tag-sarajevo","69":"product_tag-shop","70":"product_tag-svjezi","71":"product_tag-veleprodaja","72":"product_tag-zastita","74":"first","75":"instock","76":"shipping-taxable","77":"product-type-external"},"jetpack_sharing_enabled":true,"_links":{"self":[{"href":"https:\/\/www.behardoo.ba\/index.php\/wp-json\/wp\/v2\/product\/432","targetHints":{"allow":["GET"]}}],"collection":[{"href":"https:\/\/www.behardoo.ba\/index.php\/wp-json\/wp\/v2\/product"}],"about":[{"href":"https:\/\/www.behardoo.ba\/index.php\/wp-json\/wp\/v2\/types\/product"}],"wp:featuredmedia":[{"embeddable":true,"href":"https:\/\/www.behardoo.ba\/index.php\/wp-json\/wp\/v2\/media\/434"}],"wp:attachment":[{"href":"https:\/\/www.behardoo.ba\/index.php\/wp-json\/wp\/v2\/media?parent=432"}],"wp:term":[{"taxonomy":"product_brand","embeddable":true,"href":"https:\/\/www.behardoo.ba\/index.php\/wp-json\/wp\/v2\/product_brand?post=432"},{"taxonomy":"product_cat","embeddable":true,"href":"https:\/\/www.behardoo.ba\/index.php\/wp-json\/wp\/v2\/product_cat?post=432"},{"taxonomy":"product_tag","embeddable":true,"href":"https:\/\/www.behardoo.ba\/index.php\/wp-json\/wp\/v2\/product_tag?post=432"}],"curies":[{"name":"wp","href":"https:\/\/api.w.org\/{rel}","templated":true}]}}