{"id":439,"date":"2024-03-21T12:11:20","date_gmt":"2024-03-21T11:11:20","guid":{"rendered":"https:\/\/www.behardoo.ba\/?post_type=product&#038;p=439"},"modified":"2024-06-14T10:49:55","modified_gmt":"2024-06-14T08:49:55","slug":"afinex-250g","status":"publish","type":"product","link":"https:\/\/www.behardoo.ba\/index.php\/product\/afinex-250g\/","title":{"rendered":"Afinex 250g"},"content":{"rendered":"<div class=\"product-details\">\n<p class=\"detail\"><strong>Klasa:<\/strong>\u00a0<span class=\"klasa\">Insekticid<\/span><\/p>\n<p class=\"detail\"><strong>Aktivna materija:<\/strong>\u00a0<span class=\"aktivna-materija\">Acetamiprid 200 g\/kg<\/span><\/p>\n<p class=\"detail\"><strong>Formulacija:<\/strong>\u00a0<span class=\"formulacija\">SP &#8211; vodorastvorljivo pra\u0161ivo<\/span><\/p>\n<p class=\"detail\"><strong>Pakovanje:<\/strong>\u00a0<span class=\"pakovanje\">2,5 g, 25 g, 250 g 1 kg<\/span><\/p>\n<p class=\"detail\"><strong>Karenca:<\/strong>\u00a0<span class=\"karenca\">14 dana &#8211; krompir, breskva, nektarina, vi\u0161nja, tre\u0161nja; 28 dana &#8211; jabuka<\/span><\/p>\n<p class=\"detail\"><strong>MBT:<\/strong>\u00a0<span class=\"mbt\">2<\/span><\/p>\n<\/div>\n<div class=\"product-harvest\">\n<p class=\"detail\"><strong>Primjena:<\/strong><\/p>\n<table>\n<thead>\n<tr class=\"bg-7\">\n<th>USJEV \/ ZASAD<\/th>\n<th>KOLI\u010cINA PRIMJENE<\/th>\n<th>VRIJEME PRIMJENE<\/th>\n<\/tr>\n<\/thead>\n<tbody>\n<tr class=\"bg-sec-7\">\n<td class=\"bg-7\">KROMPIR<\/td>\n<td>0,25<\/td>\n<td>U vrijeme pojave prvih larvi IV stupnja<\/td>\n<\/tr>\n<tr class=\"bg-sec-7\">\n<td class=\"bg-7\">JABUKA<\/td>\n<td>0,02 &#8211; 0,025 % (2-2,5 g u 10 l vode)<\/td>\n<td>U precvjetavanju i po pojavi va\u0161iju<\/td>\n<\/tr>\n<tr class=\"bg-sec-7\">\n<td class=\"bg-7\">BRESKVA, NEKTARINA<\/td>\n<td>0,025 % (2-2,5 g u 10 l vode)<\/td>\n<td>Na po\u010detku formiranja kolonija va\u0161i<\/td>\n<\/tr>\n<tr class=\"bg-sec-7\">\n<td class=\"bg-7\">VI\u0160NJA, TRE\u0160NJA<\/td>\n<td>0,025 % (2-2,5 g u 10 l vode)<\/td>\n<td>Primenjuje se prvi put u vrijeme maksimalne pojave imaga i drugi put, na po\u010detku piljenja larvi u fazi promjene boje ploda<\/td>\n<\/tr>\n<\/tbody>\n<\/table>\n<\/div>\n<div class=\"product-info\">\n<p><strong>DJELOVANJE:<\/strong><\/p>\n<p>Insekticid iz grupe Neonikotinoida, deluje kao antagonist acetilholinskih receptora, tj. sprije\u010dava njihovu funkciju, \u0161to dovodi do gubitka orijentacije kod insekata, prestanka ishrane i uginu\u0107a. Ima odli\u010dno inicijalno i rezidualno djelovanje.<\/p>\n<p><strong>SPEKTAR DJELOVANJA:<\/strong><\/p>\n<p>Krompirova zlatica (<em>Leptinotarsa decemlineata<\/em>), I-III generacije minera ta\u010dkastih mina (<em>Lithocolletis blancardella<\/em>), jabukina zelena va\u0161 (<em>Aphis pomi<\/em>) i pepeljasta-bra\u0161nasta va\u0161 (<em>Dysaphis plantaginea<\/em>), I generacije pepeljastog grozdovog smotavca (<em>Polychrosis botrana<\/em>), bijela leptirasta va\u0161 (<em>Thrialeurodes vaporariorum<\/em>), lisna va\u0161 (<em>Aphididae<\/em>), trips (<em>Thrips spp<\/em>.), kupusna va\u0161 (<em>Brevicoryne brassicae<\/em>), zelena breskvina va\u0161 (<em>Myzus persicae<\/em>) u zasadima breskve i nektarine i tre\u0161njina muha (<em>Rhagoletis cerasi<\/em>) u zasadu tre\u0161nje.<\/p>\n<p><strong>PREPORUKE I NAPOMENE<\/strong><\/p>\n<p>Insekticid sa veoma \u0161irokim spektrom djelovanja na razli\u010dite vrste, kao i razli\u010dite stadijume insekata, tako da njegovom primjenom se istovremeno suzbijaju skoro svi \u0161tetni insekti koji se na\u0111u na biljci.<\/p>\n<p>Na primjenu ovog preparata ne uti\u010de visoka temperatura vazduha.<\/p>\n<p>Preparat se mo\u017ee mje\u0161ati sa insekticidima i fungicidima, osim onih alkalne reakcije kao Bordovska \u010dorba.<\/p>\n<p>Preparati na bazi ove aktivne materije u primjeni su u velikom broju usjeva i zasada u zemljama u okru\u017eenju i zemljama EU.<\/p>\n<p>Za sve informacije nam pi\u0161ite ili nas pozovite na <strong>+387 61 221 470<\/strong><\/p>\n<\/div>\n","protected":false},"excerpt":{"rendered":"<p class=\"detail\"><strong>Klasa:<\/strong>\u00a0<span class=\"klasa\">Insekticid<\/span><\/p>\n<p class=\"detail\"><strong>Aktivna materija:<\/strong>\u00a0<span class=\"aktivna-materija\">Acetamiprid 200 g\/kg<\/span><\/p>\n<p class=\"detail\"><strong>Formulacija:<\/strong>\u00a0<span class=\"formulacija\">SP &#8211; vodorastvorljivo pra\u0161ivo<\/span><\/p>\n<p class=\"detail\"><strong>Pakovanje:<\/strong>\u00a0<span class=\"pakovanje\">2,5 g, 25 g, 250 g 1 kg<\/span><\/p>\n<p class=\"detail\"><strong>Karenca:<\/strong>\u00a0<span class=\"karenca\">14 dana &#8211; krompir, breskva, nektarina, vi\u0161nja, tre\u0161nja; 28 dana &#8211; jabuka<\/span><\/p>\n<p class=\"detail\"><strong>MBT:<\/strong>\u00a0<span class=\"mbt\">2<\/span><\/p>\n<p>Insekticid iz grupe Neonikotinoida, deluje kao antagonist acetilholinskih receptora, tj. sprije\u010dava njihovu funkciju, \u0161to dovodi do gubitka orijentacije kod insekata, prestanka ishrane i uginu\u0107a. Ima odli\u010dno inicijalno i rezidualno djelovanje.<\/p>\n<a href=\"https:\/\/www.behardoo.ba\/index.php\/product\/afinex-250g\/\" class=\"btn frontech-btn\"><span><\/span>Detalji<\/a>","protected":false},"featured_media":440,"template":"","meta":[],"product_brand":[],"product_cat":[402,352],"product_tag":[313,260,843,905,906,904,841,186,27,469,679,226,462,343,286,285,396,388,310,319,441,200,98,251,379,47,393,395,848,849,129,399,401,570,772,54,678,400,275,842,215,272,426,345,846,847,394,123,844,845,94,375,182],"class_list":{"0":"post-439","1":"product","2":"type-product","3":"status-publish","4":"has-post-thumbnail","6":"product_cat-insekticidi-zastita_bilja","7":"product_cat-zastita_bilja","8":"product_tag-313","9":"product_tag-250g","10":"product_tag-acetamiprid","11":"product_tag-affineks","12":"product_tag-affinex","13":"product_tag-afineks","14":"product_tag-afinex","15":"product_tag-agrar","16":"product_tag-agro","17":"product_tag-agromarket","18":"product_tag-apoteka","19":"product_tag-behar","20":"product_tag-behardoo","21":"product_tag-bih","22":"product_tag-bosna","23":"product_tag-bosnia","24":"product_tag-chem","25":"product_tag-chemical","26":"product_tag-d-o-o","27":"product_tag-doo","28":"product_tag-dostava","29":"product_tag-farm","30":"product_tag-farma","31":"product_tag-farmer","32":"product_tag-g","33":"product_tag-insekticid","34":"product_tag-kupi","35":"product_tag-maloprodaja","36":"product_tag-minera","37":"product_tag-mineru","38":"product_tag-muha","39":"product_tag-naruci","40":"product_tag-online","41":"product_tag-poljo","42":"product_tag-poljoapoteka","43":"product_tag-poljoprivreda","44":"product_tag-poljoprivredna","45":"product_tag-poruci","46":"product_tag-povrce","47":"product_tag-prasivo","48":"product_tag-prskanje","49":"product_tag-sarajevo","50":"product_tag-shop","51":"product_tag-sredstva","52":"product_tag-trips","53":"product_tag-vas","54":"product_tag-veleprodaja","55":"product_tag-voce","56":"product_tag-vodootopivo","57":"product_tag-vodorastvorivo","58":"product_tag-zastita","59":"product_tag-zastitna","60":"product_tag-zlatica","62":"first","63":"instock","64":"shipping-taxable","65":"product-type-external"},"jetpack_sharing_enabled":true,"_links":{"self":[{"href":"https:\/\/www.behardoo.ba\/index.php\/wp-json\/wp\/v2\/product\/439","targetHints":{"allow":["GET"]}}],"collection":[{"href":"https:\/\/www.behardoo.ba\/index.php\/wp-json\/wp\/v2\/product"}],"about":[{"href":"https:\/\/www.behardoo.ba\/index.php\/wp-json\/wp\/v2\/types\/product"}],"wp:featuredmedia":[{"embeddable":true,"href":"https:\/\/www.behardoo.ba\/index.php\/wp-json\/wp\/v2\/media\/440"}],"wp:attachment":[{"href":"https:\/\/www.behardoo.ba\/index.php\/wp-json\/wp\/v2\/media?parent=439"}],"wp:term":[{"taxonomy":"product_brand","embeddable":true,"href":"https:\/\/www.behardoo.ba\/index.php\/wp-json\/wp\/v2\/product_brand?post=439"},{"taxonomy":"product_cat","embeddable":true,"href":"https:\/\/www.behardoo.ba\/index.php\/wp-json\/wp\/v2\/product_cat?post=439"},{"taxonomy":"product_tag","embeddable":true,"href":"https:\/\/www.behardoo.ba\/index.php\/wp-json\/wp\/v2\/product_tag?post=439"}],"curies":[{"name":"wp","href":"https:\/\/api.w.org\/{rel}","templated":true}]}}