{"id":472,"date":"2024-05-09T18:42:04","date_gmt":"2024-05-09T16:42:04","guid":{"rendered":"https:\/\/www.behardoo.ba\/?post_type=product&#038;p=472"},"modified":"2024-06-14T10:49:13","modified_gmt":"2024-06-14T08:49:13","slug":"chemisol-ha-1l-protiv-divljih-svinja","status":"publish","type":"product","link":"https:\/\/www.behardoo.ba\/index.php\/product\/chemisol-ha-1l-protiv-divljih-svinja\/","title":{"rendered":"Chemisol HA 1L &#8211; protiv divljih svinja"},"content":{"rendered":"<p><span class=\"x3nfvp2 x1j61x8r x1fcty0u xdj266r xhhsvwb xat24cr xgzva0m xxymvpz xlup9mm x1kky2od\"><img loading=\"lazy\" decoding=\"async\" class=\"xz74otr\" src=\"https:\/\/static.xx.fbcdn.net\/images\/emoji.php\/v9\/t6f\/1\/16\/1f6ab.png\" alt=\"\ud83d\udeab\" width=\"16\" height=\"16\" \/><\/span><span class=\"x3nfvp2 x1j61x8r x1fcty0u xdj266r xhhsvwb xat24cr xgzva0m xxymvpz xlup9mm x1kky2od\"><img loading=\"lazy\" decoding=\"async\" class=\"xz74otr\" src=\"https:\/\/static.xx.fbcdn.net\/images\/emoji.php\/v9\/t72\/1\/16\/1f417.png\" alt=\"\ud83d\udc17\" width=\"16\" height=\"16\" \/><\/span>\u00a0Chemisol sredstvo za odbijanje za divlje svinje je sredstvo koje svojim karakteristi\u010dnim neugodnim mirisom odbija divlje svinje od branjenih povr\u0161ina (usjeva, oranica, vo\u0107njaka, \u0161uma itd.). Namijenjen je za odbijanje divljih svinja u poljoprivredi, \u0161umarstvu, lovstvu, vo\u0107arstvu i sli\u010dnim djelatnostima.<br class=\"html-br\" \/><br class=\"html-br\" \/><span class=\"x3nfvp2 x1j61x8r x1fcty0u xdj266r xhhsvwb xat24cr xgzva0m xxymvpz xlup9mm x1kky2od\"><img loading=\"lazy\" decoding=\"async\" class=\"xz74otr\" src=\"https:\/\/static.xx.fbcdn.net\/images\/emoji.php\/v9\/tc1\/1\/16\/1f4a6.png\" alt=\"\ud83d\udca6\" width=\"16\" height=\"16\" \/><\/span>\u00a0Proizvod na tr\u017ei\u0161te dolazi u obliku teku\u0107ine spremne za upotrebu.<br class=\"html-br\" \/><br class=\"html-br\" \/>NAPOMENA: ovo sredstvo za odbijanje ne ubija niti \u0161teti divljim svinjama, ve\u0107 ih svojim mirisom tjera sa branjenog podru\u010dja.<br class=\"html-br\" \/><br class=\"html-br\" \/>NA\u010cIN PRIMJENE: Oko povr\u0161ine koja se \u0161titi na udaljenosti 4-6 m od usjeva treba postaviti \u0161tapove\/kol\u010di\u0107e visine do 0,5 m na razmak od 7-10 m. Na \u0161tapove postaviti pamu\u010dne krpice, spu\u017evaste materijale, vunu ili male bo\u010dice ispunjene vatom.<br class=\"html-br\" \/><br class=\"html-br\" \/>Drugi na\u010din pripreme materijala za sredstvo za odbijanje je sljede\u0107i: \u0161tapove\/kol\u010di\u0107e postaviti ne\u0161to rje\u0111e, na svakih 20-ak metara, te ih povezati \u0161pagom. \u0160paga treba biti na visini od 0,5 m. Pamu\u010dne krpice, spu\u017evaste materijale, vunu ili male bo\u010dice ispunjene vatom pri\u010dvrstiti na \u0161pagu, u razmaku od 7-10 m.<br class=\"html-br\" \/><br class=\"html-br\" \/>Chemisol sredstva za odbijanje za divlje svinje nakapati na pripremljene materijale na \u0161tapovima ili \u0161pagi, a postupak ponoviti svakih 7-10 dana ovisno o vremenskim uvjetima. Sredstvo za odbijanje je dovoljno primijeniti samo na rubnom podru\u010dju branjene povr\u0161ine.<br class=\"html-br\" \/><br class=\"html-br\" \/>Sredstvo za odbijanje ne izlijevati po zemlji!<br class=\"html-br\" \/><br class=\"html-br\" \/>Potro\u0161nja sredstva za odbijanje je otprilike 1 L na 200 du\u017enih metara.<br class=\"html-br\" \/><br class=\"html-br\" \/><span class=\"x3nfvp2 x1j61x8r x1fcty0u xdj266r xhhsvwb xat24cr xgzva0m xxymvpz xlup9mm x1kky2od\"><img loading=\"lazy\" decoding=\"async\" class=\"xz74otr\" src=\"https:\/\/static.xx.fbcdn.net\/images\/emoji.php\/v9\/t22\/1\/16\/260e.png\" alt=\"\u260e\ufe0f\" width=\"16\" height=\"16\" \/><\/span>\u00a0Za vi\u0161e informacija nam pi\u0161ite ili nas pozovite na 061 221 470<br class=\"html-br\" \/><br class=\"html-br\" \/><span class=\"x3nfvp2 x1j61x8r x1fcty0u xdj266r xhhsvwb xat24cr xgzva0m xxymvpz xlup9mm x1kky2od\"><img loading=\"lazy\" decoding=\"async\" class=\"xz74otr\" src=\"https:\/\/static.xx.fbcdn.net\/images\/emoji.php\/v9\/t16\/1\/16\/1f69a.png\" alt=\"\ud83d\ude9a\" width=\"16\" height=\"16\" \/><\/span>\u00a0Tro\u0161ak dostave brzom po\u0161tom je 8,00 KM<\/p>\n","protected":false},"excerpt":{"rendered":"<p><span class=\"x3nfvp2 x1j61x8r x1fcty0u xdj266r xhhsvwb xat24cr xgzva0m xxymvpz xlup9mm x1kky2od\"><img loading=\"lazy\" decoding=\"async\" class=\"xz74otr\" src=\"https:\/\/static.xx.fbcdn.net\/images\/emoji.php\/v9\/t6f\/1\/16\/1f6ab.png\" alt=\"\ud83d\udeab\" width=\"16\" height=\"16\" \/><\/span><span class=\"x3nfvp2 x1j61x8r x1fcty0u xdj266r xhhsvwb xat24cr xgzva0m xxymvpz xlup9mm x1kky2od\"><img loading=\"lazy\" decoding=\"async\" class=\"xz74otr\" src=\"https:\/\/static.xx.fbcdn.net\/images\/emoji.php\/v9\/t72\/1\/16\/1f417.png\" alt=\"\ud83d\udc17\" width=\"16\" height=\"16\" \/><\/span>\u00a0Chemisol sredstvo za odbijanje za divlje svinje je sredstvo koje svojim karakteristi\u010dnim neugodnim mirisom odbija divlje svinje od branjenih povr\u0161ina (usjeva, oranica, vo\u0107njaka, \u0161uma itd.). Namijenjen je za odbijanje divljih svinja u poljoprivredi, \u0161umarstvu, lovstvu, vo\u0107arstvu i sli\u010dnim djelatnostima.<br class=\"html-br\" \/><br class=\"html-br\" \/><span class=\"x3nfvp2 x1j61x8r x1fcty0u xdj266r xhhsvwb xat24cr xgzva0m xxymvpz xlup9mm x1kky2od\"><img loading=\"lazy\" decoding=\"async\" class=\"xz74otr\" src=\"https:\/\/static.xx.fbcdn.net\/images\/emoji.php\/v9\/tc1\/1\/16\/1f4a6.png\" alt=\"\ud83d\udca6\" width=\"16\" height=\"16\" \/><\/span>\u00a0Proizvod na tr\u017ei\u0161te dolazi u obliku teku\u0107ine spremne za upotrebu.<\/p>\n<a href=\"https:\/\/www.behardoo.ba\/index.php\/product\/chemisol-ha-1l-protiv-divljih-svinja\/\" class=\"btn frontech-btn\"><span><\/span>Detalji<\/a>","protected":false},"featured_media":473,"template":"","meta":[],"product_brand":[],"product_cat":[351,120,352],"product_tag":[323,175,186,27,679,226,462,343,286,285,903,396,388,861,310,425,235,158,868,869,864,866,871,319,441,200,98,251,863,224,359,878,393,395,314,399,872,401,570,772,54,678,400,275,215,546,48,272,426,867,865,870,394,123,94],"class_list":{"0":"post-472","1":"product","2":"type-product","3":"status-publish","4":"has-post-thumbnail","6":"product_cat-deratizacija","7":"product_cat-ostali-proizvodi","8":"product_cat-zastita_bilja","9":"product_tag-323","10":"product_tag-1l","11":"product_tag-agrar","12":"product_tag-agro","13":"product_tag-apoteka","14":"product_tag-behar","15":"product_tag-behardoo","16":"product_tag-bih","17":"product_tag-bosna","18":"product_tag-bosnia","19":"product_tag-cemisol","20":"product_tag-chem","21":"product_tag-chemical","22":"product_tag-chemisol","23":"product_tag-d-o-o","24":"product_tag-ddd","25":"product_tag-deratizacija","26":"product_tag-dezinfekcija","27":"product_tag-divljac","28":"product_tag-divljaci","29":"product_tag-divlje","30":"product_tag-divljih","31":"product_tag-divlju","32":"product_tag-doo","33":"product_tag-dostava","34":"product_tag-farm","35":"product_tag-farma","36":"product_tag-farmer","37":"product_tag-ha","38":"product_tag-hemija","39":"product_tag-hercegovina","40":"product_tag-kemisol","41":"product_tag-kupi","42":"product_tag-maloprodaja","43":"product_tag-ml","44":"product_tag-naruci","45":"product_tag-odvijac","46":"product_tag-online","47":"product_tag-poljo","48":"product_tag-poljoapoteka","49":"product_tag-poljoprivreda","50":"product_tag-poljoprivredna","51":"product_tag-poruci","52":"product_tag-povrce","53":"product_tag-prskanje","54":"product_tag-rastjerivac","55":"product_tag-repelent","56":"product_tag-sarajevo","57":"product_tag-shop","58":"product_tag-svinja","59":"product_tag-svinje","60":"product_tag-svinju","61":"product_tag-veleprodaja","62":"product_tag-voce","63":"product_tag-zastita","65":"first","66":"instock","67":"shipping-taxable","68":"product-type-external"},"jetpack_sharing_enabled":true,"_links":{"self":[{"href":"https:\/\/www.behardoo.ba\/index.php\/wp-json\/wp\/v2\/product\/472","targetHints":{"allow":["GET"]}}],"collection":[{"href":"https:\/\/www.behardoo.ba\/index.php\/wp-json\/wp\/v2\/product"}],"about":[{"href":"https:\/\/www.behardoo.ba\/index.php\/wp-json\/wp\/v2\/types\/product"}],"wp:featuredmedia":[{"embeddable":true,"href":"https:\/\/www.behardoo.ba\/index.php\/wp-json\/wp\/v2\/media\/473"}],"wp:attachment":[{"href":"https:\/\/www.behardoo.ba\/index.php\/wp-json\/wp\/v2\/media?parent=472"}],"wp:term":[{"taxonomy":"product_brand","embeddable":true,"href":"https:\/\/www.behardoo.ba\/index.php\/wp-json\/wp\/v2\/product_brand?post=472"},{"taxonomy":"product_cat","embeddable":true,"href":"https:\/\/www.behardoo.ba\/index.php\/wp-json\/wp\/v2\/product_cat?post=472"},{"taxonomy":"product_tag","embeddable":true,"href":"https:\/\/www.behardoo.ba\/index.php\/wp-json\/wp\/v2\/product_tag?post=472"}],"curies":[{"name":"wp","href":"https:\/\/api.w.org\/{rel}","templated":true}]}}