{"id":475,"date":"2024-05-20T18:33:03","date_gmt":"2024-05-20T16:33:03","guid":{"rendered":"https:\/\/www.behardoo.ba\/?post_type=product&#038;p=475"},"modified":"2026-04-30T20:24:03","modified_gmt":"2026-04-30T18:24:03","slug":"bros-parafinski-blokovi-protiv-miseva-i-stakora-100g","status":"publish","type":"product","link":"https:\/\/www.behardoo.ba\/index.php\/product\/bros-parafinski-blokovi-protiv-miseva-i-stakora-100g\/","title":{"rendered":"BROS parafinski blokovi protiv mi\u0161eva i \u0161takora 100g"},"content":{"rendered":"<p><strong>Opis:<\/strong><\/p>\n<p>Parafinski blok za ubijanje mi\u0161eva i \u0161takora u zatvorenim prostorijama i izvan objekata. Sadr\u017ei mamac atraktant i djeluje ve\u0107 nakon prve upotrebe. Proizvod sadr\u017ei tvar koja spre\u010dava ljude i ku\u0107ne ljubimce da slu\u010dajno progutaju otvor. U jednom pakopvanju se nalazi 10 blokova po 10g.<\/p>\n<p><strong>Upotreba:<\/strong><\/p>\n<p>Postaviti na mjesta na kojima se pojavljuju glodavci blizu njihovih rupa, mjesta hranjenja i putova. Ku\u0107ni mi\u0161: 50 gr svakih 5-10 m, sme\u0111i \u0161takor 100 gr svakih 5-10 m. Nadomjestite pojedeni mamac svakih 2-3 dana .<\/p>\n<p><strong>Sastav:<\/strong><\/p>\n<p>Bromadilon 0,005%<\/p>\n<p>Za sve informacije nam pi\u0161ite ili nas pozovite na <strong>+387 61 221 470<\/strong><\/p>\n","protected":false},"excerpt":{"rendered":"<p><strong>Opis:<\/strong><\/p>\n<p>Parafinski blok za ubijanje mi\u0161eva i \u0161takora u zatvorenim prostorijama i izvan objekata. Sadr\u017ei mamac atraktant i djeluje ve\u0107 nakon prve upotrebe. Proizvod sadr\u017ei tvar koja spre\u010dava ljude i ku\u0107ne ljubimce da slu\u010dajno progutaju otvor. U jednom pakopvanju se nalazi 10 blokova po 10g.<\/p>\n<a href=\"https:\/\/www.behardoo.ba\/index.php\/product\/bros-parafinski-blokovi-protiv-miseva-i-stakora-100g\/\" class=\"btn frontech-btn\"><span><\/span>Detalji<\/a>","protected":false},"featured_media":476,"template":"","meta":[],"product_brand":[],"product_cat":[351,58],"product_tag":[876,186,27,679,226,462,877,343,62,873,286,285,74,827,545,396,388,310,425,235,319,441,200,98,251,224,359,393,464,395,66,517,67,874,399,401,61,570,851,772,54,678,400,275,539,272,426,520,690,301,875,394,94],"class_list":{"0":"post-475","1":"product","2":"type-product","3":"status-publish","4":"has-post-thumbnail","6":"product_cat-deratizacija","7":"product_cat-rodenticidi","8":"product_tag-876","9":"product_tag-agrar","10":"product_tag-agro","11":"product_tag-apoteka","12":"product_tag-behar","13":"product_tag-behardoo","14":"product_tag-bh","15":"product_tag-bih","16":"product_tag-blok","17":"product_tag-blokovi","18":"product_tag-bosna","19":"product_tag-bosnia","20":"product_tag-bromadilon","21":"product_tag-bromadiolon","22":"product_tag-bros","23":"product_tag-chem","24":"product_tag-chemical","25":"product_tag-d-o-o","26":"product_tag-ddd","27":"product_tag-deratizacija","28":"product_tag-doo","29":"product_tag-dostava","30":"product_tag-farm","31":"product_tag-farma","32":"product_tag-farmer","33":"product_tag-hemija","34":"product_tag-hercegovina","35":"product_tag-kupi","36":"product_tag-kupovina","37":"product_tag-maloprodaja","38":"product_tag-mis","39":"product_tag-miseva","40":"product_tag-misevi","41":"product_tag-misi","42":"product_tag-naruci","43":"product_tag-online","44":"product_tag-parafinski","45":"product_tag-poljo","46":"product_tag-poljo-apoteka","47":"product_tag-poljoapoteka","48":"product_tag-poljoprivreda","49":"product_tag-poljoprivredna","50":"product_tag-poruci","51":"product_tag-povrce","52":"product_tag-protiv","53":"product_tag-sarajevo","54":"product_tag-shop","55":"product_tag-stakor","56":"product_tag-stakora","57":"product_tag-stakori","58":"product_tag-stakoru","59":"product_tag-veleprodaja","60":"product_tag-zastita","62":"first","63":"instock","64":"shipping-taxable","65":"product-type-external"},"jetpack_sharing_enabled":true,"_links":{"self":[{"href":"https:\/\/www.behardoo.ba\/index.php\/wp-json\/wp\/v2\/product\/475","targetHints":{"allow":["GET"]}}],"collection":[{"href":"https:\/\/www.behardoo.ba\/index.php\/wp-json\/wp\/v2\/product"}],"about":[{"href":"https:\/\/www.behardoo.ba\/index.php\/wp-json\/wp\/v2\/types\/product"}],"wp:featuredmedia":[{"embeddable":true,"href":"https:\/\/www.behardoo.ba\/index.php\/wp-json\/wp\/v2\/media\/476"}],"wp:attachment":[{"href":"https:\/\/www.behardoo.ba\/index.php\/wp-json\/wp\/v2\/media?parent=475"}],"wp:term":[{"taxonomy":"product_brand","embeddable":true,"href":"https:\/\/www.behardoo.ba\/index.php\/wp-json\/wp\/v2\/product_brand?post=475"},{"taxonomy":"product_cat","embeddable":true,"href":"https:\/\/www.behardoo.ba\/index.php\/wp-json\/wp\/v2\/product_cat?post=475"},{"taxonomy":"product_tag","embeddable":true,"href":"https:\/\/www.behardoo.ba\/index.php\/wp-json\/wp\/v2\/product_tag?post=475"}],"curies":[{"name":"wp","href":"https:\/\/api.w.org\/{rel}","templated":true}]}}