{"id":481,"date":"2024-06-14T10:46:04","date_gmt":"2024-06-14T08:46:04","guid":{"rendered":"https:\/\/www.behardoo.ba\/?post_type=product&#038;p=481"},"modified":"2024-06-14T10:46:20","modified_gmt":"2024-06-14T08:46:20","slug":"signum-500g","status":"publish","type":"product","link":"https:\/\/www.behardoo.ba\/index.php\/product\/signum-500g\/","title":{"rendered":"Signum 500g"},"content":{"rendered":"<div class=\"kvgmc6g5 cxmmr5t8 oygrvhab hcukyx3x c1et5uql ii04i59q\">\n<h2 dir=\"auto\"><span style=\"color: #3366ff;\">SIGNUM<\/span> 500g<\/h2>\n<div dir=\"auto\"><\/div>\n<\/div>\n<div class=\"cxmmr5t8 oygrvhab hcukyx3x c1et5uql o9v6fnle ii04i59q\">\n<div dir=\"auto\"><strong>Kombinirani preventivni fungicid za suzbijanje biljnih bolesti.<\/strong><\/div>\n<\/div>\n<div class=\"cxmmr5t8 oygrvhab hcukyx3x c1et5uql o9v6fnle ii04i59q\">\n<div dir=\"auto\"><strong>Oblik formulacije:<\/strong> vododispergiraju\u0107e granule (WG).<\/div>\n<div dir=\"auto\"><\/div>\n<\/div>\n<div class=\"cxmmr5t8 oygrvhab hcukyx3x c1et5uql o9v6fnle ii04i59q\">\n<h3 dir=\"auto\"><strong>PRIMJENA:<\/strong><\/h3>\n<div dir=\"auto\"><\/div>\n<\/div>\n<div class=\"cxmmr5t8 oygrvhab hcukyx3x c1et5uql o9v6fnle ii04i59q\">\n<div dir=\"auto\"><span class=\"pq6dq46d tbxw36s4 knj5qynh kvgmc6g5 ditlmg2l oygrvhab nvdbi5me sf5mxxl7 gl3lb2sf hhz5lgdu\"><img loading=\"lazy\" decoding=\"async\" src=\"https:\/\/static.xx.fbcdn.net\/images\/emoji.php\/v9\/tb0\/1\/16\/1f954.png\" alt=\"\ud83e\udd54\" width=\"16\" height=\"16\" \/><\/span> Krompir \u2013 za suzbijanje crne pjegavosti (Alternaria solani), koli\u010dina primjene \u043ed 0,25 kg\/h\u0430 (7,5 g na 10 l vode); na po\u010detku infekcije, a drugo tretiranje 2-3 nedjelje poslije prvog tretiranja.<\/div>\n<div dir=\"auto\"><\/div>\n<\/div>\n<div class=\"cxmmr5t8 oygrvhab hcukyx3x c1et5uql o9v6fnle ii04i59q\">\n<div dir=\"auto\"><span class=\"pq6dq46d tbxw36s4 knj5qynh kvgmc6g5 ditlmg2l oygrvhab nvdbi5me sf5mxxl7 gl3lb2sf hhz5lgdu\"><img loading=\"lazy\" decoding=\"async\" src=\"https:\/\/static.xx.fbcdn.net\/images\/emoji.php\/v9\/tc\/1\/16\/1f345.png\" alt=\"\ud83c\udf45\" width=\"16\" height=\"16\" \/><\/span> Paradajz \u2013 za suzbijanje crne pjegavosti (Alternaria solani), koli\u010dina primjene \u043ed 0,4 kg\/ha (10 g na 10 l vode), plesnivosti lista paradjza (Fulvia fulva), koli\u010dina primjene 0,7 kg\/ha (18-20 g na 10 l vode); prvi tretman na po\u010detku infekcije, \u0430 drugi i tre\u0107i 7-10 dana poslije prvog, odnosno drugog tretiranja<\/div>\n<div dir=\"auto\"><\/div>\n<\/div>\n<div class=\"cxmmr5t8 oygrvhab hcukyx3x c1et5uql o9v6fnle ii04i59q\">\n<div dir=\"auto\"><span class=\"pq6dq46d tbxw36s4 knj5qynh kvgmc6g5 ditlmg2l oygrvhab nvdbi5me sf5mxxl7 gl3lb2sf hhz5lgdu\"><img loading=\"lazy\" decoding=\"async\" src=\"https:\/\/static.xx.fbcdn.net\/images\/emoji.php\/v9\/ta7\/1\/16\/1f351.png\" alt=\"\ud83c\udf51\" width=\"16\" height=\"16\" \/><\/span> Breskva \u2013 za suzbijanje su\u0161enja cvijetova, rodnih gran\u010dica i mrke trule\u017ei plodova (Monilinia laxa i Monilinia fructigena),koli\u010dina primjene 0,056-0,075% (5,60-7,5 g\/10 l vode); od pojave cvetnog balona do punog cvjetanja i\/ili tokom zrenja plodova.<\/div>\n<div dir=\"auto\"><\/div>\n<\/div>\n<div class=\"cxmmr5t8 oygrvhab hcukyx3x c1et5uql o9v6fnle ii04i59q\">\n<div dir=\"auto\"><span class=\"pq6dq46d tbxw36s4 knj5qynh kvgmc6g5 ditlmg2l oygrvhab nvdbi5me sf5mxxl7 gl3lb2sf hhz5lgdu\"><img loading=\"lazy\" decoding=\"async\" src=\"https:\/\/static.xx.fbcdn.net\/images\/emoji.php\/v9\/t28\/1\/16\/1f352.png\" alt=\"\ud83c\udf52\" width=\"16\" height=\"16\" \/><\/span> Vi\u0161nja \u2013 za suzbijanje su\u0161enja cvjetova, rodnih gran\u010dica i mrke trule\u017ei plodova (Monilinia laxa) u koli\u010dini 0,56-0,75 kg\/ha (5,6-7,5 g na 10 l vode); po\u010detak cvjetanja (10% cvetova otvoreno), dok je drugo tretiranje u fazi precvjetavanja (cvjetovi se sme\u017euravaju, a ve\u0107ina cvjetova je opala).<\/div>\n<div dir=\"auto\"><\/div>\n<\/div>\n<div class=\"cxmmr5t8 oygrvhab hcukyx3x c1et5uql o9v6fnle ii04i59q\">\n<div dir=\"auto\"><span class=\"pq6dq46d tbxw36s4 knj5qynh kvgmc6g5 ditlmg2l oygrvhab nvdbi5me sf5mxxl7 gl3lb2sf hhz5lgdu\"><img loading=\"lazy\" decoding=\"async\" src=\"https:\/\/static.xx.fbcdn.net\/images\/emoji.php\/v9\/tc3\/1\/16\/1f9c5.png\" alt=\"\ud83e\uddc5\" width=\"16\" height=\"16\" \/><\/span> Luk \u2013 za suzbijanje plamenja\u010de (Peronospora destructor), koli\u010dina primjene 0,7-1 kg\/h\u0430 (18-25g na 10 l vode); i sive trule\u017ei (Botrytis cinerea), koli\u010dina primjene od 1 kg\/h\u0430 (25 g na 10 l vode)<\/div>\n<div dir=\"auto\"><\/div>\n<\/div>\n<div class=\"cxmmr5t8 oygrvhab hcukyx3x c1et5uql o9v6fnle ii04i59q\">\n<div dir=\"auto\"><span class=\"pq6dq46d tbxw36s4 knj5qynh kvgmc6g5 ditlmg2l oygrvhab nvdbi5me sf5mxxl7 gl3lb2sf hhz5lgdu\"><img loading=\"lazy\" decoding=\"async\" src=\"https:\/\/static.xx.fbcdn.net\/images\/emoji.php\/v9\/tee\/1\/16\/1f336.png\" alt=\"\ud83c\udf36\ufe0f\" width=\"16\" height=\"16\" \/><\/span> Paprika \u2013 z\u0430 suzbijanje sive trule\u017ei (Botrytis cinerea), koli\u010dina primjene 1 kg\/ha (25 g na 10 l vode);prvi tretman na po\u010detku infekcije,drugo i tre\u0107e 7-10 dana nakon prvog tj drugog<\/div>\n<div dir=\"auto\"><\/div>\n<\/div>\n<div class=\"cxmmr5t8 oygrvhab hcukyx3x c1et5uql o9v6fnle ii04i59q\">\n<div dir=\"auto\"><span class=\"pq6dq46d tbxw36s4 knj5qynh kvgmc6g5 ditlmg2l oygrvhab nvdbi5me sf5mxxl7 gl3lb2sf hhz5lgdu\"><img loading=\"lazy\" decoding=\"async\" src=\"https:\/\/static.xx.fbcdn.net\/images\/emoji.php\/v9\/tfe\/1\/16\/1f96c.png\" alt=\"\ud83e\udd6c\" width=\"16\" height=\"16\" \/><\/span> Salata \u2013 za suzbijanje sive trule\u017ei (Botrytis cinerea), plamenja\u010de (Bremia lactuca), (Sclerotinia sclerotiorum), (Rhizoctonia solani), koli\u010dina primjene od 1,5 kg\/ha (15 g na 10 l vode)<\/div>\n<div dir=\"auto\"><\/div>\n<\/div>\n<div class=\"cxmmr5t8 oygrvhab hcukyx3x c1et5uql o9v6fnle ii04i59q\">\n<div dir=\"auto\"><span class=\"pq6dq46d tbxw36s4 knj5qynh kvgmc6g5 ditlmg2l oygrvhab nvdbi5me sf5mxxl7 gl3lb2sf hhz5lgdu\"><img loading=\"lazy\" decoding=\"async\" src=\"https:\/\/static.xx.fbcdn.net\/images\/emoji.php\/v9\/ta9\/1\/16\/1f353.png\" alt=\"\ud83c\udf53\" width=\"16\" height=\"16\" \/><\/span> Jagoda, malina \u2013 z\u0430 suzbijanje sive trule\u017ei (Botrytis cinerea), koli\u010dina primjene od 1,5 kg\/ha (15 g\/10 l vode); tokom cvjetanja, precvjetavanja do 7 dana pred berbu plodova<\/div>\n<div dir=\"auto\"><\/div>\n<\/div>\n<div class=\"cxmmr5t8 oygrvhab hcukyx3x c1et5uql o9v6fnle ii04i59q\">\n<p dir=\"auto\"><strong>KARENCA:<\/strong><\/p>\n<p>Vi\u0161nja, krompir, paradajza, paprika, luk i salata: 14 dana<br \/>\nBreskva, jagoda i malina: 7 dana.<\/p>\n<\/div>\n<div class=\"cxmmr5t8 oygrvhab hcukyx3x c1et5uql o9v6fnle ii04i59q\">\n<div dir=\"auto\"><\/div>\n<\/div>\n<div class=\"cxmmr5t8 oygrvhab hcukyx3x c1et5uql o9v6fnle ii04i59q\">\n<div dir=\"auto\"><span class=\"pq6dq46d tbxw36s4 knj5qynh kvgmc6g5 ditlmg2l oygrvhab nvdbi5me sf5mxxl7 gl3lb2sf hhz5lgdu\"><img loading=\"lazy\" decoding=\"async\" src=\"https:\/\/static.xx.fbcdn.net\/images\/emoji.php\/v9\/t16\/1\/16\/1f69a.png\" alt=\"\ud83d\ude9a\" width=\"16\" height=\"16\" \/><\/span> Tro\u0161ak dostave brzom po\u0161tom je 8,00 KM<\/div>\n<\/div>\n<div class=\"cxmmr5t8 oygrvhab hcukyx3x c1et5uql o9v6fnle ii04i59q\">\n<div dir=\"auto\"><span class=\"pq6dq46d tbxw36s4 knj5qynh kvgmc6g5 ditlmg2l oygrvhab nvdbi5me sf5mxxl7 gl3lb2sf hhz5lgdu\"><img loading=\"lazy\" decoding=\"async\" src=\"https:\/\/static.xx.fbcdn.net\/images\/emoji.php\/v9\/t22\/1\/16\/260e.png\" alt=\"\u260e\ufe0f\" width=\"16\" height=\"16\" \/><\/span> Za sve informacije nam pi\u0161ite u inbox ili nas pozovite na +387 61 221 470<\/div>\n<\/div>\n","protected":false},"excerpt":{"rendered":"<div class=\"kvgmc6g5 cxmmr5t8 oygrvhab hcukyx3x c1et5uql ii04i59q\">\n<h2 dir=\"auto\"><span style=\"color: #3366ff;\">SIGNUM<\/span> 500g<\/h2>\n<div dir=\"auto\"><\/div>\n<\/div>\n<div class=\"cxmmr5t8 oygrvhab hcukyx3x c1et5uql o9v6fnle ii04i59q\">\n<div dir=\"auto\"><strong>Kombinirani preventivni fungicid za suzbijanje biljnih bolesti.<\/strong><\/div>\n<\/div>\n<div class=\"cxmmr5t8 oygrvhab hcukyx3x c1et5uql o9v6fnle ii04i59q\">\n<div dir=\"auto\"><strong>Oblik formulacije:<\/strong> vododispergiraju\u0107e granule (WG).<\/div>\n<div dir=\"auto\"><\/div>\n<\/div>\n<a href=\"https:\/\/www.behardoo.ba\/index.php\/product\/signum-500g\/\" class=\"btn frontech-btn\"><span><\/span>Detalji<\/a>","protected":false},"featured_media":483,"template":"","meta":[],"product_brand":[],"product_cat":[201,352],"product_tag":[186,27,463,212,897,896,679,377,226,462,343,286,285,899,900,396,388,895,310,319,441,200,98,251,205,206,224,218,359,135,393,395,894,898,399,401,209,570,772,54,678,400,275,215,272,426,376,344,394,123,94],"class_list":{"0":"post-481","1":"product","2":"type-product","3":"status-publish","4":"has-post-thumbnail","6":"product_cat-fungicidi","7":"product_cat-zastita_bilja","8":"product_tag-agrar","9":"product_tag-agro","10":"product_tag-agronom","11":"product_tag-agronomija","12":"product_tag-alternaria","13":"product_tag-alternarija","14":"product_tag-apoteka","15":"product_tag-basf","16":"product_tag-behar","17":"product_tag-behardoo","18":"product_tag-bih","19":"product_tag-bosna","20":"product_tag-bosnia","21":"product_tag-bremia","22":"product_tag-bremija","23":"product_tag-chem","24":"product_tag-chemical","25":"product_tag-cinera","26":"product_tag-d-o-o","27":"product_tag-doo","28":"product_tag-dostava","29":"product_tag-farm","30":"product_tag-farma","31":"product_tag-farmer","32":"product_tag-fungicid","33":"product_tag-fungicidi","34":"product_tag-hemija","35":"product_tag-herbicid","36":"product_tag-hercegovina","37":"product_tag-insekti","38":"product_tag-kupi","39":"product_tag-maloprodaja","40":"product_tag-monilija","41":"product_tag-monilinia","42":"product_tag-naruci","43":"product_tag-online","44":"product_tag-plemenjaca","45":"product_tag-poljo","46":"product_tag-poljoapoteka","47":"product_tag-poljoprivreda","48":"product_tag-poljoprivredna","49":"product_tag-poruci","50":"product_tag-povrce","51":"product_tag-prskanje","52":"product_tag-sarajevo","53":"product_tag-shop","54":"product_tag-signum","55":"product_tag-sredstvo","56":"product_tag-veleprodaja","57":"product_tag-voce","58":"product_tag-zastita","60":"first","61":"instock","62":"shipping-taxable","63":"product-type-external"},"jetpack_sharing_enabled":true,"_links":{"self":[{"href":"https:\/\/www.behardoo.ba\/index.php\/wp-json\/wp\/v2\/product\/481","targetHints":{"allow":["GET"]}}],"collection":[{"href":"https:\/\/www.behardoo.ba\/index.php\/wp-json\/wp\/v2\/product"}],"about":[{"href":"https:\/\/www.behardoo.ba\/index.php\/wp-json\/wp\/v2\/types\/product"}],"wp:featuredmedia":[{"embeddable":true,"href":"https:\/\/www.behardoo.ba\/index.php\/wp-json\/wp\/v2\/media\/483"}],"wp:attachment":[{"href":"https:\/\/www.behardoo.ba\/index.php\/wp-json\/wp\/v2\/media?parent=481"}],"wp:term":[{"taxonomy":"product_brand","embeddable":true,"href":"https:\/\/www.behardoo.ba\/index.php\/wp-json\/wp\/v2\/product_brand?post=481"},{"taxonomy":"product_cat","embeddable":true,"href":"https:\/\/www.behardoo.ba\/index.php\/wp-json\/wp\/v2\/product_cat?post=481"},{"taxonomy":"product_tag","embeddable":true,"href":"https:\/\/www.behardoo.ba\/index.php\/wp-json\/wp\/v2\/product_tag?post=481"}],"curies":[{"name":"wp","href":"https:\/\/api.w.org\/{rel}","templated":true}]}}