{"id":503,"date":"2024-07-09T11:35:00","date_gmt":"2024-07-09T09:35:00","guid":{"rendered":"https:\/\/www.behardoo.ba\/?post_type=product&#038;p=503"},"modified":"2024-08-28T16:50:46","modified_gmt":"2024-08-28T14:50:46","slug":"pesguard-ct2-6-100ml-protiv-muha","status":"publish","type":"product","link":"https:\/\/www.behardoo.ba\/index.php\/product\/pesguard-ct2-6-100ml-protiv-muha\/","title":{"rendered":"Pesguard CT2.6 100ml protiv muha"},"content":{"rendered":"<p>Pesguard je kontaktni insekticid protiv odraslih muha koji u sebi sadr\u017ei sadr\u017ei feromon trikozen Z-9, sa odli\u010dnom efikasno\u0161\u0107u i dugotrajnim djelovanjem tokom 6-8 sedmica. Usljed sadr\u017eaja feromona on je veoma privla\u010dan za doma\u0107e i stajske muhe (Musca domestica, Musca autumnalis, Stomoxys calcitrans), koje se rado hrane na povr\u0161inama koje se tretiraju.<\/p>\n<p>Za dobro dejstvo, Pestiguard treba da se nanosi na vi\u0161e malih povr\u0161ina, ravnomjerno raspore\u0111enih u prostorijama gdje borave muhe.<\/p>\n<p><strong>Primjena:<\/strong><\/p>\n<p>Pesguard je idealan proizvod za suzbijanje odraslih muha u objektima za \u017eivotinje kao i u drugim objektima gdje se muhe mogu na\u0107i u velikom broju. Pesguard treba selektivno da se nanosi na mjesta gdje muhe mogu da borave: zidovima, stubovima, okvirima prozora itd. Nano\u0161enje treba da se izvr\u0161i odmah nakon prvog pojavljivanja muha.<\/p>\n<p><strong>Premazivanje:<\/strong><\/p>\n<p>Pesguard se veoma lahko nanosi premazivanjem i ovo je prvi izbor kod metoda primjene-nano\u0161enja preparata.<\/p>\n<p>Proizvod treba da se nanosi nerazbla\u017een \u010detkom na \u0161to vi\u0161e manjih povr\u0161ina (kod povr\u0161ine od 200 m\u00b2 oko 60 premaza u pojasu od 10\u00d730 cm) na zidovima, boksevima za hranjenje, vratima, okvirima prozora, cijevima za mlijeko itd., u blizini (ali izvan doma\u0161aja) \u017eivotinja. Najbolje mjesto za postavljanje proizvoda je tamo gdje muhe najvi\u0161e borave. Va\u017eno je obezbjediti nano\u0161enje preparata na \u010distu i neupijaju\u0107u povr\u0161inu.<\/p>\n<p>U \u0161talama gdje nema dovoljno prostora za primjenu, mi preporu\u010dujemo slijede\u0107e rje\u0161enje: objesiti oko 60 lakiranih, blago apsorbuju\u0107ih kartonskih, trakastih isje\u010daka (dimenzija 20\u00d715 cm-A5) u blizini \u017eivotinja (ali van njihovog doma\u0161aja).<\/p>\n<p><strong>Prskanje:<\/strong><\/p>\n<p>Mogu\u0107e je nanositi Pesguard putem prskanja.<\/p>\n<p>Za povr\u0161insko podru\u010dje od 200 m\u00b2 trebalo bi Pestiguard rastvoriti u 1 L vode i nanijeti sa prskalicom, pri niskom pritisku, na vi\u0161e mjesta koja muhe preferiraju za boravak, npr. stubovi, zidovi, ramovi, okviri za prozore, linije za mlijeko itd. u blizini (ali van doma\u0161aja) \u017eivotinja.<\/p>\n<p><strong>Napomene:<\/strong><\/p>\n<p>Pesguard se mo\u017ee nanijeti blizu \u017eivotinja u \u0161talama a nano\u0161enje se mo\u017ee izvr\u0161iti putem premazivanja \u010dak i u slu\u010daju da su \u017eivotinje prisutne u objektu. Ipak, potrebno je osigurati da \u017eivotinje ne mogu da dohvate ili poli\u017eu tretirana mjesta.<\/p>\n<p>Pripremljeni rastvor preparata trebalo bi iskoristiti istog dana, a razbla\u017eeni rastvor ne treba skladi\u0161titi.<\/p>\n<p>Tretman treba ponoviti ukoliko je potrebno.<\/p>\n<p>Mjere opreza za bezbjedno rukovanje: pogledati naljepnicu proizvoda i tabelu bezbjednosnih podataka.<\/p>\n<p><strong>PRIJE UPOTREBE DETALJNO PRO\u010cITATI UPUTSTVO!!!<\/strong><\/p>\n<p>\ud83d\ude9a Tro\u0161ak dostave brzom po\u0161tom je 8,00 KM<\/p>\n<p>\u260e\ufe0f Za sve informacije nam pi\u0161ite ili nas pozovite na 061221470<\/p>\n","protected":false},"excerpt":{"rendered":"<p>Pesguard je kontaktni insekticid protiv odraslih muha koji u sebi sadr\u017ei sadr\u017ei feromon trikozen Z-9, sa odli\u010dnom efikasno\u0161\u0107u i dugotrajnim djelovanjem tokom 6-8 sedmica. Usljed sadr\u017eaja feromona on je veoma privla\u010dan za doma\u0107e i stajske muhe (Musca domestica, Musca autumnalis, Stomoxys calcitrans), koje se rado hrane na povr\u0161inama koje se tretiraju.<\/p>\n<p>Za dobro dejstvo, Pestiguard treba da se nanosi na vi\u0161e malih povr\u0161ina, ravnomjerno raspore\u0111enih u prostorijama gdje borave muhe.<\/p>\n<a href=\"https:\/\/www.behardoo.ba\/index.php\/product\/pesguard-ct2-6-100ml-protiv-muha\/\" class=\"btn frontech-btn\"><span><\/span>Detalji<\/a>","protected":false},"featured_media":504,"template":"","meta":[],"product_brand":[],"product_cat":[351,50],"product_tag":[958,186,27,679,226,462,343,286,285,137,396,388,957,956,310,425,235,319,441,200,98,251,224,359,135,47,230,393,395,314,129,41,959,835,962,963,965,964,399,401,955,570,772,54,678,400,888,893,892,215,476,272,426,394,94,960,961],"class_list":{"0":"post-503","1":"product","2":"type-product","3":"status-publish","4":"has-post-thumbnail","6":"product_cat-deratizacija","7":"product_cat-insekticidi","8":"product_tag-2-6","9":"product_tag-agrar","10":"product_tag-agro","11":"product_tag-apoteka","12":"product_tag-behar","13":"product_tag-behardoo","14":"product_tag-bih","15":"product_tag-bosna","16":"product_tag-bosnia","17":"product_tag-buhe","18":"product_tag-chem","19":"product_tag-chemical","20":"product_tag-ct","21":"product_tag-ct2-6","22":"product_tag-d-o-o","23":"product_tag-ddd","24":"product_tag-deratizacija","25":"product_tag-doo","26":"product_tag-dostava","27":"product_tag-farm","28":"product_tag-farma","29":"product_tag-farmer","30":"product_tag-hemija","31":"product_tag-hercegovina","32":"product_tag-insekti","33":"product_tag-insekticid","34":"product_tag-koncentrat","35":"product_tag-kupi","36":"product_tag-maloprodaja","37":"product_tag-ml","38":"product_tag-muha","39":"product_tag-muhe","40":"product_tag-muhi","41":"product_tag-muhu","42":"product_tag-muva","43":"product_tag-muve","44":"product_tag-muvi","45":"product_tag-muvu","46":"product_tag-naruci","47":"product_tag-online","48":"product_tag-pesguard","49":"product_tag-poljo","50":"product_tag-poljoapoteka","51":"product_tag-poljoprivreda","52":"product_tag-poljoprivredna","53":"product_tag-poruci","54":"product_tag-premaz","55":"product_tag-premazati","56":"product_tag-premazivanje","57":"product_tag-prskanje","58":"product_tag-prskati","59":"product_tag-sarajevo","60":"product_tag-shop","61":"product_tag-veleprodaja","62":"product_tag-zastita","63":"product_tag-zunzara","64":"product_tag-zunzare","66":"first","67":"instock","68":"shipping-taxable","69":"product-type-external"},"jetpack_sharing_enabled":true,"_links":{"self":[{"href":"https:\/\/www.behardoo.ba\/index.php\/wp-json\/wp\/v2\/product\/503","targetHints":{"allow":["GET"]}}],"collection":[{"href":"https:\/\/www.behardoo.ba\/index.php\/wp-json\/wp\/v2\/product"}],"about":[{"href":"https:\/\/www.behardoo.ba\/index.php\/wp-json\/wp\/v2\/types\/product"}],"wp:featuredmedia":[{"embeddable":true,"href":"https:\/\/www.behardoo.ba\/index.php\/wp-json\/wp\/v2\/media\/504"}],"wp:attachment":[{"href":"https:\/\/www.behardoo.ba\/index.php\/wp-json\/wp\/v2\/media?parent=503"}],"wp:term":[{"taxonomy":"product_brand","embeddable":true,"href":"https:\/\/www.behardoo.ba\/index.php\/wp-json\/wp\/v2\/product_brand?post=503"},{"taxonomy":"product_cat","embeddable":true,"href":"https:\/\/www.behardoo.ba\/index.php\/wp-json\/wp\/v2\/product_cat?post=503"},{"taxonomy":"product_tag","embeddable":true,"href":"https:\/\/www.behardoo.ba\/index.php\/wp-json\/wp\/v2\/product_tag?post=503"}],"curies":[{"name":"wp","href":"https:\/\/api.w.org\/{rel}","templated":true}]}}