{"id":505,"date":"2024-07-10T12:05:22","date_gmt":"2024-07-10T10:05:22","guid":{"rendered":"https:\/\/www.behardoo.ba\/?post_type=product&#038;p=505"},"modified":"2024-07-10T12:05:24","modified_gmt":"2024-07-10T10:05:24","slug":"bros-prasak-protiv-muha-i-komaraca","status":"publish","type":"product","link":"https:\/\/www.behardoo.ba\/index.php\/product\/bros-prasak-protiv-muha-i-komaraca\/","title":{"rendered":"BROS Pra\u0161ak protiv muha i komaraca"},"content":{"rendered":"<p><strong>Upotreba:<\/strong><\/p>\n<p>Lete\u0107i insekti: otopiti 25 gr proizvoda u 2,5-5 l vode, muhe \u2013 raspr\u0161iti u blizini prozora i vrata kao i na osun\u010danim mjestima, komarci \u2013 prskati po plafonu i tamnim mjestima. Gmi\u017eu\u0107i insekti: velika rasprostranjenost \u2013 pomje\u0161ati 25 gr u 1,7-2,5 l vode, mala rasprostranjenost \u2013 pomje\u0161ati 25 gr u 3,5-5 l vode. Prskati po podu, povr\u0161inama iza pe\u010di kao i u pukotinama i sl.<\/p>\n<p><strong>Sastav:<\/strong><\/p>\n<p>Cipermetrin 5%, tetrametrin 1%, piperonil butoksid 2%<\/p>\n","protected":false},"excerpt":{"rendered":"<p>Pra\u0161ak rastopiv u vodi za prskanje po velikim povr\u0161inama. Suzbija lete\u0107e insekte muhe, komarce i gmi\u017eu\u0107e insekte \u017eohare, mrave i stjenice na farmama, industrijskim i javnim spremi\u0161tima kao i stambenim prostorima.<\/p>\n<a href=\"https:\/\/www.behardoo.ba\/index.php\/product\/bros-prasak-protiv-muha-i-komaraca\/\" class=\"btn frontech-btn\"><span><\/span>Detalji<\/a>","protected":false},"featured_media":506,"template":"","meta":[],"product_brand":[],"product_cat":[351,50],"product_tag":[186,27,679,226,462,343,286,285,545,396,388,310,425,235,319,441,200,98,251,968,971,224,359,135,47,636,635,467,967,393,395,889,972,969,970,129,41,835,399,401,570,772,54,678,400,134,966,888,893,539,215,272,426,394,94],"class_list":{"0":"post-505","1":"product","2":"type-product","3":"status-publish","4":"has-post-thumbnail","6":"product_cat-deratizacija","7":"product_cat-insekticidi","8":"product_tag-agrar","9":"product_tag-agro","10":"product_tag-apoteka","11":"product_tag-behar","12":"product_tag-behardoo","13":"product_tag-bih","14":"product_tag-bosna","15":"product_tag-bosnia","16":"product_tag-bros","17":"product_tag-chem","18":"product_tag-chemical","19":"product_tag-d-o-o","20":"product_tag-ddd","21":"product_tag-deratizacija","22":"product_tag-doo","23":"product_tag-dostava","24":"product_tag-farm","25":"product_tag-farma","26":"product_tag-farmer","27":"product_tag-fly","28":"product_tag-flys","29":"product_tag-hemija","30":"product_tag-hercegovina","31":"product_tag-insekti","32":"product_tag-insekticid","33":"product_tag-komarac","34":"product_tag-komaraca","35":"product_tag-komarci","36":"product_tag-komarcu","37":"product_tag-kupi","38":"product_tag-maloprodaja","39":"product_tag-mazanje","40":"product_tag-mazati","41":"product_tag-mosquito","42":"product_tag-mosquitoes","43":"product_tag-muha","44":"product_tag-muhe","45":"product_tag-muhu","46":"product_tag-naruci","47":"product_tag-online","48":"product_tag-poljo","49":"product_tag-poljoapoteka","50":"product_tag-poljoprivreda","51":"product_tag-poljoprivredna","52":"product_tag-poruci","53":"product_tag-prah","54":"product_tag-prasak","55":"product_tag-premaz","56":"product_tag-premazati","57":"product_tag-protiv","58":"product_tag-prskanje","59":"product_tag-sarajevo","60":"product_tag-shop","61":"product_tag-veleprodaja","62":"product_tag-zastita","64":"first","65":"instock","66":"shipping-taxable","67":"product-type-external"},"jetpack_sharing_enabled":true,"_links":{"self":[{"href":"https:\/\/www.behardoo.ba\/index.php\/wp-json\/wp\/v2\/product\/505","targetHints":{"allow":["GET"]}}],"collection":[{"href":"https:\/\/www.behardoo.ba\/index.php\/wp-json\/wp\/v2\/product"}],"about":[{"href":"https:\/\/www.behardoo.ba\/index.php\/wp-json\/wp\/v2\/types\/product"}],"wp:featuredmedia":[{"embeddable":true,"href":"https:\/\/www.behardoo.ba\/index.php\/wp-json\/wp\/v2\/media\/506"}],"wp:attachment":[{"href":"https:\/\/www.behardoo.ba\/index.php\/wp-json\/wp\/v2\/media?parent=505"}],"wp:term":[{"taxonomy":"product_brand","embeddable":true,"href":"https:\/\/www.behardoo.ba\/index.php\/wp-json\/wp\/v2\/product_brand?post=505"},{"taxonomy":"product_cat","embeddable":true,"href":"https:\/\/www.behardoo.ba\/index.php\/wp-json\/wp\/v2\/product_cat?post=505"},{"taxonomy":"product_tag","embeddable":true,"href":"https:\/\/www.behardoo.ba\/index.php\/wp-json\/wp\/v2\/product_tag?post=505"}],"curies":[{"name":"wp","href":"https:\/\/api.w.org\/{rel}","templated":true}]}}