{"id":521,"date":"2024-09-03T13:01:03","date_gmt":"2024-09-03T11:01:03","guid":{"rendered":"https:\/\/www.behardoo.ba\/?post_type=product&#038;p=521"},"modified":"2024-09-03T13:01:04","modified_gmt":"2024-09-03T11:01:04","slug":"foval-ce-100ml-protiv-muha-i-svih-vrsta-komaraca","status":"publish","type":"product","link":"https:\/\/www.behardoo.ba\/index.php\/product\/foval-ce-100ml-protiv-muha-i-svih-vrsta-komaraca\/","title":{"rendered":"Foval CE 100ml (protiv muha i svih vrsta komaraca)"},"content":{"rendered":"<p>Foval CE je insekticid sa \u017eestokim u\u010dinkom protiv lete\u0107ih insekata (muhe, mu\u0161ice, komarci, tigrasti komarci, itd&#8230;) i gmi\u017eu\u0107ih (mravi, krpelji, uhola\u017ee, itd&#8230;). Najbolji u\u010dinak se posti\u017ee ako se primjeni na staklenim povr\u0161inama.<\/p>\n<p>Posebno je namijenjen za dezinsekciju zajednica, hotela, \u0161kola, skladi\u0161ta, prehrambene industrije, industrijskih alata. Koristi se u borbi protiv komaraca u vegetaciji (travnati tepih, \u017eivica, grmlje, uli\u010dice, sa drvoredima&#8230;) i protiv muha u ruralnim ambijentima, \u0161talama, mjestima prehrane, itd&#8230;<\/p>\n<p><strong>Doziranje i na\u010din upotrebe:<\/strong><\/p>\n<p>Protiv lete\u0107ih insekata koristi se doza 1-2% (10-20 ml na 1 litar vode).<\/p>\n<p>Protiv gmi\u017eu\u0107ih insekata koristi se doza 2-4% (20-40 ml na 1 litar vode).<\/p>\n<p>Rastvoren u vodi promije\u0161a se ru\u010dno ili nebulizatorima.<\/p>\n<p>Protiv gmi\u017eu\u0107ih insekata savjetuje se 1 litra rastvora na 10m2 povr\u0161ine.<\/p>\n<p>Izbjegavati tretman svje\u017ee okre\u010denih prostorija.<\/p>\n<p><strong>Za sve informacije nam pi\u0161ite u inbox ili nas pozovite na +387 61 221 470<\/strong><\/p>\n","protected":false},"excerpt":{"rendered":"<p>Foval CE je insekticid sa \u017eestokim u\u010dinkom protiv lete\u0107ih insekata (muhe, mu\u0161ice, komarci, tigrasti komarci, itd&#8230;) i gmi\u017eu\u0107ih (mravi, krpelji, uhola\u017ee, itd&#8230;). Najbolji u\u010dinak se posti\u017ee ako se primjeni na staklenim povr\u0161inama.<\/p>\n<p>Posebno je namijenjen za dezinsekciju zajednica, hotela, \u0161kola, skladi\u0161ta, prehrambene industrije, industrijskih alata. Koristi se u borbi protiv komaraca u vegetaciji (travnati tepih, \u017eivica, grmlje, uli\u010dice, sa drvoredima&#8230;) i protiv muha u ruralnim ambijentima, \u0161talama, mjestima prehrane, itd&#8230;<\/p>\n<a href=\"https:\/\/www.behardoo.ba\/index.php\/product\/foval-ce-100ml-protiv-muha-i-svih-vrsta-komaraca\/\" class=\"btn frontech-btn\"><span><\/span>Detalji<\/a>","protected":false},"featured_media":522,"template":"","meta":[],"product_brand":[],"product_cat":[351,50],"product_tag":[186,27,679,226,462,343,286,285,396,388,310,425,235,319,441,200,98,251,224,359,135,47,636,635,467,967,230,393,1008,395,314,129,41,959,835,962,963,965,964,399,401,570,772,54,678,400,215,272,426,394],"class_list":{"0":"post-521","1":"product","2":"type-product","3":"status-publish","4":"has-post-thumbnail","6":"product_cat-deratizacija","7":"product_cat-insekticidi","8":"product_tag-agrar","9":"product_tag-agro","10":"product_tag-apoteka","11":"product_tag-behar","12":"product_tag-behardoo","13":"product_tag-bih","14":"product_tag-bosna","15":"product_tag-bosnia","16":"product_tag-chem","17":"product_tag-chemical","18":"product_tag-d-o-o","19":"product_tag-ddd","20":"product_tag-deratizacija","21":"product_tag-doo","22":"product_tag-dostava","23":"product_tag-farm","24":"product_tag-farma","25":"product_tag-farmer","26":"product_tag-hemija","27":"product_tag-hercegovina","28":"product_tag-insekti","29":"product_tag-insekticid","30":"product_tag-komarac","31":"product_tag-komaraca","32":"product_tag-komarci","33":"product_tag-komarcu","34":"product_tag-koncentrat","35":"product_tag-kupi","36":"product_tag-larvicid","37":"product_tag-maloprodaja","38":"product_tag-ml","39":"product_tag-muha","40":"product_tag-muhe","41":"product_tag-muhi","42":"product_tag-muhu","43":"product_tag-muva","44":"product_tag-muve","45":"product_tag-muvi","46":"product_tag-muvu","47":"product_tag-naruci","48":"product_tag-online","49":"product_tag-poljo","50":"product_tag-poljoapoteka","51":"product_tag-poljoprivreda","52":"product_tag-poljoprivredna","53":"product_tag-poruci","54":"product_tag-prskanje","55":"product_tag-sarajevo","56":"product_tag-shop","57":"product_tag-veleprodaja","59":"first","60":"instock","61":"shipping-taxable","62":"product-type-external"},"jetpack_sharing_enabled":true,"_links":{"self":[{"href":"https:\/\/www.behardoo.ba\/index.php\/wp-json\/wp\/v2\/product\/521","targetHints":{"allow":["GET"]}}],"collection":[{"href":"https:\/\/www.behardoo.ba\/index.php\/wp-json\/wp\/v2\/product"}],"about":[{"href":"https:\/\/www.behardoo.ba\/index.php\/wp-json\/wp\/v2\/types\/product"}],"wp:featuredmedia":[{"embeddable":true,"href":"https:\/\/www.behardoo.ba\/index.php\/wp-json\/wp\/v2\/media\/522"}],"wp:attachment":[{"href":"https:\/\/www.behardoo.ba\/index.php\/wp-json\/wp\/v2\/media?parent=521"}],"wp:term":[{"taxonomy":"product_brand","embeddable":true,"href":"https:\/\/www.behardoo.ba\/index.php\/wp-json\/wp\/v2\/product_brand?post=521"},{"taxonomy":"product_cat","embeddable":true,"href":"https:\/\/www.behardoo.ba\/index.php\/wp-json\/wp\/v2\/product_cat?post=521"},{"taxonomy":"product_tag","embeddable":true,"href":"https:\/\/www.behardoo.ba\/index.php\/wp-json\/wp\/v2\/product_tag?post=521"}],"curies":[{"name":"wp","href":"https:\/\/api.w.org\/{rel}","templated":true}]}}