{"id":527,"date":"2024-09-24T10:12:59","date_gmt":"2024-09-24T08:12:59","guid":{"rendered":"https:\/\/www.behardoo.ba\/?post_type=product&#038;p=527"},"modified":"2026-01-27T12:02:04","modified_gmt":"2026-01-27T11:02:04","slug":"zohari-stop-kuglice-protiv-zohara","status":"publish","type":"product","link":"https:\/\/www.behardoo.ba\/index.php\/product\/zohari-stop-kuglice-protiv-zohara\/","title":{"rendered":"\u017dohari STOP &#8211; kuglice protiv \u017eohara"},"content":{"rendered":"<p><strong>\u017dohari STOP !\u00a0<\/strong><\/p>\n<p>Jedan od naju\u010dinkovitijih na\u010dina suzbijanja \u017eohara u svim vrstama prostora i uslova.<\/p>\n<p><strong>*STANOVI:<\/strong> U spava\u0107oj sobi i dnevnom boravku po jedna kuglica u ugao prostorije; U kuhinji i ostavi po jedna kuglica iza \u0161poreta, ma\u0161ine za pranje su\u0111a, u ku\u0107i\u0161te fri\u017eidera, zamrziva\u010da, svakog kuhinjskog elementa po pola kuglice; ostala mjesta kao \u0161to su police u ostavi, slivnici cijevi od grijanja, vodovodne i kanalizacione cijevi, ispod lavaboa, sudopera, mjesta sa o\u0161te\u0107enim kerami\u010dkim plo\u010dicama po pola do jedne kuglice.<\/p>\n<p><strong>*Ugostiteljskim, prehrambeni i mlinsko-pekarskim objektima:<\/strong> po 1-3 kuglice<\/p>\n<p><strong>*Bolnicama, \u0161kolama i obdeni\u0161tima:<\/strong> po 1-2 kuglice (sve zavisi od prisutnosti \u017eohara i procjene ugrozenosti).<\/p>\n<p><strong>DEJSTVO:<\/strong><br \/>\nNakon postavljanja kuglica, insekti ih konzumiraju i ugibaju za maksimalno 7 dana. Aktivna materija u preparatu kod \u017eohara dovodi do nadra\u017eljivosti, paralize i smrti koja nastupa do 2 dana nakon konzumiranja kuglice.<\/p>\n<p>Jedno pakovanje sadr\u017ei 10 kuglica.<\/p>\n<p>\ud83d\ude9a Tro\u0161ak dostave brzom po\u0161tom je 9<strong>,00 KM<\/strong><\/p>\n<p>\u260e\ufe0f Za sve informacije nam pi\u0161ite, ili nas pozovite na: <strong>061 221 470<\/strong><\/p>\n","protected":false},"excerpt":{"rendered":"<p><strong>\u017dohari STOP !\u00a0<\/strong><\/p>\n<p>Jedan od naju\u010dinkovitijih na\u010dina suzbijanja \u017eohara u svim vrstama prostora i uslova.<\/p>\n<p><strong>DEJSTVO:<\/strong><br \/>\nNakon postavljanja kuglica, insekti ih konzumiraju i ugibaju za maksimalno 7 dana. Aktivna materija u preparatu kod \u017eohara dovodi do nadra\u017eljivosti, paralize i smrti koja nastupa do 2 dana nakon konzumiranja kuglice.<\/p>\n<a href=\"https:\/\/www.behardoo.ba\/index.php\/product\/zohari-stop-kuglice-protiv-zohara\/\" class=\"btn frontech-btn\"><span><\/span>Detalji<\/a>","protected":false},"featured_media":529,"template":"","meta":[],"product_brand":[],"product_cat":[351,50],"product_tag":[186,27,679,226,462,343,286,285,745,396,388,1016,1017,310,425,235,319,441,200,98,251,224,359,135,47,1015,393,395,399,401,87,570,772,54,678,400,539,1019,1020,272,426,551,394,94,255,150,83,933,1018],"class_list":{"0":"post-527","1":"product","2":"type-product","3":"status-publish","4":"has-post-thumbnail","6":"product_cat-deratizacija","7":"product_cat-insekticidi","8":"product_tag-agrar","9":"product_tag-agro","10":"product_tag-apoteka","11":"product_tag-behar","12":"product_tag-behardoo","13":"product_tag-bih","14":"product_tag-bosna","15":"product_tag-bosnia","16":"product_tag-bubasvabe","17":"product_tag-chem","18":"product_tag-chemical","19":"product_tag-cockroach","20":"product_tag-cockroaches","21":"product_tag-d-o-o","22":"product_tag-ddd","23":"product_tag-deratizacija","24":"product_tag-doo","25":"product_tag-dostava","26":"product_tag-farm","27":"product_tag-farma","28":"product_tag-farmer","29":"product_tag-hemija","30":"product_tag-hercegovina","31":"product_tag-insekti","32":"product_tag-insekticid","33":"product_tag-kuglice","34":"product_tag-kupi","35":"product_tag-maloprodaja","36":"product_tag-naruci","37":"product_tag-online","38":"product_tag-otrov","39":"product_tag-poljo","40":"product_tag-poljoapoteka","41":"product_tag-poljoprivreda","42":"product_tag-poljoprivredna","43":"product_tag-poruci","44":"product_tag-protiv","45":"product_tag-roach","46":"product_tag-roaches","47":"product_tag-sarajevo","48":"product_tag-shop","49":"product_tag-stop","50":"product_tag-veleprodaja","51":"product_tag-zastita","52":"product_tag-zohara","53":"product_tag-zohare","54":"product_tag-zohari","55":"product_tag-zoharu","56":"product_tag-zute","58":"first","59":"instock","60":"shipping-taxable","61":"product-type-external"},"jetpack_sharing_enabled":true,"_links":{"self":[{"href":"https:\/\/www.behardoo.ba\/index.php\/wp-json\/wp\/v2\/product\/527","targetHints":{"allow":["GET"]}}],"collection":[{"href":"https:\/\/www.behardoo.ba\/index.php\/wp-json\/wp\/v2\/product"}],"about":[{"href":"https:\/\/www.behardoo.ba\/index.php\/wp-json\/wp\/v2\/types\/product"}],"wp:featuredmedia":[{"embeddable":true,"href":"https:\/\/www.behardoo.ba\/index.php\/wp-json\/wp\/v2\/media\/529"}],"wp:attachment":[{"href":"https:\/\/www.behardoo.ba\/index.php\/wp-json\/wp\/v2\/media?parent=527"}],"wp:term":[{"taxonomy":"product_brand","embeddable":true,"href":"https:\/\/www.behardoo.ba\/index.php\/wp-json\/wp\/v2\/product_brand?post=527"},{"taxonomy":"product_cat","embeddable":true,"href":"https:\/\/www.behardoo.ba\/index.php\/wp-json\/wp\/v2\/product_cat?post=527"},{"taxonomy":"product_tag","embeddable":true,"href":"https:\/\/www.behardoo.ba\/index.php\/wp-json\/wp\/v2\/product_tag?post=527"}],"curies":[{"name":"wp","href":"https:\/\/api.w.org\/{rel}","templated":true}]}}