{"id":545,"date":"2024-12-17T12:14:26","date_gmt":"2024-12-17T11:14:26","guid":{"rendered":"https:\/\/www.behardoo.ba\/?post_type=product&#038;p=545"},"modified":"2024-12-17T12:15:57","modified_gmt":"2024-12-17T11:15:57","slug":"bros-rastjerivac-krtica-pasa-i-macaka-450g","status":"publish","type":"product","link":"https:\/\/www.behardoo.ba\/index.php\/product\/bros-rastjerivac-krtica-pasa-i-macaka-450g\/","title":{"rendered":"BROS Rastjeriva\u010d krtica, pasa i ma\u010daka 450g"},"content":{"rendered":"<p>Proizvod u\u010dinkovito \u0161titi vrtove, parkove, dje\u010dija igrali\u0161ta, oku\u010dnice, haostore i poslovne prostore od izmeta pasa i ma\u0161aka. Miris u\u010dinkovito odbija \u017eivotinje, ali nije neugodan niti opasan za ljude.<\/p>\n<p><strong>Upustvo:<\/strong><br \/>\n<strong>Krtice:<\/strong> otkrijte dio tunela i stavite nekoliko ka\u0161ika u njega (5 ka\u0161ika, odnosno 20g), zatim otvor zatvorite kako bi se miris slobodno pro\u0161irio tunelom.<br \/>\n<strong>Psi i ma\u010dke:<\/strong> kako bi za\u0161titili podru\u010dje rasporedite 2 ka\u0161ike (~10g) proizvoda na 1 m2. Na mjestima koja su posebno izlo\u017eenaizmetu ku\u0107nih ljubimaca, mo\u017ee se koristiti i ve\u0107a koli\u010dina sredstva. Ako vremenski uvjeti dozvoljavaju (malo padavina) proizvod ostaje aktivan do 2 mjeseca.<\/p>\n<p><strong>Sastav:\u00a0<\/strong> Undekan-2-on 1,67%, Eukaliptus citriodora ulje, hidrirano, cikli\u010dno (EC ulje (H\/C)) (redefinisano iz sme\u0161e Cis- i Trans- p-metan-3,8-diol (cifriodiol) (0,01g\/100g).<\/p>\n<p><strong>Pakovanje:<\/strong> 350g + 100g GRATIS<\/p>\n<p><strong>Zemlja porijekla:<\/strong> EU<\/p>\n<p>Tro\u0161ak dostave brzom po\u0161tom je 9,00 KM<\/p>\n<p>Za sve informacije nam pi\u0161ite, ili nas pozovite na: <strong>061221470<\/strong><\/p>\n","protected":false},"excerpt":{"rendered":"<p>Proizvod u\u010dinkovito \u0161titi vrtove, parkove, dje\u010dija igrali\u0161ta, oku\u010dnice, haostore i poslovne prostore od izmeta pasa i ma\u0161aka. Miris u\u010dinkovito odbija \u017eivotinje, ali nije neugodan niti opasan za ljude.<\/p>\n<a href=\"https:\/\/www.behardoo.ba\/index.php\/product\/bros-rastjerivac-krtica-pasa-i-macaka-450g\/\" class=\"btn frontech-btn\"><span><\/span>Detalji<\/a>","protected":false},"featured_media":546,"template":"","meta":[],"product_brand":[],"product_cat":[351,120,58],"product_tag":[186,27,679,95,226,462,343,286,285,545,396,388,1038,1037,1039,310,425,235,319,441,200,98,251,359,1032,1040,1041,1042,106,103,675,393,1044,1043,1045,144,1047,1048,1046,395,399,401,1033,1034,570,772,54,678,400,1035,1036,1031,546,48,886,272,426,394,94],"class_list":{"0":"post-545","1":"product","2":"type-product","3":"status-publish","4":"has-post-thumbnail","6":"product_cat-deratizacija","7":"product_cat-ostali-proizvodi","8":"product_cat-rodenticidi","9":"product_tag-agrar","10":"product_tag-agro","11":"product_tag-apoteka","12":"product_tag-basta","13":"product_tag-behar","14":"product_tag-behardoo","15":"product_tag-bih","16":"product_tag-bosna","17":"product_tag-bosnia","18":"product_tag-bros","19":"product_tag-chem","20":"product_tag-chemical","21":"product_tag-cuka","22":"product_tag-cuke","23":"product_tag-cuku","24":"product_tag-d-o-o","25":"product_tag-ddd","26":"product_tag-deratizacija","27":"product_tag-doo","28":"product_tag-dostava","29":"product_tag-farm","30":"product_tag-farma","31":"product_tag-farmer","32":"product_tag-hercegovina","33":"product_tag-karticu","34":"product_tag-ker","35":"product_tag-kerova","36":"product_tag-kerovi","37":"product_tag-krtica","38":"product_tag-krtice","39":"product_tag-krticnjak","40":"product_tag-kupi","41":"product_tag-maca","42":"product_tag-macaka","43":"product_tag-mace","44":"product_tag-macke","45":"product_tag-macki","46":"product_tag-macku","47":"product_tag-macu","48":"product_tag-maloprodaja","49":"product_tag-naruci","50":"product_tag-online","51":"product_tag-pas","52":"product_tag-pasa","53":"product_tag-poljo","54":"product_tag-poljoapoteka","55":"product_tag-poljoprivreda","56":"product_tag-poljoprivredna","57":"product_tag-poruci","58":"product_tag-psa","59":"product_tag-psi","60":"product_tag-rasterivac","61":"product_tag-rastjerivac","62":"product_tag-repelent","63":"product_tag-repellent","64":"product_tag-sarajevo","65":"product_tag-shop","66":"product_tag-veleprodaja","67":"product_tag-zastita","69":"first","70":"instock","71":"shipping-taxable","72":"product-type-external"},"jetpack_sharing_enabled":true,"_links":{"self":[{"href":"https:\/\/www.behardoo.ba\/index.php\/wp-json\/wp\/v2\/product\/545","targetHints":{"allow":["GET"]}}],"collection":[{"href":"https:\/\/www.behardoo.ba\/index.php\/wp-json\/wp\/v2\/product"}],"about":[{"href":"https:\/\/www.behardoo.ba\/index.php\/wp-json\/wp\/v2\/types\/product"}],"wp:featuredmedia":[{"embeddable":true,"href":"https:\/\/www.behardoo.ba\/index.php\/wp-json\/wp\/v2\/media\/546"}],"wp:attachment":[{"href":"https:\/\/www.behardoo.ba\/index.php\/wp-json\/wp\/v2\/media?parent=545"}],"wp:term":[{"taxonomy":"product_brand","embeddable":true,"href":"https:\/\/www.behardoo.ba\/index.php\/wp-json\/wp\/v2\/product_brand?post=545"},{"taxonomy":"product_cat","embeddable":true,"href":"https:\/\/www.behardoo.ba\/index.php\/wp-json\/wp\/v2\/product_cat?post=545"},{"taxonomy":"product_tag","embeddable":true,"href":"https:\/\/www.behardoo.ba\/index.php\/wp-json\/wp\/v2\/product_tag?post=545"}],"curies":[{"name":"wp","href":"https:\/\/api.w.org\/{rel}","templated":true}]}}