{"id":555,"date":"2025-01-30T19:27:25","date_gmt":"2025-01-30T18:27:25","guid":{"rendered":"https:\/\/www.behardoo.ba\/?post_type=product&#038;p=555"},"modified":"2025-01-30T19:27:28","modified_gmt":"2025-01-30T18:27:28","slug":"plocica-protiv-mrava-i-zohara","status":"publish","type":"product","link":"https:\/\/www.behardoo.ba\/index.php\/product\/plocica-protiv-mrava-i-zohara\/","title":{"rendered":"Plo\u010dica protiv mrava i \u017eohara"},"content":{"rendered":"<div><strong>Repelentna plo\u010dica za suzbijanje mrava i \u017eohara<\/strong><\/div>\n<div dir=\"auto\"><\/div>\n<div dir=\"auto\">Plo\u010dica se mo\u017ee koristiti za unutra\u0161nje i vanjske povr\u0161ine. Otporna je na vodu i sunce. Odmah uni\u0161tava koloniju\/gnijezdo mrava i \u017eohara. Nakon postavljanja, plo\u010dica ostaje aktivna 3 mjeseca.<\/div>\n<div dir=\"auto\"><\/div>\n<div dir=\"auto\"><strong>Uputa:<\/strong><\/div>\n<div dir=\"auto\">Izvaditi plo\u010dicu iz pakovanja i postaviti je na mjesto gdje se pojave mravi i \u017eohari ili direktno na gnijezdo. Insekti koji do\u0111u u dodir sa plo\u010dicom prenijeti \u0107e na ostale.<\/div>\n<div dir=\"auto\"><\/div>\n<div dir=\"auto\"><strong>Sastav:<\/strong><\/div>\n<div dir=\"auto\">Permetrin 5%<\/div>\n<div dir=\"auto\"><\/div>\n<div dir=\"auto\"><strong>Proizvod nije toksi\u010dan, ali ga dr\u017eati van dohvata djece.<\/strong><\/div>\n<div dir=\"auto\"><\/div>\n<div dir=\"auto\">\ud83d\ude9a Tro\u0161ak dostave brzom po\u0161tom je 9,00 KM<\/div>\n<div dir=\"auto\"><\/div>\n<div dir=\"auto\">\u260e\ufe0f Za sve informacije nam pi\u0161ite ili nas pozovite na: <strong>061221470<\/strong><\/div>\n","protected":false},"excerpt":{"rendered":"<div><strong>Repelentna plo\u010dica za suzbijanje mrava i \u017eohara<\/strong><\/div>\n<div dir=\"auto\"><\/div>\n<div dir=\"auto\">Plo\u010dica se mo\u017ee koristiti za unutra\u0161nje i vanjske povr\u0161ine. Otporna je na vodu i sunce. Odmah uni\u0161tava koloniju\/gnijezdo mrava i \u017eohara. Nakon postavljanja, plo\u010dica ostaje aktivna 3 mjeseca.<\/div>\n<a href=\"https:\/\/www.behardoo.ba\/index.php\/product\/plocica-protiv-mrava-i-zohara\/\" class=\"btn frontech-btn\"><span><\/span>Detalji<\/a>","protected":false},"featured_media":556,"template":"","meta":[],"product_brand":[],"product_cat":[351,50,120],"product_tag":[186,27,679,95,226,462,343,286,285,545,396,388,310,425,235,319,441,200,98,251,359,1032,393,395,938,136,943,399,401,1059,502,1055,570,772,54,678,400,1031,546,48,886,272,426,1056,1057,1058,394,94,255,83,933],"class_list":{"0":"post-555","1":"product","2":"type-product","3":"status-publish","4":"has-post-thumbnail","6":"product_cat-deratizacija","7":"product_cat-insekticidi","8":"product_cat-ostali-proizvodi","9":"product_tag-agrar","10":"product_tag-agro","11":"product_tag-apoteka","12":"product_tag-basta","13":"product_tag-behar","14":"product_tag-behardoo","15":"product_tag-bih","16":"product_tag-bosna","17":"product_tag-bosnia","18":"product_tag-bros","19":"product_tag-chem","20":"product_tag-chemical","21":"product_tag-d-o-o","22":"product_tag-ddd","23":"product_tag-deratizacija","24":"product_tag-doo","25":"product_tag-dostava","26":"product_tag-farm","27":"product_tag-farma","28":"product_tag-farmer","29":"product_tag-hercegovina","30":"product_tag-karticu","31":"product_tag-kupi","32":"product_tag-maloprodaja","33":"product_tag-mrava","34":"product_tag-mravi","35":"product_tag-mravu","36":"product_tag-naruci","37":"product_tag-online","38":"product_tag-permetrin","39":"product_tag-ploca","40":"product_tag-plocica","41":"product_tag-poljo","42":"product_tag-poljoapoteka","43":"product_tag-poljoprivreda","44":"product_tag-poljoprivredna","45":"product_tag-poruci","46":"product_tag-rasterivac","47":"product_tag-rastjerivac","48":"product_tag-repelent","49":"product_tag-repellent","50":"product_tag-sarajevo","51":"product_tag-shop","52":"product_tag-tacna","53":"product_tag-tacni","54":"product_tag-tacnu","55":"product_tag-veleprodaja","56":"product_tag-zastita","57":"product_tag-zohara","58":"product_tag-zohari","59":"product_tag-zoharu","61":"first","62":"instock","63":"shipping-taxable","64":"product-type-external"},"jetpack_sharing_enabled":true,"_links":{"self":[{"href":"https:\/\/www.behardoo.ba\/index.php\/wp-json\/wp\/v2\/product\/555","targetHints":{"allow":["GET"]}}],"collection":[{"href":"https:\/\/www.behardoo.ba\/index.php\/wp-json\/wp\/v2\/product"}],"about":[{"href":"https:\/\/www.behardoo.ba\/index.php\/wp-json\/wp\/v2\/types\/product"}],"wp:featuredmedia":[{"embeddable":true,"href":"https:\/\/www.behardoo.ba\/index.php\/wp-json\/wp\/v2\/media\/556"}],"wp:attachment":[{"href":"https:\/\/www.behardoo.ba\/index.php\/wp-json\/wp\/v2\/media?parent=555"}],"wp:term":[{"taxonomy":"product_brand","embeddable":true,"href":"https:\/\/www.behardoo.ba\/index.php\/wp-json\/wp\/v2\/product_brand?post=555"},{"taxonomy":"product_cat","embeddable":true,"href":"https:\/\/www.behardoo.ba\/index.php\/wp-json\/wp\/v2\/product_cat?post=555"},{"taxonomy":"product_tag","embeddable":true,"href":"https:\/\/www.behardoo.ba\/index.php\/wp-json\/wp\/v2\/product_tag?post=555"}],"curies":[{"name":"wp","href":"https:\/\/api.w.org\/{rel}","templated":true}]}}