{"id":560,"date":"2025-02-14T11:20:58","date_gmt":"2025-02-14T10:20:58","guid":{"rendered":"https:\/\/www.behardoo.ba\/?post_type=product&#038;p=560"},"modified":"2025-02-14T11:21:00","modified_gmt":"2025-02-14T10:21:00","slug":"kalif-protiv-ptica-za-ptice-750ml","status":"publish","type":"product","link":"https:\/\/www.behardoo.ba\/index.php\/product\/kalif-protiv-ptica-za-ptice-750ml\/","title":{"rendered":"Kalif protiv ptica (za ptice) 750ml"},"content":{"rendered":"<p data-vivaldi-translated=\"\"><strong data-vivaldi-translated=\"\">KALIF<\/strong> djeluje na njihov njuh i udaljava ih od tretiranih povr\u0161ina, prozorskih klupica, tavana, itd. stvaraju\u0107i pravu olfaktornu barijeru: proizvod ima ugodan miris za ljude, ali nepodno\u0161ljiv za golubove.<\/p>\n<p data-vivaldi-translated=\"\"><strong data-vivaldi-translated=\"\">KALIF <\/strong>je dostupan u prakti\u010dnom pakovanju, ve\u0107 razrije\u0111en i spreman za upotrebu: nemasan je, bezopasan i ne ostavlja mrlje.<\/p>\n<p data-vivaldi-translated=\"\"><span data-vivaldi-translated=\"\"><strong data-vivaldi-translated=\"\">SASTAV:<\/strong><br data-vivaldi-translated=\"\" \/>Prirodne biljne tvari<\/span><\/p>\n<p data-vivaldi-translated=\"\"><span data-vivaldi-translated=\"\"><strong data-vivaldi-translated=\"\">FORMULACIJA<\/strong>: teku\u0107ina<\/span><\/p>\n<p data-vivaldi-translated=\"\">Tro\u0161ak dostave brzom po\u0161tom je 9,00 KM<\/p>\n<p data-vivaldi-translated=\"\">Za sve informacije nam pi\u0161ite, ili nas pozovite na:<strong> 061221470<\/strong><\/p>\n","protected":false},"excerpt":{"rendered":"<p data-vivaldi-translated=\"\"><strong data-vivaldi-translated=\"\">KALIF<\/strong> djeluje na njihov njuh i udaljava ih od tretiranih povr\u0161ina, prozorskih klupica, tavana, itd. stvaraju\u0107i pravu olfaktornu barijeru: proizvod ima ugodan miris za ljude, ali nepodno\u0161ljiv za golubove.<\/p>\n<p data-vivaldi-translated=\"\"><strong data-vivaldi-translated=\"\">KALIF <\/strong>je dostupan u prakti\u010dnom pakovanju, ve\u0107 razrije\u0111en i spreman za upotrebu: nemasan je, bezopasan i ne ostavlja mrlje.<\/p>\n<a href=\"https:\/\/www.behardoo.ba\/index.php\/product\/kalif-protiv-ptica-za-ptice-750ml\/\" class=\"btn frontech-btn\"><span><\/span>Detalji<\/a>","protected":false},"featured_media":561,"template":"","meta":[],"product_brand":[],"product_cat":[351,120],"product_tag":[186,27,679,226,462,343,286,285,310,425,235,319,441,200,98,251,577,1061,1064,1063,579,1062,359,140,393,395,314,399,882,401,1066,1067,570,772,54,678,400,539,215,561,574,1060,575,546,1065,48,886,272,426,394,141,94],"class_list":{"0":"post-560","1":"product","2":"type-product","3":"status-publish","4":"has-post-thumbnail","6":"product_cat-deratizacija","7":"product_cat-ostali-proizvodi","8":"product_tag-agrar","9":"product_tag-agro","10":"product_tag-apoteka","11":"product_tag-behar","12":"product_tag-behardoo","13":"product_tag-bih","14":"product_tag-bosna","15":"product_tag-bosnia","16":"product_tag-d-o-o","17":"product_tag-ddd","18":"product_tag-deratizacija","19":"product_tag-doo","20":"product_tag-dostava","21":"product_tag-farm","22":"product_tag-farma","23":"product_tag-farmer","24":"product_tag-golub","25":"product_tag-goluba","26":"product_tag-golubova","27":"product_tag-golubove","28":"product_tag-golubovi","29":"product_tag-golubu","30":"product_tag-hercegovina","31":"product_tag-kalif","32":"product_tag-kupi","33":"product_tag-maloprodaja","34":"product_tag-ml","35":"product_tag-naruci","36":"product_tag-odbijac","37":"product_tag-online","38":"product_tag-pidgeon","39":"product_tag-pidgeons","40":"product_tag-poljo","41":"product_tag-poljoapoteka","42":"product_tag-poljoprivreda","43":"product_tag-poljoprivredna","44":"product_tag-poruci","45":"product_tag-protiv","46":"product_tag-prskanje","47":"product_tag-ptica","48":"product_tag-ptice","49":"product_tag-ptici","50":"product_tag-pticu","51":"product_tag-rastjerivac","52":"product_tag-rastjerivalc","53":"product_tag-repelent","54":"product_tag-repellent","55":"product_tag-sarajevo","56":"product_tag-shop","57":"product_tag-veleprodaja","58":"product_tag-za","59":"product_tag-zastita","61":"first","62":"instock","63":"shipping-taxable","64":"product-type-external"},"jetpack_sharing_enabled":true,"_links":{"self":[{"href":"https:\/\/www.behardoo.ba\/index.php\/wp-json\/wp\/v2\/product\/560","targetHints":{"allow":["GET"]}}],"collection":[{"href":"https:\/\/www.behardoo.ba\/index.php\/wp-json\/wp\/v2\/product"}],"about":[{"href":"https:\/\/www.behardoo.ba\/index.php\/wp-json\/wp\/v2\/types\/product"}],"wp:featuredmedia":[{"embeddable":true,"href":"https:\/\/www.behardoo.ba\/index.php\/wp-json\/wp\/v2\/media\/561"}],"wp:attachment":[{"href":"https:\/\/www.behardoo.ba\/index.php\/wp-json\/wp\/v2\/media?parent=560"}],"wp:term":[{"taxonomy":"product_brand","embeddable":true,"href":"https:\/\/www.behardoo.ba\/index.php\/wp-json\/wp\/v2\/product_brand?post=560"},{"taxonomy":"product_cat","embeddable":true,"href":"https:\/\/www.behardoo.ba\/index.php\/wp-json\/wp\/v2\/product_cat?post=560"},{"taxonomy":"product_tag","embeddable":true,"href":"https:\/\/www.behardoo.ba\/index.php\/wp-json\/wp\/v2\/product_tag?post=560"}],"curies":[{"name":"wp","href":"https:\/\/api.w.org\/{rel}","templated":true}]}}