{"id":566,"date":"2025-02-18T18:32:11","date_gmt":"2025-02-18T17:32:11","guid":{"rendered":"https:\/\/www.behardoo.ba\/?post_type=product&#038;p=566"},"modified":"2025-03-18T10:33:14","modified_gmt":"2025-03-18T09:33:14","slug":"asepssol-5-1l-asepsol-sredstvo-za-dezinfekciju","status":"publish","type":"product","link":"https:\/\/www.behardoo.ba\/index.php\/product\/asepssol-5-1l-asepsol-sredstvo-za-dezinfekciju\/","title":{"rendered":"Asepssol 5% 1L &#8211; Asepsol Sredstvo za dezinfekciju"},"content":{"rendered":"<p><b>SASTAV:<\/b><\/p>\n<p>100g rastvora sadr\u017ei:5g benzalkonijum hlorida (ADBAC\/ BKC(C12-C16))<\/p>\n<p>nejonski surfaktant &lt;5%, limunska kiselina, miris.<\/p>\n<p><b>NAMJENA:<\/b><\/p>\n<p>Proizvod je namjenjen za dezinfekciju zdrave ko\u017ee ruku odnosno dezinfekciju povr\u0161ina, materijala i opreme koji nisu u direktnom kontaktu sa hranom za ljude i \u017eivotinje kao i za dezinfekciju povr\u0161ina koje dolaze u direktan kontakt sa hranom za ljude i \u017eivotinje, u objektima javnog zdravlja kao i u drugim javnim objektima odnosno industrijskim objektima. Uklanja masno\u0107e, razli\u010dita one\u010di\u0161\u0107enja i mirise.<\/p>\n<p><b>OSOBINE:<\/b><\/p>\n<p>Asepssol 5% je te\u010dni koncentrovani dezinfekciono -detergentski rastvor sa djelovanjem na gram pozitivne i gram negativne bakterije i gljivice. Asepssol 5% svojim katjonskim povr\u0161inski-aktivnim djelovanjem na mikroorganizme, uklanja masno\u0107e i razli\u010dita one\u010di\u0161\u0107enja i mirise. Asepssol 5% je katjonski dezinficijens, pa stoga poseduje elektrohemijski antagonizam na anjonske sapune i deterd\u017eente, te se ne smiju upotrebljavati zajedno.<\/p>\n<p><b>Antimikrobno djelovanje:<\/b>\u00a0ASEPSSOL 5% djeluje na gram pozitivne, gram negativne mikroorganizme i gljivice. Uni\u0161tava sve vegetativne oblike ispitivanih sojeva: Staphylococcus aureus, Pseudomonas aeruginosa, Enterococcus hirae, Escherichia coli, Klebsiella pneumoniae, Salmonella typhimurium, Proteus hauseri i sve blastospore Candida albicans, pri kontaktu od 30 sekundi, 5, 10, i 180 minuta. Mikrobiolo\u0161ka efikasnost je ura\u0111ena na VMA, Institut za epidemiologiju, sektor za preventivnu medicinu, po DGHM metodi.<\/p>\n<p><b>UPUTSTVO ZA UPOTREBU:<\/b><\/p>\n<p>ASEPSSOL 5% se upotrebljava razrije\u0111en vodom u zapreminskom odnosu navedenom u ovom uputstvu.<\/p>\n<p><b>UPOTREBA:<\/b><\/p>\n<p>Razre\u0111enje Asepssola 5% u vodi<\/p>\n<p><b>Dezinfekcija ruku:\u00a0<\/b>Nakon temeljnog pranja sapunom, ruke se isperu vodom, potom urone u rastvor asepssola i isperu sterilnom vodom. Uklanja masno\u0107e i organske ne\u010disto\u0107e sa ko\u017ee.<\/p>\n<p>1:25-40 mL u 960 mL vode<\/p>\n<p><b>Dezinfekcija i \u010di\u0161\u0107enje radnih povr\u0161ina, podova, namje\u0161taja. Dezinfekcija, \u010di\u0161\u0107enje i dezodorizacija unutra\u0161njosti sredstava javnog prevoza, razli\u010ditih dvorana i sli\u010dnih prostorija za okupljanje ljudi:<\/b>\u00a0Prije nano\u0161enja dezinfekcionog sredstva, povr\u0161ina mora biti oprana i \u010dista. Natopiti \u010distu krpu sredstvom tako da ona bude dovoljno nakva\u0161ena i prebrisati povr\u0161inu, voditi ra\u010duna da cijela povr\u0161ina bude tretirana. Sa\u010dekati da se tretirana povr\u0161ina osu\u0161i. Isprskati povr\u0161inu ili predmete (tako da oni budu dovoljno nakva\u0161eni) i pustiti da se osu\u0161i. Ukoliko tretirana povr\u0161ina dolazi u kontakt sa hranom, ista se mora nakon tretmana dezinfekcionim sredstvom isprati sterilnom vodom.<\/p>\n<p>1:25-40 mL u 960 mL vode<\/p>\n<p><b>Dezinfekcija ne\u010distog rublja, odje\u0107e,pe\u0161kira, posteljine, stolnjaka, salveta, zavjesa i ostale tekstilne robe:<\/b>\u00a0Potapanjem prije pranja u trajanju od 3-4 sata, a potom pranja u bilo kom katjonskom deterd\u017eentu.<\/p>\n<p>1:25-40 mL u 960 mL vode<\/p>\n<p><b>UPUTSTVO ZA ODLAGANJE:<\/b>\u00a0proizvod \u010duvati dobro zatvoren u originalnom pakovanju dalje od hrane, pi\u0107a i hrane za \u017eivotinje.<\/p>\n<p>\ud83d\ude9a Tro\u0161ak dostave brzom po\u0161tom je\u00a0<b>9,00 KM<\/b><\/p>\n<p>\u260e\ufe0f Za sve informacija nam pi\u0161ite, ili nas pozovite na:\u00a0<b>061221470<\/b><\/p>\n","protected":false},"excerpt":{"rendered":"<p>Proizvod je namjenjen za dezinfekciju zdrave ko\u017ee ruku odnosno dezinfekciju povr\u0161ina, materijala i opreme koji nisu u direktnom kontaktu sa hranom za ljude i \u017eivotinje kao i za dezinfekciju povr\u0161ina koje dolaze u direktan kontakt sa hranom za ljude i \u017eivotinje, u objektima javnog zdravlja kao i u drugim javnim objektima odnosno industrijskim objektima. Uklanja masno\u0107e, razli\u010dita one\u010di\u0161\u0107enja i mirise.<\/p>\n<a href=\"https:\/\/www.behardoo.ba\/index.php\/product\/asepssol-5-1l-asepsol-sredstvo-za-dezinfekciju\/\" class=\"btn frontech-btn\"><span><\/span>Detalji<\/a>","protected":false},"featured_media":567,"template":"","meta":[],"product_brand":[],"product_cat":[152,120],"product_tag":[404,186,27,679,1071,1070,1072,226,462,343,286,285,396,388,310,425,158,1073,178,319,441,22,200,98,251,224,359,393,464,395,314,669,399,401,570,772,54,678,400,539,272,426,538,394,123,94],"class_list":{"0":"post-566","1":"product","2":"type-product","3":"status-publish","4":"has-post-thumbnail","6":"product_cat-dezinfekcija","7":"product_cat-ostali-proizvodi","8":"product_tag-404","9":"product_tag-agrar","10":"product_tag-agro","11":"product_tag-apoteka","12":"product_tag-asepsol","13":"product_tag-asepssol","14":"product_tag-assepsol","15":"product_tag-behar","16":"product_tag-behardoo","17":"product_tag-bih","18":"product_tag-bosna","19":"product_tag-bosnia","20":"product_tag-chem","21":"product_tag-chemical","22":"product_tag-d-o-o","23":"product_tag-ddd","24":"product_tag-dezinfekcija","25":"product_tag-dezinfekciji","26":"product_tag-dezinfekciju","27":"product_tag-doo","28":"product_tag-dostava","29":"product_tag-em","30":"product_tag-farm","31":"product_tag-farma","32":"product_tag-farmer","33":"product_tag-hemija","34":"product_tag-hercegovina","35":"product_tag-kupi","36":"product_tag-kupovina","37":"product_tag-maloprodaja","38":"product_tag-ml","39":"product_tag-nabava","40":"product_tag-naruci","41":"product_tag-online","42":"product_tag-poljo","43":"product_tag-poljoapoteka","44":"product_tag-poljoprivreda","45":"product_tag-poljoprivredna","46":"product_tag-poruci","47":"product_tag-protiv","48":"product_tag-sarajevo","49":"product_tag-shop","50":"product_tag-tekucina","51":"product_tag-veleprodaja","52":"product_tag-voce","53":"product_tag-zastita","55":"first","56":"instock","57":"shipping-taxable","58":"product-type-external"},"jetpack_sharing_enabled":true,"_links":{"self":[{"href":"https:\/\/www.behardoo.ba\/index.php\/wp-json\/wp\/v2\/product\/566","targetHints":{"allow":["GET"]}}],"collection":[{"href":"https:\/\/www.behardoo.ba\/index.php\/wp-json\/wp\/v2\/product"}],"about":[{"href":"https:\/\/www.behardoo.ba\/index.php\/wp-json\/wp\/v2\/types\/product"}],"wp:featuredmedia":[{"embeddable":true,"href":"https:\/\/www.behardoo.ba\/index.php\/wp-json\/wp\/v2\/media\/567"}],"wp:attachment":[{"href":"https:\/\/www.behardoo.ba\/index.php\/wp-json\/wp\/v2\/media?parent=566"}],"wp:term":[{"taxonomy":"product_brand","embeddable":true,"href":"https:\/\/www.behardoo.ba\/index.php\/wp-json\/wp\/v2\/product_brand?post=566"},{"taxonomy":"product_cat","embeddable":true,"href":"https:\/\/www.behardoo.ba\/index.php\/wp-json\/wp\/v2\/product_cat?post=566"},{"taxonomy":"product_tag","embeddable":true,"href":"https:\/\/www.behardoo.ba\/index.php\/wp-json\/wp\/v2\/product_tag?post=566"}],"curies":[{"name":"wp","href":"https:\/\/api.w.org\/{rel}","templated":true}]}}