{"id":569,"date":"2025-03-12T10:19:09","date_gmt":"2025-03-12T09:19:09","guid":{"rendered":"https:\/\/www.behardoo.ba\/?post_type=product&#038;p=569"},"modified":"2025-03-12T10:19:14","modified_gmt":"2025-03-12T09:19:14","slug":"bros-sprej-protiv-komaraca-i-krpelja-90ml","status":"publish","type":"product","link":"https:\/\/www.behardoo.ba\/index.php\/product\/bros-sprej-protiv-komaraca-i-krpelja-90ml\/","title":{"rendered":"BROS Sprej protiv komaraca i krpelja 90ml"},"content":{"rendered":"<p>U\u010dinkovito odbija komarce do 8 sati, krpelje do 4 sata i mu\u0161ice do 8 sati.<\/p>\n<p><b>Upotreba:<br \/>\n<\/b><br \/>\nNanijeti na ko\u017eu i odje\u0107u prskanjem sa udaljenosti od 15 cm. Ne pr\u0161\u010dite direktno na lice, nanesite na dlan i razma\u017eite po ko\u017ei.<\/p>\n<p><b>Mjere opreza:<br \/>\n<\/b><b><br \/>\n<\/b>Proizvod ne treba nanositi na dlanove djece mla\u0111e od 12 godina. Proizvod nije namjenjen za upotrebu kod djece mla\u0111e od 2 godine. Proizvod se primjenjuje jednom ili dva puta na dan kod odraslih i djece starije od 12 godina te jednom na dan kod djece u dobi od 2 do 12 godina. Kod djece u dobi od 2 do 12 godina biocidni proizvod se na ko\u017eu mo\u017ee nanijeti na lice, vrat, podlaktice, potkoljenice i stopala dok ostatak tijela treba za\u0161titi odje\u0107om. Djelove ko\u017ee koji nisu za\u0161ti\u0107eni proizvodom preporu\u010dljivo je prekriti odje\u0107om kako bi se ograni\u010dilo izlo\u017eenost insektima koji bodu.<\/p>\n<p><b>Sastojci:<br \/>\n<\/b><b><br \/>\n<\/b>N,N-dietil-m-toluamid 25,77% (25,77g\/100g)<\/p>\n<p>\ud83d\ude9a Tro\u0161ak dostave brzom po\u0161tom je <strong>9,00 KM<\/strong><\/p>\n<p>\u260e\ufe0f Za sve informacije nam pi\u0161ite, ili nas pozovite na: <strong>061221470<\/strong><\/p>\n","protected":false},"excerpt":{"rendered":"<p>U\u010dinkovito odbija komarce do 8 sati, krpelje do 4 sata i mu\u0161ice do 8 sati.<\/p>\n<a href=\"https:\/\/www.behardoo.ba\/index.php\/product\/bros-sprej-protiv-komaraca-i-krpelja-90ml\/\" class=\"btn frontech-btn\"><span><\/span>Detalji<\/a>","protected":false},"featured_media":570,"template":"","meta":[],"product_brand":[1074],"product_cat":[351,50,120],"product_tag":[1080,1079,378,186,27,226,462,640,343,286,285,545,310,425,235,158,638,319,441,200,98,251,359,135,47,636,635,467,1075,1076,1078,1077,393,395,399,309,401,54,539,272,1081,426,549,394,94],"class_list":{"0":"post-569","1":"product","2":"type-product","3":"status-publish","4":"has-post-thumbnail","6":"product_brand-bros","7":"product_cat-deratizacija","8":"product_cat-insekticidi","9":"product_cat-ostali-proizvodi","10":"product_tag-1080","11":"product_tag-1079","12":"product_tag-378","13":"product_tag-agrar","14":"product_tag-agro","15":"product_tag-behar","16":"product_tag-behardoo","17":"product_tag-bezopasno","18":"product_tag-bih","19":"product_tag-bosna","20":"product_tag-bosnia","21":"product_tag-bros","22":"product_tag-d-o-o","23":"product_tag-ddd","24":"product_tag-deratizacija","25":"product_tag-dezinfekcija","26":"product_tag-dim","27":"product_tag-doo","28":"product_tag-dostava","29":"product_tag-farm","30":"product_tag-farma","31":"product_tag-farmer","32":"product_tag-hercegovina","33":"product_tag-insekti","34":"product_tag-insekticid","35":"product_tag-komarac","36":"product_tag-komaraca","37":"product_tag-komarci","38":"product_tag-krpelj","39":"product_tag-krpelja","40":"product_tag-krpelji","41":"product_tag-krpelju","42":"product_tag-kupi","43":"product_tag-maloprodaja","44":"product_tag-naruci","45":"product_tag-neotrovno","46":"product_tag-online","47":"product_tag-poljoprivreda","48":"product_tag-protiv","49":"product_tag-sarajevo","50":"product_tag-sati","51":"product_tag-shop","52":"product_tag-sprej","53":"product_tag-veleprodaja","54":"product_tag-zastita","56":"first","57":"instock","58":"shipping-taxable","59":"product-type-external"},"jetpack_sharing_enabled":true,"_links":{"self":[{"href":"https:\/\/www.behardoo.ba\/index.php\/wp-json\/wp\/v2\/product\/569","targetHints":{"allow":["GET"]}}],"collection":[{"href":"https:\/\/www.behardoo.ba\/index.php\/wp-json\/wp\/v2\/product"}],"about":[{"href":"https:\/\/www.behardoo.ba\/index.php\/wp-json\/wp\/v2\/types\/product"}],"wp:featuredmedia":[{"embeddable":true,"href":"https:\/\/www.behardoo.ba\/index.php\/wp-json\/wp\/v2\/media\/570"}],"wp:attachment":[{"href":"https:\/\/www.behardoo.ba\/index.php\/wp-json\/wp\/v2\/media?parent=569"}],"wp:term":[{"taxonomy":"product_brand","embeddable":true,"href":"https:\/\/www.behardoo.ba\/index.php\/wp-json\/wp\/v2\/product_brand?post=569"},{"taxonomy":"product_cat","embeddable":true,"href":"https:\/\/www.behardoo.ba\/index.php\/wp-json\/wp\/v2\/product_cat?post=569"},{"taxonomy":"product_tag","embeddable":true,"href":"https:\/\/www.behardoo.ba\/index.php\/wp-json\/wp\/v2\/product_tag?post=569"}],"curies":[{"name":"wp","href":"https:\/\/api.w.org\/{rel}","templated":true}]}}