{"id":573,"date":"2025-03-18T11:49:56","date_gmt":"2025-03-18T10:49:56","guid":{"rendered":"https:\/\/www.behardoo.ba\/?post_type=product&#038;p=573"},"modified":"2025-03-18T11:50:03","modified_gmt":"2025-03-18T10:50:03","slug":"bros-zamka-za-mrave","status":"publish","type":"product","link":"https:\/\/www.behardoo.ba\/index.php\/product\/bros-zamka-za-mrave\/","title":{"rendered":"BROS Zamka za mrave"},"content":{"rendered":"<p><strong>BROS Zamska za mrave<\/strong> je zamka sa gel mamcem za borbu protiv mrava u njihovoj neposrednoj blizini, npr. na terasama, balkonima, vrtovima, stazama, prilazima, stanovima, itd. Mravi privu\u010deni atraktivnim mamcem uzimaju gel iz hranilice, a zatim ga nose u gnijezdo i uni\u0161tavaju cijelu koloniju zajedno s kraljicom. Hranilica dodatno \u0161titi djecu i \u017eivotinje od pristupa otrovu i \u0161titi proizvod od ki\u0161e.<\/p>\n<p><strong>Svojstva:<\/strong><br \/>\n&#8211; Spreman za upotrebu sa gel mamcem.<br \/>\n&#8211; Bori se protiv faraonskih i vrtnih mrava.<br \/>\n&#8211; Elimini\u0161e gnijezda sa kraljicom.<\/p>\n<p><strong>Kako koristiti<\/strong>:<br \/>\nIs\u010dupajte jezi\u010dke oko hranilice i polo\u017eite je na ulazu u mravinjak ili na stazama kuda se mravi kre\u0107u. Efekat proizvoda je o\u010digledan nakon samo nekoliko dana.<br \/>\nNakon 4 sedmice, zamku treba zamijeniti novom.<\/p>\n<p><strong>Sastav:<br \/>\n<\/strong>Imidacloprid 0,03% (0,03g\/100g), geraniol 0,001% (0,001g\/100g), 2-metil-2H-izotiazol-3-on<strong><br \/>\n<\/strong><\/p>\n<p>\ud83d\udcb8 <strong>Cijena:<\/strong> 6,50 KM<br \/>\n\ud83d\ude9a Tro\u0161ak dostave brzom po\u0161tom je <strong>9,00 KM<\/strong><br \/>\n\u260e\ufe0f Za sve informacije nam pi\u0161ite, ili nas pozovite na: <strong>061221470<\/strong><\/p>\n","protected":false},"excerpt":{"rendered":"<p><strong>BROS Zamska za mrave<\/strong> je zamka sa gel mamcem za borbu protiv mrava u njihovoj neposrednoj blizini, npr. na terasama, balkonima, vrtovima, stazama, prilazima, stanovima, itd. Mravi privu\u010deni atraktivnim mamcem uzimaju gel iz hranilice, a zatim ga nose u gnijezdo i uni\u0161tavaju cijelu koloniju zajedno s kraljicom. Hranilica dodatno \u0161titi djecu i \u017eivotinje od pristupa otrovu i \u0161titi proizvod od ki\u0161e.<\/p>\n<a href=\"https:\/\/www.behardoo.ba\/index.php\/product\/bros-zamka-za-mrave\/\" class=\"btn frontech-btn\"><span><\/span>Detalji<\/a>","protected":false},"featured_media":574,"template":"","meta":[],"product_brand":[1074],"product_cat":[351,50,120],"product_tag":[186,27,1100,226,462,640,343,286,285,545,1097,310,425,235,319,441,1095,200,98,251,508,1099,1069,81,1098,359,813,747,135,47,684,393,395,507,77,938,149,136,943,399,309,401,54,539,272,1081,426,394,141,512,94,1096],"class_list":{"0":"post-573","1":"product","2":"type-product","3":"status-publish","4":"has-post-thumbnail","6":"product_brand-bros","7":"product_cat-deratizacija","8":"product_cat-insekticidi","9":"product_cat-ostali-proizvodi","10":"product_tag-agrar","11":"product_tag-agro","12":"product_tag-atraktant","13":"product_tag-behar","14":"product_tag-behardoo","15":"product_tag-bezopasno","16":"product_tag-bih","17":"product_tag-bosna","18":"product_tag-bosnia","19":"product_tag-bros","20":"product_tag-crni","21":"product_tag-d-o-o","22":"product_tag-ddd","23":"product_tag-deratizacija","24":"product_tag-doo","25":"product_tag-dostava","26":"product_tag-faraonski","27":"product_tag-farm","28":"product_tag-farma","29":"product_tag-farmer","30":"product_tag-feromon","31":"product_tag-feromonka","32":"product_tag-feromonska","33":"product_tag-gel","34":"product_tag-geraniol","35":"product_tag-hercegovina","36":"product_tag-imidacloprid","37":"product_tag-imidakloprid","38":"product_tag-insekti","39":"product_tag-insekticid","40":"product_tag-klopka","41":"product_tag-kupi","42":"product_tag-maloprodaja","43":"product_tag-mamac","44":"product_tag-mamak","45":"product_tag-mrava","46":"product_tag-mrave","47":"product_tag-mravi","48":"product_tag-mravu","49":"product_tag-naruci","50":"product_tag-neotrovno","51":"product_tag-online","52":"product_tag-poljoprivreda","53":"product_tag-protiv","54":"product_tag-sarajevo","55":"product_tag-sati","56":"product_tag-shop","57":"product_tag-veleprodaja","58":"product_tag-za","59":"product_tag-zamka","60":"product_tag-zastita","61":"product_tag-zuti","63":"first","64":"instock","65":"shipping-taxable","66":"product-type-external"},"jetpack_sharing_enabled":true,"_links":{"self":[{"href":"https:\/\/www.behardoo.ba\/index.php\/wp-json\/wp\/v2\/product\/573","targetHints":{"allow":["GET"]}}],"collection":[{"href":"https:\/\/www.behardoo.ba\/index.php\/wp-json\/wp\/v2\/product"}],"about":[{"href":"https:\/\/www.behardoo.ba\/index.php\/wp-json\/wp\/v2\/types\/product"}],"wp:featuredmedia":[{"embeddable":true,"href":"https:\/\/www.behardoo.ba\/index.php\/wp-json\/wp\/v2\/media\/574"}],"wp:attachment":[{"href":"https:\/\/www.behardoo.ba\/index.php\/wp-json\/wp\/v2\/media?parent=573"}],"wp:term":[{"taxonomy":"product_brand","embeddable":true,"href":"https:\/\/www.behardoo.ba\/index.php\/wp-json\/wp\/v2\/product_brand?post=573"},{"taxonomy":"product_cat","embeddable":true,"href":"https:\/\/www.behardoo.ba\/index.php\/wp-json\/wp\/v2\/product_cat?post=573"},{"taxonomy":"product_tag","embeddable":true,"href":"https:\/\/www.behardoo.ba\/index.php\/wp-json\/wp\/v2\/product_tag?post=573"}],"curies":[{"name":"wp","href":"https:\/\/api.w.org\/{rel}","templated":true}]}}