{"id":579,"date":"2025-04-04T14:00:44","date_gmt":"2025-04-04T12:00:44","guid":{"rendered":"https:\/\/www.behardoo.ba\/?post_type=product&#038;p=579"},"modified":"2025-04-04T14:00:46","modified_gmt":"2025-04-04T12:00:46","slug":"deratizacijska-kutija-jerry-sa-providnim-poklopcem","status":"publish","type":"product","link":"https:\/\/www.behardoo.ba\/index.php\/product\/deratizacijska-kutija-jerry-sa-providnim-poklopcem\/","title":{"rendered":"Deratizacijska kutija Jerry sa providnim poklopcem"},"content":{"rendered":"<p>\u2022 \u010cvrsta plasti\u010dna deratizacijska kutija za mamac za mi\u0161eve<br \/>\n\u2022 Uklju\u010duje klju\u010d za osiguranje mamaca od neovla\u0161tenih osoba, pregradu koja se da ukloniti po potrebi i \u017eicu za parafinske blokove<br \/>\n\u2022 Podru\u010dje bo\u010dnog otvaranja: lako se puni bez uklanjanja sifona sa povr\u0161ine zida<br \/>\n\u2022 prozirni poklopac olak\u0161ava provjeru<br \/>\n\u2022 Odgovaraju\u0107e mjesto za zamku za mi\u0161eve (nije uklju\u010deno u isporuku, pogledati slike)<\/p>\n<p><strong>Dimenzije:\u00a0<\/strong>22,0 x 14,0 x 8,0 cm<\/p>\n<p><strong>Temperaturna izdra\u017eljivost:<\/strong> od -25C\u00b0 do + 60C\u00b0<\/p>\n<p><strong>Zemlja potijekla:<\/strong> EU<\/p>\n<p>Tro\u0161ak dostave brzom po\u0161tom je 9,00 KM<\/p>\n<p>Za sve informacije nam pi\u0161ite, ili nas pozovite na: 061221470<\/p>\n","protected":false},"excerpt":{"rendered":"<p>\u2022 \u010cvrsta plasti\u010dna deratizacijska kutija za mamac za mi\u0161eve<br \/>\n\u2022 Uklju\u010duje klju\u010d za osiguranje mamaca od neovla\u0161tenih osoba, pregradu koja se da ukloniti po potrebi i \u017eicu za parafinske blokove<br \/>\n\u2022 Podru\u010dje bo\u010dnog otvaranja: lako se puni bez uklanjanja sifona sa povr\u0161ine zida<br \/>\n\u2022 prozirni poklopac olak\u0161ava provjeru<br \/>\n\u2022 Odgovaraju\u0107e mjesto za zamku za mi\u0161eve (nije uklju\u010deno u isporuku, pogledati slike)<\/p>\n<a href=\"https:\/\/www.behardoo.ba\/index.php\/product\/deratizacijska-kutija-jerry-sa-providnim-poklopcem\/\" class=\"btn frontech-btn\"><span><\/span>Detalji<\/a>","protected":false},"featured_media":580,"template":"","meta":[],"product_brand":[1105],"product_cat":[351,120],"product_tag":[186,1109,226,343,286,285,300,310,425,60,235,1108,288,1107,59,158,319,441,317,200,98,251,224,359,135,47,357,1106,708,393,289,395,66,67,399,71,401,87,303,709,68,714,715,54,69,400,710,712,711,713,70,291,272,426,394,94],"class_list":{"0":"post-579","1":"product","2":"type-product","3":"status-publish","4":"has-post-thumbnail","6":"product_brand-kerbl","7":"product_cat-deratizacija","8":"product_cat-ostali-proizvodi","9":"product_tag-agrar","10":"product_tag-bait","11":"product_tag-behar","12":"product_tag-bih","13":"product_tag-bosna","14":"product_tag-bosnia","15":"product_tag-box","16":"product_tag-d-o-o","17":"product_tag-ddd","18":"product_tag-degesch","19":"product_tag-deratizacija","20":"product_tag-deratizacijona","21":"product_tag-deratizacijska","22":"product_tag-deratizaciona","23":"product_tag-detia","24":"product_tag-dezinfekcija","25":"product_tag-doo","26":"product_tag-dostava","27":"product_tag-eu","28":"product_tag-farm","29":"product_tag-farma","30":"product_tag-farmer","31":"product_tag-hemija","32":"product_tag-hercegovina","33":"product_tag-insekti","34":"product_tag-insekticid","35":"product_tag-insekticidi","36":"product_tag-jerry","37":"product_tag-kerbl","38":"product_tag-kupi","39":"product_tag-kutija","40":"product_tag-maloprodaja","41":"product_tag-mis","42":"product_tag-misevi","43":"product_tag-naruci","44":"product_tag-njemacka","45":"product_tag-online","46":"product_tag-otrov","47":"product_tag-otrovi","48":"product_tag-pacov","49":"product_tag-pacovi","50":"product_tag-poklopac","51":"product_tag-poklopcem","52":"product_tag-poljoprivreda","53":"product_tag-poljski","54":"product_tag-poruci","55":"product_tag-providan","56":"product_tag-providni","57":"product_tag-proziran","58":"product_tag-prozirni","59":"product_tag-rodenticid","60":"product_tag-rodenticidi","61":"product_tag-sarajevo","62":"product_tag-shop","63":"product_tag-veleprodaja","64":"product_tag-zastita","66":"first","67":"instock","68":"shipping-taxable","69":"product-type-external"},"jetpack_sharing_enabled":true,"_links":{"self":[{"href":"https:\/\/www.behardoo.ba\/index.php\/wp-json\/wp\/v2\/product\/579","targetHints":{"allow":["GET"]}}],"collection":[{"href":"https:\/\/www.behardoo.ba\/index.php\/wp-json\/wp\/v2\/product"}],"about":[{"href":"https:\/\/www.behardoo.ba\/index.php\/wp-json\/wp\/v2\/types\/product"}],"wp:featuredmedia":[{"embeddable":true,"href":"https:\/\/www.behardoo.ba\/index.php\/wp-json\/wp\/v2\/media\/580"}],"wp:attachment":[{"href":"https:\/\/www.behardoo.ba\/index.php\/wp-json\/wp\/v2\/media?parent=579"}],"wp:term":[{"taxonomy":"product_brand","embeddable":true,"href":"https:\/\/www.behardoo.ba\/index.php\/wp-json\/wp\/v2\/product_brand?post=579"},{"taxonomy":"product_cat","embeddable":true,"href":"https:\/\/www.behardoo.ba\/index.php\/wp-json\/wp\/v2\/product_cat?post=579"},{"taxonomy":"product_tag","embeddable":true,"href":"https:\/\/www.behardoo.ba\/index.php\/wp-json\/wp\/v2\/product_tag?post=579"}],"curies":[{"name":"wp","href":"https:\/\/api.w.org\/{rel}","templated":true}]}}