{"id":589,"date":"2025-04-29T16:41:17","date_gmt":"2025-04-29T14:41:17","guid":{"rendered":"https:\/\/www.behardoo.ba\/?post_type=product&#038;p=589"},"modified":"2025-04-29T16:41:19","modified_gmt":"2025-04-29T14:41:19","slug":"carakol-1kg-puzocid-puzomor-protiv-puzeva-za-puzeve","status":"publish","type":"product","link":"https:\/\/www.behardoo.ba\/index.php\/product\/carakol-1kg-puzocid-puzomor-protiv-puzeva-za-puzeve\/","title":{"rendered":"Carakol 1kg &#8211; pu\u017eocid, pu\u017eomor (protiv pu\u017eeva, za pu\u017eeve)"},"content":{"rendered":"<p>Veoma efikasan proizvod u kontroli i eliminaciji pu\u017eeva, \u0161ljuka, i drugih gastropoda. Dostupan u granuliranom obliku, ovaj pu\u017eevicid je formulisan da bude posebno privla\u010dan ovim beski\u010dmenjacima, osiguravaju\u0107i da ga aktivno konzumiraju. Pakovanje od 1 kg olak\u0161ava upotrebu na velikim povr\u0161inama vrtova, povrtnjaka, rasadnika i poljoprivrednog zemlji\u0161ta.<\/p>\n<p>Aktivna supstanca METACINQUE-a je dizajnirana da bude efikasna \u010dak i pri niskim dozama, osiguravaju\u0107i minimalan uticaj na okolni okoli\u0161 i druge organizme koji nisu ciljna grupa. To ga \u010dini sigurnim i ekolo\u0161ki prihvatljivim izborom za suzbijanje \u0161teto\u010dina u doma\u0107im vrtovima ili u poljoprivrednim okru\u017eenjima. Proizvod djeluje brzo, \u0161to dovodi do vidljivog smanjenja populacije gastropoda u veoma kratkom vremenu.<\/p>\n<p>Za sve informacije nam pi\u0161ite, ili nas pozovite na: <strong>061221470<\/strong><\/p>\n","protected":false},"excerpt":{"rendered":"<p>Veoma efikasan proizvod u kontroli i eliminaciji pu\u017eeva, \u0161ljuka, i drugih gastropoda. Dostupan u granuliranom obliku, ovaj pu\u017eevicid je formulisan da bude posebno privla\u010dan ovim beski\u010dmenjacima, osiguravaju\u0107i da ga aktivno konzumiraju. Pakovanje od 1 kg olak\u0161ava upotrebu na velikim povr\u0161inama vrtova, povrtnjaka, rasadnika i poljoprivrednog zemlji\u0161ta.<\/p>\n<a href=\"https:\/\/www.behardoo.ba\/index.php\/product\/carakol-1kg-puzocid-puzomor-protiv-puzeva-za-puzeve\/\" class=\"btn frontech-btn\"><span><\/span>Detalji<\/a>","protected":false},"featured_media":590,"template":"","meta":[],"product_brand":[1110],"product_cat":[351,402,50,120,352],"product_tag":[323,276,145,186,27,226,462,343,286,285,1111,1112,425,235,441,1117,258,359,516,383,393,409,464,395,428,401,54,49,93,1113,1115,92,91,90,1116,1114,272,426,515,345,344],"class_list":{"0":"post-589","1":"product","2":"type-product","3":"status-publish","4":"has-post-thumbnail","6":"product_brand-adama","7":"product_cat-deratizacija","8":"product_cat-insekticidi-zastita_bilja","9":"product_cat-insekticidi","10":"product_cat-ostali-proizvodi","11":"product_cat-zastita_bilja","12":"product_tag-323","13":"product_tag-1kg","14":"product_tag-adama","15":"product_tag-agrar","16":"product_tag-agro","17":"product_tag-behar","18":"product_tag-behardoo","19":"product_tag-bih","20":"product_tag-bosna","21":"product_tag-bosnia","22":"product_tag-carakol","23":"product_tag-cerakol","24":"product_tag-ddd","25":"product_tag-deratizacija","26":"product_tag-dostava","27":"product_tag-golac","28":"product_tag-granule","29":"product_tag-hercegovina","30":"product_tag-info","31":"product_tag-kg","32":"product_tag-kupi","33":"product_tag-kupiti","34":"product_tag-kupovina","35":"product_tag-maloprodaja","36":"product_tag-market","37":"product_tag-online","38":"product_tag-poljoprivreda","39":"product_tag-prirodno","40":"product_tag-puz","41":"product_tag-puza","42":"product_tag-puzeva","43":"product_tag-puzeve","44":"product_tag-puzevi","45":"product_tag-puzocid","46":"product_tag-puzomor","47":"product_tag-puzu","48":"product_tag-sarajevo","49":"product_tag-shop","50":"product_tag-sluzba","51":"product_tag-sredstva","52":"product_tag-sredstvo","54":"first","55":"instock","56":"shipping-taxable","57":"product-type-external"},"jetpack_sharing_enabled":true,"_links":{"self":[{"href":"https:\/\/www.behardoo.ba\/index.php\/wp-json\/wp\/v2\/product\/589","targetHints":{"allow":["GET"]}}],"collection":[{"href":"https:\/\/www.behardoo.ba\/index.php\/wp-json\/wp\/v2\/product"}],"about":[{"href":"https:\/\/www.behardoo.ba\/index.php\/wp-json\/wp\/v2\/types\/product"}],"wp:featuredmedia":[{"embeddable":true,"href":"https:\/\/www.behardoo.ba\/index.php\/wp-json\/wp\/v2\/media\/590"}],"wp:attachment":[{"href":"https:\/\/www.behardoo.ba\/index.php\/wp-json\/wp\/v2\/media?parent=589"}],"wp:term":[{"taxonomy":"product_brand","embeddable":true,"href":"https:\/\/www.behardoo.ba\/index.php\/wp-json\/wp\/v2\/product_brand?post=589"},{"taxonomy":"product_cat","embeddable":true,"href":"https:\/\/www.behardoo.ba\/index.php\/wp-json\/wp\/v2\/product_cat?post=589"},{"taxonomy":"product_tag","embeddable":true,"href":"https:\/\/www.behardoo.ba\/index.php\/wp-json\/wp\/v2\/product_tag?post=589"}],"curies":[{"name":"wp","href":"https:\/\/api.w.org\/{rel}","templated":true}]}}