{"id":601,"date":"2025-07-17T19:10:17","date_gmt":"2025-07-17T17:10:17","guid":{"rendered":"https:\/\/www.behardoo.ba\/?post_type=product&#038;p=601"},"modified":"2025-07-19T15:16:32","modified_gmt":"2025-07-19T13:16:32","slug":"zamka-za-vocne-vinske-musice","status":"publish","type":"product","link":"https:\/\/www.behardoo.ba\/index.php\/product\/zamka-za-vocne-vinske-musice\/","title":{"rendered":"Zamka za vo\u0107ne (vinske) mu\u0161ice"},"content":{"rendered":"<p dir=\"auto\">Zamka je razvijena u svrhu privla\u010denja vo\u0107nih mu\u0161ica (Drosophila melanogaster) i predstavlja savr\u0161en alat za lociranje nivoa zaraze kroz pra\u0107enje koli\u010dine mu\u0161ica u zamci i mo\u017ee se koristiti u komercijalnim, stambenim i industrijskim prostorima kao \u0161to su: pekare, prodavnice, restorani i sli\u010dno.<\/p>\n<p dir=\"auto\"><strong>Na\u010din upotrebe:<\/strong><\/p>\n<p dir=\"auto\">\n1. Aktivirati zamku povla\u010denjem poklopca koji je nalik na list. Ukloniti ga u potpunosti.<br \/>\n2. Otvoriti bo\u010dicu koja sadr\u017ei mamak (teku\u0107inu)<br \/>\n3. Uliti kompletan sadr\u017eaj u zamku.<br \/>\n<strong>NE DODAVATI VODU<\/strong><br \/>\n4. Postaviti zamku na mjesto gdje je primije\u0107eno prisustvo vo\u0107nih mu\u0161ica.<br \/>\n5. Ne prazniti zamku.<br \/>\n6. Nakon \u010detiri sedmice, ukloniti zamku na prikladan na\u010din.\n<\/p>\n<p dir=\"auto\">Proizvod je siguran za ljude i \u017eivotinje, jer ne sadr\u017ei \u0161tetne hemikalije.<\/p>\n<p dir=\"auto\">\ud83d\ude9a Tro\u0161ak dostave brzom po\u0161tom je <strong>9,00 KM<\/strong><\/p>\n<p dir=\"auto\">\u260e\ufe0f Za sve informacije nam pi\u0161ite ili nas pozovite na: <strong>061221470<\/strong><\/p>\n","protected":false},"excerpt":{"rendered":"<p>Zamka je razvijena u svrhu privla\u010denja vo\u0107nih mu\u0161ica (Drosophila melanogaster) i predstavlja savr\u0161en alat za lociranje nivoa zaraze kroz pra\u0107enje koli\u010dine mu\u0161ica u zamci i mo\u017ee se koristiti u komercijalnim, stambenim i industrijskim prostorima kao \u0161to su: pekare, prodavnice, restorani i sli\u010dno.<\/p>\n<a href=\"https:\/\/www.behardoo.ba\/index.php\/product\/zamka-za-vocne-vinske-musice\/\" class=\"btn frontech-btn\"><span><\/span>Detalji<\/a>","protected":false},"featured_media":602,"template":"","meta":[],"product_brand":[1124],"product_cat":[351,402,50,120,352],"product_tag":[186,27,1100,226,462,640,343,286,285,1130,361,360,310,425,235,319,441,1095,200,98,251,508,1099,1069,359,596,135,47,684,393,395,507,77,1127,40,1129,1128,399,309,401,1131,597,54,539,272,1081,426,1132,394,1126,1125,141,512,94],"class_list":{"0":"post-601","1":"product","2":"type-product","3":"status-publish","4":"has-post-thumbnail","6":"product_brand-icb-pharma","7":"product_cat-deratizacija","8":"product_cat-insekticidi-zastita_bilja","9":"product_cat-insekticidi","10":"product_cat-ostali-proizvodi","11":"product_cat-zastita_bilja","12":"product_tag-agrar","13":"product_tag-agro","14":"product_tag-atraktant","15":"product_tag-behar","16":"product_tag-behardoo","17":"product_tag-bezopasno","18":"product_tag-bih","19":"product_tag-bosna","20":"product_tag-bosnia","21":"product_tag-cosmo","22":"product_tag-cosmopest","23":"product_tag-cosmosol","24":"product_tag-d-o-o","25":"product_tag-ddd","26":"product_tag-deratizacija","27":"product_tag-doo","28":"product_tag-dostava","29":"product_tag-faraonski","30":"product_tag-farm","31":"product_tag-farma","32":"product_tag-farmer","33":"product_tag-feromon","34":"product_tag-feromonka","35":"product_tag-feromonska","36":"product_tag-hercegovina","37":"product_tag-icb","38":"product_tag-insekti","39":"product_tag-insekticid","40":"product_tag-klopka","41":"product_tag-kupi","42":"product_tag-maloprodaja","43":"product_tag-mamac","44":"product_tag-mamak","45":"product_tag-musica","46":"product_tag-musice","47":"product_tag-musici","48":"product_tag-musicu","49":"product_tag-naruci","50":"product_tag-neotrovno","51":"product_tag-online","52":"product_tag-pest","53":"product_tag-pharma","54":"product_tag-poljoprivreda","55":"product_tag-protiv","56":"product_tag-sarajevo","57":"product_tag-sati","58":"product_tag-shop","59":"product_tag-sol","60":"product_tag-veleprodaja","61":"product_tag-vinske","62":"product_tag-vocne","63":"product_tag-za","64":"product_tag-zamka","65":"product_tag-zastita","67":"first","68":"instock","69":"shipping-taxable","70":"product-type-external"},"jetpack_sharing_enabled":true,"_links":{"self":[{"href":"https:\/\/www.behardoo.ba\/index.php\/wp-json\/wp\/v2\/product\/601","targetHints":{"allow":["GET"]}}],"collection":[{"href":"https:\/\/www.behardoo.ba\/index.php\/wp-json\/wp\/v2\/product"}],"about":[{"href":"https:\/\/www.behardoo.ba\/index.php\/wp-json\/wp\/v2\/types\/product"}],"wp:featuredmedia":[{"embeddable":true,"href":"https:\/\/www.behardoo.ba\/index.php\/wp-json\/wp\/v2\/media\/602"}],"wp:attachment":[{"href":"https:\/\/www.behardoo.ba\/index.php\/wp-json\/wp\/v2\/media?parent=601"}],"wp:term":[{"taxonomy":"product_brand","embeddable":true,"href":"https:\/\/www.behardoo.ba\/index.php\/wp-json\/wp\/v2\/product_brand?post=601"},{"taxonomy":"product_cat","embeddable":true,"href":"https:\/\/www.behardoo.ba\/index.php\/wp-json\/wp\/v2\/product_cat?post=601"},{"taxonomy":"product_tag","embeddable":true,"href":"https:\/\/www.behardoo.ba\/index.php\/wp-json\/wp\/v2\/product_tag?post=601"}],"curies":[{"name":"wp","href":"https:\/\/api.w.org\/{rel}","templated":true}]}}