{"id":604,"date":"2025-07-18T10:59:42","date_gmt":"2025-07-18T08:59:42","guid":{"rendered":"https:\/\/www.behardoo.ba\/?post_type=product&#038;p=604"},"modified":"2025-07-18T10:59:43","modified_gmt":"2025-07-18T08:59:43","slug":"bros-sprej-protiv-golubova-450ml-holo-traka-gratis","status":"publish","type":"product","link":"https:\/\/www.behardoo.ba\/index.php\/product\/bros-sprej-protiv-golubova-450ml-holo-traka-gratis\/","title":{"rendered":"BROS Sprej protiv golubova 450ml + holo traka GRATIS"},"content":{"rendered":"<p>&#8211; \u0161titi prozorske klupice i balkone od ptica<br \/>\n&#8211; ne sadr\u017ei biocidne supstance<br \/>\n&#8211; sa repelentnom trakom<\/p>\n<p>Te\u010dnost stvara nepovoljne uslove za boravak ptica na mjestu primjene, pokrivaju\u0107i za\u0161ti\u0107enu povr\u0161inu nevidljivim slojem proizvoda.<\/p>\n<p>Kontakt sa ovako za\u0161ti\u0107enom povr\u0161inom izaziva nelagodu kod ptica, zbog \u010dega izbjegavaju ovo mjesto. Proizvod ne sadr\u017ei hemijske biocide, a mehanizam dJelovanja mu je potpuno fizi\u010dki \u2013 tako da se mo\u017ee bezbjedno koristiti, na primer, na balkonima, prozorskim klupama itd.<\/p>\n<p>Hologramska traka efikasno podr\u017eava djelovanje te\u010dnosti. Dok se kre\u0107e na vjetru, njegova reflektiraju\u0107a povr\u0161ina reflektira svjetlost i sukobljava ptice, a zvuk koji proizvodi ih iritira i obeshrabruje da sjede na mjestu za\u0161ti\u0107enom trakom.<\/p>\n<p>\ud83d\ude9a Tro\u0161ak dostave brzom po\u0161tom je <strong>9,00 KM<\/strong><br \/>\n\u260e\ufe0f Za sve informacije nam pi\u0161ite ili nas pozovite na: <strong>061221470<\/strong><\/p>\n","protected":false},"excerpt":{"rendered":"<p>&#8211; \u0161titi prozorske klupice i balkone od ptica<br \/>\n&#8211; ne sadr\u017ei biocidne supstance<br \/>\n&#8211; sa repelentnom trakom<\/p>\n<p>Te\u010dnost stvara nepovoljne uslove za boravak ptica na mjestu primjene, pokrivaju\u0107i za\u0161ti\u0107enu povr\u0161inu nevidljivim slojem proizvoda.<\/p>\n<a href=\"https:\/\/www.behardoo.ba\/index.php\/product\/bros-sprej-protiv-golubova-450ml-holo-traka-gratis\/\" class=\"btn frontech-btn\"><span><\/span>Detalji<\/a>","protected":false},"featured_media":605,"template":"","meta":[],"product_brand":[1074],"product_cat":[351,120],"product_tag":[186,27,679,226,462,343,286,285,545,310,425,235,319,441,200,98,251,577,1061,1064,1063,579,1062,359,393,395,314,399,882,401,1066,1067,570,772,54,678,400,539,215,561,574,1060,575,546,1065,48,886,272,426,394,141,94],"class_list":{"0":"post-604","1":"product","2":"type-product","3":"status-publish","4":"has-post-thumbnail","6":"product_brand-bros","7":"product_cat-deratizacija","8":"product_cat-ostali-proizvodi","9":"product_tag-agrar","10":"product_tag-agro","11":"product_tag-apoteka","12":"product_tag-behar","13":"product_tag-behardoo","14":"product_tag-bih","15":"product_tag-bosna","16":"product_tag-bosnia","17":"product_tag-bros","18":"product_tag-d-o-o","19":"product_tag-ddd","20":"product_tag-deratizacija","21":"product_tag-doo","22":"product_tag-dostava","23":"product_tag-farm","24":"product_tag-farma","25":"product_tag-farmer","26":"product_tag-golub","27":"product_tag-goluba","28":"product_tag-golubova","29":"product_tag-golubove","30":"product_tag-golubovi","31":"product_tag-golubu","32":"product_tag-hercegovina","33":"product_tag-kupi","34":"product_tag-maloprodaja","35":"product_tag-ml","36":"product_tag-naruci","37":"product_tag-odbijac","38":"product_tag-online","39":"product_tag-pidgeon","40":"product_tag-pidgeons","41":"product_tag-poljo","42":"product_tag-poljoapoteka","43":"product_tag-poljoprivreda","44":"product_tag-poljoprivredna","45":"product_tag-poruci","46":"product_tag-protiv","47":"product_tag-prskanje","48":"product_tag-ptica","49":"product_tag-ptice","50":"product_tag-ptici","51":"product_tag-pticu","52":"product_tag-rastjerivac","53":"product_tag-rastjerivalc","54":"product_tag-repelent","55":"product_tag-repellent","56":"product_tag-sarajevo","57":"product_tag-shop","58":"product_tag-veleprodaja","59":"product_tag-za","60":"product_tag-zastita","62":"first","63":"instock","64":"shipping-taxable","65":"product-type-external"},"jetpack_sharing_enabled":true,"_links":{"self":[{"href":"https:\/\/www.behardoo.ba\/index.php\/wp-json\/wp\/v2\/product\/604","targetHints":{"allow":["GET"]}}],"collection":[{"href":"https:\/\/www.behardoo.ba\/index.php\/wp-json\/wp\/v2\/product"}],"about":[{"href":"https:\/\/www.behardoo.ba\/index.php\/wp-json\/wp\/v2\/types\/product"}],"wp:featuredmedia":[{"embeddable":true,"href":"https:\/\/www.behardoo.ba\/index.php\/wp-json\/wp\/v2\/media\/605"}],"wp:attachment":[{"href":"https:\/\/www.behardoo.ba\/index.php\/wp-json\/wp\/v2\/media?parent=604"}],"wp:term":[{"taxonomy":"product_brand","embeddable":true,"href":"https:\/\/www.behardoo.ba\/index.php\/wp-json\/wp\/v2\/product_brand?post=604"},{"taxonomy":"product_cat","embeddable":true,"href":"https:\/\/www.behardoo.ba\/index.php\/wp-json\/wp\/v2\/product_cat?post=604"},{"taxonomy":"product_tag","embeddable":true,"href":"https:\/\/www.behardoo.ba\/index.php\/wp-json\/wp\/v2\/product_tag?post=604"}],"curies":[{"name":"wp","href":"https:\/\/api.w.org\/{rel}","templated":true}]}}