{"id":610,"date":"2025-09-22T11:10:12","date_gmt":"2025-09-22T09:10:12","guid":{"rendered":"https:\/\/www.behardoo.ba\/?post_type=product&#038;p=610"},"modified":"2025-09-22T11:10:15","modified_gmt":"2025-09-22T09:10:15","slug":"geotox-za-insekte-100g","status":"publish","type":"product","link":"https:\/\/www.behardoo.ba\/index.php\/product\/geotox-za-insekte-100g\/","title":{"rendered":"Geotox za insekte 100g"},"content":{"rendered":"<p><strong>Geotox za insekte 100g<\/strong><\/p>\n<div><b>GEOTOX<\/b> je insekticid u obliku mikrogranularnog praha, spreman za upotrebu, sa jakim produ\u017eenim djelovanjem, prikladan za borbu protiv gmi\u017eu\u0107ih i lete\u0107ih insekata kao \u0161to su: \u017eohari, mravi, buhe, muhe, mu\u0161ice, komja\u0161i, uhola\u017ee (u stanju larve, ili u i\u0161\u0107ekivanju otvaranja), krpelji i pauci. Posebno je efikasan protiv svih vrsta mrava.<\/div>\n<div><\/div>\n<div>\n<div><b>Doziranje i na\u010din upotrebe:<\/b><\/div>\n<div><\/div>\n<div><b>Objekti za \u017eivotinje<\/b><\/div>\n<div><b>GEOTOX <\/b>je<b> <\/b>proizvod posebno namjenjen za deratizaciju objekata podobnih za smje\u0161taj \u017eivotinja. Provesti tretman u objektima u kojima borave goveda, perad, svinje, doma\u0107e \u017eivotinje kao psi i ma\u010dke.<\/div>\n<div><b>\u00a0<\/b><\/div>\n<div><b>U doma\u0107instvima<\/b><\/div>\n<div><b>GEOTOX <\/b>se savjetuje za deratizaciju u doma\u0107instvu, za potkrovlja, kantine i ostave, djeluju\u0107i na parazite koji se mogu prikriti u njima. Koristi se na na\u010din da se proizvod ravnomjerno primjeni na zaga\u0111ene povr\u0161ine, vode\u0107i ra\u010duna da se izbjegne trovanje namjernica, napitaka, ili ambala\u017ee sa prehrambenim namjernicama. Koristi se na pragovnima, u vrtovima, ba\u0161tama, stazama, mravnjacima na travnjacima, podru\u010diju ispod biljaka&#8230; Primjenjuje se zapra\u0161ivanjem izravno na povr\u0161inu u koli\u010dini 15-20 g\/m2<\/div>\n<div><b>\u00a0<\/b><\/div>\n<div><b>Javni objekti<\/b><\/div>\n<div><b>GEOTOX <\/b>se primjenjuje sa dobrim rezultatima tako\u0111er u javnim i industrijskim zgradama, \u0161kolama, bolnicama, skladi\u0161tima, hotelima, kampovima, smetlji\u0161tima, odlagali\u0161tima otpada, u prijevoznim sredstvima poput \u017eeljezni\u010dkih vagona i autobusa, itd. Prilikom tretmana zatvorenih prostora, \u0161etali\u0161ta, pristupnih puteva travnom pokriva\u010du, polagati <b>GEOTOX<\/b> u linijama razmaka 3-5 cm, du\u017e rubova povr\u0161ine, na kojoj je uo\u010deno prisustvo insekata u koli\u010dini 15-20 g\/m2<b><br \/>\n<\/b><\/div>\n<\/div>\n","protected":false},"excerpt":{"rendered":"<p><strong>Geotox za insekte 100g<\/strong><\/p>\n<div><b>GEOTOX<\/b> je insekticid u obliku mikrogranularnog praha, spreman za upotrebu, sa jakim produ\u017eenim djelovanjem, prikladan za borbu protiv gmi\u017eu\u0107ih i lete\u0107ih insekata kao \u0161to su: \u017eohari, mravi, buhe, muhe, mu\u0161ice, komja\u0161i, uhola\u017ee (u stanju larve, ili u i\u0161\u0107ekivanju otvaranja), krpelji i pauci. Posebno je efikasan protiv svih vrsta mrava.<\/div>\n<a href=\"https:\/\/www.behardoo.ba\/index.php\/product\/geotox-za-insekte-100g\/\" class=\"btn frontech-btn\"><span><\/span>Detalji<\/a>","protected":false},"featured_media":611,"template":"","meta":[],"product_brand":[1138],"product_cat":[351,402,50,352],"product_tag":[674,186,27,679,226,462,343,286,285,396,388,310,425,235,319,441,200,98,251,133,224,359,135,47,146,1075,1076,1077,393,395,399,401,570,678,400,272,426,394,94],"class_list":{"0":"post-610","1":"product","2":"type-product","3":"status-publish","4":"has-post-thumbnail","6":"product_brand-kollant","7":"product_cat-deratizacija","8":"product_cat-insekticidi-zastita_bilja","9":"product_cat-insekticidi","10":"product_cat-zastita_bilja","11":"product_tag-100g","12":"product_tag-agrar","13":"product_tag-agro","14":"product_tag-apoteka","15":"product_tag-behar","16":"product_tag-behardoo","17":"product_tag-bih","18":"product_tag-bosna","19":"product_tag-bosnia","20":"product_tag-chem","21":"product_tag-chemical","22":"product_tag-d-o-o","23":"product_tag-ddd","24":"product_tag-deratizacija","25":"product_tag-doo","26":"product_tag-dostava","27":"product_tag-farm","28":"product_tag-farma","29":"product_tag-farmer","30":"product_tag-geotox","31":"product_tag-hemija","32":"product_tag-hercegovina","33":"product_tag-insekti","34":"product_tag-insekticid","35":"product_tag-kollant","36":"product_tag-krpelj","37":"product_tag-krpelja","38":"product_tag-krpelju","39":"product_tag-kupi","40":"product_tag-maloprodaja","41":"product_tag-naruci","42":"product_tag-online","43":"product_tag-poljo","44":"product_tag-poljoprivredna","45":"product_tag-poruci","46":"product_tag-sarajevo","47":"product_tag-shop","48":"product_tag-veleprodaja","49":"product_tag-zastita","51":"first","52":"instock","53":"shipping-taxable","54":"product-type-external"},"jetpack_sharing_enabled":true,"_links":{"self":[{"href":"https:\/\/www.behardoo.ba\/index.php\/wp-json\/wp\/v2\/product\/610","targetHints":{"allow":["GET"]}}],"collection":[{"href":"https:\/\/www.behardoo.ba\/index.php\/wp-json\/wp\/v2\/product"}],"about":[{"href":"https:\/\/www.behardoo.ba\/index.php\/wp-json\/wp\/v2\/types\/product"}],"wp:featuredmedia":[{"embeddable":true,"href":"https:\/\/www.behardoo.ba\/index.php\/wp-json\/wp\/v2\/media\/611"}],"wp:attachment":[{"href":"https:\/\/www.behardoo.ba\/index.php\/wp-json\/wp\/v2\/media?parent=610"}],"wp:term":[{"taxonomy":"product_brand","embeddable":true,"href":"https:\/\/www.behardoo.ba\/index.php\/wp-json\/wp\/v2\/product_brand?post=610"},{"taxonomy":"product_cat","embeddable":true,"href":"https:\/\/www.behardoo.ba\/index.php\/wp-json\/wp\/v2\/product_cat?post=610"},{"taxonomy":"product_tag","embeddable":true,"href":"https:\/\/www.behardoo.ba\/index.php\/wp-json\/wp\/v2\/product_tag?post=610"}],"curies":[{"name":"wp","href":"https:\/\/api.w.org\/{rel}","templated":true}]}}