{"id":616,"date":"2025-10-21T10:35:34","date_gmt":"2025-10-21T08:35:34","guid":{"rendered":"https:\/\/www.behardoo.ba\/?post_type=product&#038;p=616"},"modified":"2025-11-11T14:03:54","modified_gmt":"2025-11-11T13:03:54","slug":"flytrin-6-14-100ml-insekticid-i-akaricid","status":"publish","type":"product","link":"https:\/\/www.behardoo.ba\/index.php\/product\/flytrin-6-14-100ml-insekticid-i-akaricid\/","title":{"rendered":"Flytrin 6.14 100ml &#8211; insekticid i akaricid"},"content":{"rendered":"<p style=\"text-align: left;\"><strong>Flytrin 6.14<\/strong> je insekticid-akaricid na bazi vode mikroemulzija za profesionalnu upotrebu koja djeluje kontaktno i digestivno sa knock down (obaraju\u0107im) i rezidualnim djelovanjem.<br \/>\nPermetrin ima dobar efekat obaranja i diskretno rezidualno djelovanje.<br \/>\nTetrametrin je jedan od manje toksi\u010dnih insekticida koji se trenutno koristi na tr\u017ei\u0161tu i ima najbr\u017ei knock-down efekat me\u0111u raznim piretroidima, prirodnim i sinteti\u010dkim insekticidima. Tako\u0111er je veoma rezistentan na toplinu i svjetlost, a posebno je pogodan i za vodeno bazirane formulacije.<br \/>\nPBO je sinergist koji pobolj\u0161ava efikasnost aktivnih sastojaka, koji inhibiraju oksidativnu aktivnost nekih enzima<br \/>\nodgovoranih za razgradnju molekula insekticida unutar organizma insekata.<\/p>\n<p style=\"text-align: left;\"><strong>PRIMJENA<\/strong><br \/>\n<strong>Flytrin 6.14<\/strong> se koristi mije\u0161anjem u vodi pomo\u0107u ru\u010dnih prskalica, le\u0111ne pumpe, pumpe za prednaprezanje, atomizera, raspr\u0161iva\u010da i termi\u010dkih raspr\u0161iva\u010da.<br \/>\n<strong>Flytrin 6.14<\/strong> se koristi u sljede\u0107im dozama:<br \/>\n&#8211; 1,5% (150 ml u 10 litara vode) protiv komaraca i tigrastih komaraca;<br \/>\n&#8211; 1% (100 ml u 10 litara vode) protiv mrava, buha i grinja.<br \/>\n&#8211; 2% (200 ml u 10 litara vode) protiv muha, osa i \u017eohara.<br \/>\nJedna litra razrije\u0111enog rastvora je namijenjena za tretman 10-15 kvadratnih metara povr\u0161ine.<br \/>\n<strong>Flytrin 6.14<\/strong> je pogodan za tretman unutra\u0161njih i vanjskih povr\u0161ina, civilne, ruralne i industrijske sredine.<\/p>\n<p>Za sve informacije nam pi\u0161ite ili nas pozovite na: <strong>061 221 470<\/strong><\/p>\n","protected":false},"excerpt":{"rendered":"<p><strong>Flytrin 6.14<\/strong> je insekticid-akaricid na bazi vode mikroemulzija za profesionalnu upotrebu koja djeluje kontaktno i digestivno sa knock down (obaraju\u0107im) i rezidualnim djelovanjem.<\/p>\n<a href=\"https:\/\/www.behardoo.ba\/index.php\/product\/flytrin-6-14-100ml-insekticid-i-akaricid\/\" class=\"btn frontech-btn\"><span><\/span>Detalji<\/a>","protected":false},"featured_media":618,"template":"","meta":[],"product_brand":[1140],"product_cat":[397,351,402,50,352],"product_tag":[413,594,186,27,679,226,462,343,286,285,939,396,388,1141,310,425,235,319,441,200,98,251,1146,1143,968,1142,1145,224,359,135,47,241,636,635,230,393,395,314,129,962,399,401,570,772,54,678,400,275,215,272,426,1144,394,94,84,255,83],"class_list":{"0":"post-616","1":"product","2":"type-product","3":"status-publish","4":"has-post-thumbnail","6":"product_brand-colkim","7":"product_cat-akaricidi","8":"product_cat-deratizacija","9":"product_cat-insekticidi-zastita_bilja","10":"product_cat-insekticidi","11":"product_cat-zastita_bilja","12":"product_tag-413","13":"product_tag-100ml","14":"product_tag-agrar","15":"product_tag-agro","16":"product_tag-apoteka","17":"product_tag-behar","18":"product_tag-behardoo","19":"product_tag-bih","20":"product_tag-bosna","21":"product_tag-bosnia","22":"product_tag-buha","23":"product_tag-chem","24":"product_tag-chemical","25":"product_tag-colkim","26":"product_tag-d-o-o","27":"product_tag-ddd","28":"product_tag-deratizacija","29":"product_tag-doo","30":"product_tag-dostava","31":"product_tag-farm","32":"product_tag-farma","33":"product_tag-farmer","34":"product_tag-flaj","35":"product_tag-flajtrin","36":"product_tag-fly","37":"product_tag-flytrin","38":"product_tag-flytrine","39":"product_tag-hemija","40":"product_tag-hercegovina","41":"product_tag-insekti","42":"product_tag-insekticid","43":"product_tag-kolkim","44":"product_tag-komarac","45":"product_tag-komaraca","46":"product_tag-koncentrat","47":"product_tag-kupi","48":"product_tag-maloprodaja","49":"product_tag-ml","50":"product_tag-muha","51":"product_tag-muva","52":"product_tag-naruci","53":"product_tag-online","54":"product_tag-poljo","55":"product_tag-poljoapoteka","56":"product_tag-poljoprivreda","57":"product_tag-poljoprivredna","58":"product_tag-poruci","59":"product_tag-povrce","60":"product_tag-prskanje","61":"product_tag-sarajevo","62":"product_tag-shop","63":"product_tag-trin","64":"product_tag-veleprodaja","65":"product_tag-zastita","66":"product_tag-zohar","67":"product_tag-zohara","68":"product_tag-zohari","70":"first","71":"instock","72":"shipping-taxable","73":"product-type-external"},"jetpack_sharing_enabled":true,"_links":{"self":[{"href":"https:\/\/www.behardoo.ba\/index.php\/wp-json\/wp\/v2\/product\/616","targetHints":{"allow":["GET"]}}],"collection":[{"href":"https:\/\/www.behardoo.ba\/index.php\/wp-json\/wp\/v2\/product"}],"about":[{"href":"https:\/\/www.behardoo.ba\/index.php\/wp-json\/wp\/v2\/types\/product"}],"wp:featuredmedia":[{"embeddable":true,"href":"https:\/\/www.behardoo.ba\/index.php\/wp-json\/wp\/v2\/media\/618"}],"wp:attachment":[{"href":"https:\/\/www.behardoo.ba\/index.php\/wp-json\/wp\/v2\/media?parent=616"}],"wp:term":[{"taxonomy":"product_brand","embeddable":true,"href":"https:\/\/www.behardoo.ba\/index.php\/wp-json\/wp\/v2\/product_brand?post=616"},{"taxonomy":"product_cat","embeddable":true,"href":"https:\/\/www.behardoo.ba\/index.php\/wp-json\/wp\/v2\/product_cat?post=616"},{"taxonomy":"product_tag","embeddable":true,"href":"https:\/\/www.behardoo.ba\/index.php\/wp-json\/wp\/v2\/product_tag?post=616"}],"curies":[{"name":"wp","href":"https:\/\/api.w.org\/{rel}","templated":true}]}}