{"id":62,"date":"2021-06-07T15:06:47","date_gmt":"2021-06-07T13:06:47","guid":{"rendered":"http:\/\/www.behardoo.ba\/?post_type=product&#038;p=62"},"modified":"2025-08-18T11:16:32","modified_gmt":"2025-08-18T09:16:32","slug":"em-probiotik-za-pcele-05l","status":"publish","type":"product","link":"https:\/\/www.behardoo.ba\/index.php\/product\/em-probiotik-za-pcele-05l\/","title":{"rendered":"EM Probiotik za p\u010dele 0,5L"},"content":{"rendered":"<p><span class=\"pq6dq46d tbxw36s4 knj5qynh kvgmc6g5 ditlmg2l oygrvhab nvdbi5me sf5mxxl7 gl3lb2sf hhz5lgdu\"><img loading=\"lazy\" decoding=\"async\" src=\"https:\/\/static.xx.fbcdn.net\/images\/emoji.php\/v9\/t1f\/1\/16\/1f41d.png\" alt=\"\ud83d\udc1d\" width=\"16\" height=\"16\" \/><\/span> <span style=\"color: #99cc00;\"><strong>EM PROBIOTIK ZA P\u010cELE<\/strong><\/span> <span class=\"pq6dq46d tbxw36s4 knj5qynh kvgmc6g5 ditlmg2l oygrvhab nvdbi5me sf5mxxl7 gl3lb2sf hhz5lgdu\"><img loading=\"lazy\" decoding=\"async\" src=\"https:\/\/static.xx.fbcdn.net\/images\/emoji.php\/v9\/t1f\/1\/16\/1f41d.png\" alt=\"\ud83d\udc1d\" width=\"16\" height=\"16\" \/><\/span><\/p>\n<div>\n<div class=\"\" dir=\"auto\">\n<div id=\"jsc_c_9\" class=\"ecm0bbzt hv4rvrfc ihqw7lf3 dati1w0a\" data-ad-comet-preview=\"message\" data-ad-preview=\"message\">\n<div class=\"j83agx80 cbu4d94t ew0dbk1b irj2b8pg\">\n<div class=\"qzhwtbm6 knvmm38d\">\n<div class=\"cxmmr5t8 oygrvhab hcukyx3x c1et5uql o9v6fnle ii04i59q\">\n<div dir=\"auto\"><strong>Poma\u017ee pri suzbijanju:<\/strong><\/div>\n<div dir=\"auto\"><\/div>\n<\/div>\n<div class=\"cxmmr5t8 oygrvhab hcukyx3x c1et5uql o9v6fnle ii04i59q\">\n<div dir=\"auto\"><span class=\"pq6dq46d tbxw36s4 knj5qynh kvgmc6g5 ditlmg2l oygrvhab nvdbi5me sf5mxxl7 gl3lb2sf hhz5lgdu\"><img loading=\"lazy\" decoding=\"async\" src=\"https:\/\/static.xx.fbcdn.net\/images\/emoji.php\/v9\/t6f\/1\/16\/1f6ab.png\" alt=\"\ud83d\udeab\" width=\"16\" height=\"16\" \/><\/span> Varoe<\/div>\n<div dir=\"auto\"><span class=\"pq6dq46d tbxw36s4 knj5qynh kvgmc6g5 ditlmg2l oygrvhab nvdbi5me sf5mxxl7 gl3lb2sf hhz5lgdu\"><img loading=\"lazy\" decoding=\"async\" src=\"https:\/\/static.xx.fbcdn.net\/images\/emoji.php\/v9\/t6f\/1\/16\/1f6ab.png\" alt=\"\ud83d\udeab\" width=\"16\" height=\"16\" \/><\/span> Nozemoze<\/div>\n<div dir=\"auto\"><span class=\"pq6dq46d tbxw36s4 knj5qynh kvgmc6g5 ditlmg2l oygrvhab nvdbi5me sf5mxxl7 gl3lb2sf hhz5lgdu\"><img loading=\"lazy\" decoding=\"async\" src=\"https:\/\/static.xx.fbcdn.net\/images\/emoji.php\/v9\/t6f\/1\/16\/1f6ab.png\" alt=\"\ud83d\udeab\" width=\"16\" height=\"16\" \/><\/span> Kre\u010dnog legla<\/div>\n<div dir=\"auto\"><span class=\"pq6dq46d tbxw36s4 knj5qynh kvgmc6g5 ditlmg2l oygrvhab nvdbi5me sf5mxxl7 gl3lb2sf hhz5lgdu\"><img loading=\"lazy\" decoding=\"async\" src=\"https:\/\/static.xx.fbcdn.net\/images\/emoji.php\/v9\/t6f\/1\/16\/1f6ab.png\" alt=\"\ud83d\udeab\" width=\"16\" height=\"16\" \/><\/span> \u0160tetnih bakterija<\/div>\n<div dir=\"auto\"><\/div>\n<\/div>\n<div class=\"cxmmr5t8 oygrvhab hcukyx3x c1et5uql o9v6fnle ii04i59q\">\n<div dir=\"auto\"><span class=\"pq6dq46d tbxw36s4 knj5qynh kvgmc6g5 ditlmg2l oygrvhab nvdbi5me sf5mxxl7 gl3lb2sf hhz5lgdu\"><img loading=\"lazy\" decoding=\"async\" src=\"https:\/\/static.xx.fbcdn.net\/images\/emoji.php\/v9\/t33\/1\/16\/2705.png\" alt=\"\u2705\" width=\"16\" height=\"16\" \/><\/span> Ja\u010da imunitet<\/div>\n<div dir=\"auto\"><span class=\"pq6dq46d tbxw36s4 knj5qynh kvgmc6g5 ditlmg2l oygrvhab nvdbi5me sf5mxxl7 gl3lb2sf hhz5lgdu\"><img loading=\"lazy\" decoding=\"async\" src=\"https:\/\/static.xx.fbcdn.net\/images\/emoji.php\/v9\/t33\/1\/16\/2705.png\" alt=\"\u2705\" width=\"16\" height=\"16\" \/><\/span> Pozitivno uti\u010de na probavni sistem<\/div>\n<div dir=\"auto\"><span class=\"pq6dq46d tbxw36s4 knj5qynh kvgmc6g5 ditlmg2l oygrvhab nvdbi5me sf5mxxl7 gl3lb2sf hhz5lgdu\"><img loading=\"lazy\" decoding=\"async\" src=\"https:\/\/static.xx.fbcdn.net\/images\/emoji.php\/v9\/t33\/1\/16\/2705.png\" alt=\"\u2705\" width=\"16\" height=\"16\" \/><\/span> Pove\u0107ava broj korisnih mikroorganizama<\/div>\n<div dir=\"auto\"><span class=\"pq6dq46d tbxw36s4 knj5qynh kvgmc6g5 ditlmg2l oygrvhab nvdbi5me sf5mxxl7 gl3lb2sf hhz5lgdu\"><img loading=\"lazy\" decoding=\"async\" src=\"https:\/\/static.xx.fbcdn.net\/images\/emoji.php\/v9\/t33\/1\/16\/2705.png\" alt=\"\u2705\" width=\"16\" height=\"16\" \/><\/span> Pove\u0107ava produktivnost i daje optimalan prinos meda<\/div>\n<div dir=\"auto\"><span class=\"pq6dq46d tbxw36s4 knj5qynh kvgmc6g5 ditlmg2l oygrvhab nvdbi5me sf5mxxl7 gl3lb2sf hhz5lgdu\"><img loading=\"lazy\" decoding=\"async\" src=\"https:\/\/static.xx.fbcdn.net\/images\/emoji.php\/v9\/t33\/1\/16\/2705.png\" alt=\"\u2705\" width=\"16\" height=\"16\" \/><\/span> Pobolj\u0161ava kvalitet meda<\/div>\n<div dir=\"auto\"><span class=\"pq6dq46d tbxw36s4 knj5qynh kvgmc6g5 ditlmg2l oygrvhab nvdbi5me sf5mxxl7 gl3lb2sf hhz5lgdu\"><img loading=\"lazy\" decoding=\"async\" src=\"https:\/\/static.xx.fbcdn.net\/images\/emoji.php\/v9\/t33\/1\/16\/2705.png\" alt=\"\u2705\" width=\"16\" height=\"16\" \/><\/span> Vra\u0107a zajednicu u svoje idealno prirodno stanje<\/div>\n<div dir=\"auto\"><span class=\"pq6dq46d tbxw36s4 knj5qynh kvgmc6g5 ditlmg2l oygrvhab nvdbi5me sf5mxxl7 gl3lb2sf hhz5lgdu\"><img loading=\"lazy\" decoding=\"async\" src=\"https:\/\/static.xx.fbcdn.net\/images\/emoji.php\/v9\/t33\/1\/16\/2705.png\" alt=\"\u2705\" width=\"16\" height=\"16\" \/><\/span> Smiruje p\u010dele gdje nakon tretiranja (prskanja) nije potrebno primjenjivati dimilicu<\/div>\n<div dir=\"auto\"><span class=\"pq6dq46d tbxw36s4 knj5qynh kvgmc6g5 ditlmg2l oygrvhab nvdbi5me sf5mxxl7 gl3lb2sf hhz5lgdu\"><img loading=\"lazy\" decoding=\"async\" src=\"https:\/\/static.xx.fbcdn.net\/images\/emoji.php\/v9\/t33\/1\/16\/2705.png\" alt=\"\u2705\" width=\"16\" height=\"16\" \/><\/span> Dezinficira ko\u0161nicu i pribor<\/div>\n<div dir=\"auto\"><\/div>\n<\/div>\n<div class=\"cxmmr5t8 oygrvhab hcukyx3x c1et5uql o9v6fnle ii04i59q\">\n<div dir=\"auto\"><span class=\"pq6dq46d tbxw36s4 knj5qynh kvgmc6g5 ditlmg2l oygrvhab nvdbi5me sf5mxxl7 gl3lb2sf hhz5lgdu\"><img loading=\"lazy\" decoding=\"async\" src=\"https:\/\/static.xx.fbcdn.net\/images\/emoji.php\/v9\/tfc\/1\/16\/1f7e2.png\" alt=\"\ud83d\udfe2\" width=\"16\" height=\"16\" \/><\/span> Sredstvo je potpuno prirodno i ne sadr\u017ei GMO!<\/div>\n<div dir=\"auto\"><\/div>\n<\/div>\n<div class=\"cxmmr5t8 oygrvhab hcukyx3x c1et5uql o9v6fnle ii04i59q\">\n<div dir=\"auto\">EM Probiotik \u0161titi p\u010delu od naglih klimatskih promjena sa kojim se sve vi\u0161e susre\u0107u. Tako\u0111er ih priprema i \u0161titi tokom zimskih dana kako bi u prolje\u0107e mogle da obavljaju svoju funkciju u optimalnom stanju.<\/div>\n<div dir=\"auto\"><\/div>\n<\/div>\n<div class=\"cxmmr5t8 oygrvhab hcukyx3x c1et5uql o9v6fnle ii04i59q\">\n<div dir=\"auto\">EM Probiotik je prirodno rje\u0161enje za ve\u0107inu problema sa kojim se moderno p\u010delarstvo svakodnevno susre\u0107e. Proizvod je sa\u010dinjen od prirodnih kultura efektivnih mikroorganizama, koje su zastupljene svuda u prirodi, a iste imaju blagotvorno dejstvo na p\u010delinji organizam, bez da u bilo kojem obliku negativno uti\u010de na zdravlje \u017eivih bi\u0107a, odnosno okolinu u cjelini. Osnovni sastojci EM probiotika su: voda, melasa \u0161e\u0107erne trske, bakterije mlije\u010dne kiseline, fototrofne bakterije i kvasci.<\/div>\n<div dir=\"auto\"><\/div>\n<\/div>\n<div class=\"cxmmr5t8 oygrvhab hcukyx3x c1et5uql o9v6fnle ii04i59q\">\n<div dir=\"auto\">EM Probiotik za p\u010dele poti\u010de iz Japana, a dio je originalne EM Technology koju je razvio profesor Teuro Higa na Ryukyus Univerzitetu u Okinawi.<\/div>\n<div dir=\"auto\"><\/div>\n<\/div>\n<div class=\"cxmmr5t8 oygrvhab hcukyx3x c1et5uql o9v6fnle ii04i59q\">\n<div dir=\"auto\"><span class=\"pq6dq46d tbxw36s4 knj5qynh kvgmc6g5 ditlmg2l oygrvhab nvdbi5me sf5mxxl7 gl3lb2sf hhz5lgdu\"><img loading=\"lazy\" decoding=\"async\" src=\"https:\/\/static.xx.fbcdn.net\/images\/emoji.php\/v9\/tfb\/1\/16\/1f36f.png\" alt=\"\ud83c\udf6f\" width=\"16\" height=\"16\" \/><\/span> <strong>PRIMJENA:<\/strong><\/div>\n<div dir=\"auto\"><\/div>\n<\/div>\n<div class=\"cxmmr5t8 oygrvhab hcukyx3x c1et5uql o9v6fnle ii04i59q\">\n<div dir=\"auto\">Pomije\u0161ajte 2 do 5% probiotika sa 10L mlake nehlorisane vode, odnosno 200 do 500ml na 10L mlake nehlorisane vode. Smjesu je po\u017eeljno pripremiti bar 24h prije primjene. Razlog tome je \u0161to se mikroorganizmi aktiviraju i razmno\u017eavaju pomo\u0107u toplote. Gotov rastvor mo\u017ee da stoji 4 do 5 dana. Aplicirati ga mo\u017eete pomo\u0107u prskalica.<\/div>\n<\/div>\n<div class=\"cxmmr5t8 oygrvhab hcukyx3x c1et5uql o9v6fnle ii04i59q\">\n<div dir=\"auto\">Za pripremu higijenskih pojilica stavlja se 20ml EM probiotika na 10l mlake vode.<\/div>\n<\/div>\n<div class=\"cxmmr5t8 oygrvhab hcukyx3x c1et5uql o9v6fnle ii04i59q\">\n<div dir=\"auto\">Tokom zimskog perioda, ako p\u010delama dajete poga\u010du, mo\u017eete istu premazati probiotikom i na taj na\u010din ih dodatno za\u0161tititi i pripremiti za prolje\u0107e.<\/div>\n<\/div>\n<div class=\"cxmmr5t8 oygrvhab hcukyx3x c1et5uql o9v6fnle ii04i59q\">\n<div dir=\"auto\">Ako je i dalje prisutna bolest ili nametnik, dozu pove\u0107ati na 10 do 15%. U slu\u010daju kre\u010dnog legla, pripremiti 20 do 30% probiotika na 10L mlake nehlorisane vode i direktno prskati po zahva\u0107enim ramovima i okolo kako se bolest ne bi dalje \u0161irila.<\/div>\n<\/div>\n<div class=\"cxmmr5t8 oygrvhab hcukyx3x c1et5uql o9v6fnle ii04i59q\">\n<div dir=\"auto\">Ne\u0107ete pogrije\u0161iti ako stavite ve\u0107u dozu, a omjeri mogu varirati ovisno o stanju i podneblju u kojem se dru\u0161tvo nalazi. Potrebno je pratiti dru\u0161tvo i sami procijeniti da li je potrebno smanjiti ili pove\u0107ati dozu od preporu\u010dene mjere.<\/div>\n<div dir=\"auto\"><\/div>\n<\/div>\n<div class=\"cxmmr5t8 oygrvhab hcukyx3x c1et5uql o9v6fnle ii04i59q\">\n<div dir=\"auto\"><span class=\"pq6dq46d tbxw36s4 knj5qynh kvgmc6g5 ditlmg2l oygrvhab nvdbi5me sf5mxxl7 gl3lb2sf hhz5lgdu\"><img loading=\"lazy\" decoding=\"async\" src=\"https:\/\/static.xx.fbcdn.net\/images\/emoji.php\/v9\/tfb\/1\/16\/1f36f.png\" alt=\"\ud83c\udf6f\" width=\"16\" height=\"16\" \/><\/span> <strong>PRIPREMA \u0160E\u0106ERNOG SIRUPA:<\/strong><\/div>\n<div dir=\"auto\"><\/div>\n<\/div>\n<div class=\"cxmmr5t8 oygrvhab hcukyx3x c1et5uql o9v6fnle ii04i59q\">\n<div dir=\"auto\">Prilikom pripreme \u0161e\u0107ernog sirupa, u preventivne svrhe, koristi se koncentracija od 2,5% (500ml probiotika se stavlja na 20l \u0161e\u0107ernog sirupa). Me\u0111utim, u slu\u010daju lo\u0161ih uslova p\u010delinjih dru\u0161tava (napad bolesti, iscrpljenost p\u010delinjih dru\u0161tava usljed obimnih ispa\u0161a i sl.) kao i ni\u017eih vanjskih temperatura, koncentracija probitika se pove\u010dava na 5-10%. Za poticajnu prihranu p\u010delinjih dru\u0161tava koristi se EM sirup koji se dobija mje\u0161anjem 1l vode i 1kg \u0161e\u0107era u koji se dodaje 50ml EM probiotika. U ovom slu\u010daju svakoj p\u010delinjoj zajednici se dodaje po pola litra pripremljenog EM sirupa i to svaka 3 dana. Va\u017eno je napomenuti da se zbog boljeg djelovanja probiotika, \u0161e\u0107erni sirup treba pripremiti najmanje 24 sata ranije. Priprema se obavlja na na\u010din da se u prethodno pripremljen zamla\u0107en \u0161e\u0107erni sirup stavlja jedna od gore navedenih koncentracija EM probiotika. Sirup se ostavlja po strani, kako bi se kulture mikroorganizama namno\u017eile u \u0161to ve\u0107em broju i pove\u0107ala mogu\u0107nost njihovog \u0161to boljeg djelovanja na p\u010delinja dru\u0161tva.<\/div>\n<div dir=\"auto\"><\/div>\n<\/div>\n<div class=\"cxmmr5t8 oygrvhab hcukyx3x c1et5uql o9v6fnle ii04i59q\">\n<div dir=\"auto\"><span class=\"pq6dq46d tbxw36s4 knj5qynh kvgmc6g5 ditlmg2l oygrvhab nvdbi5me sf5mxxl7 gl3lb2sf hhz5lgdu\"><img loading=\"lazy\" decoding=\"async\" src=\"https:\/\/static.xx.fbcdn.net\/images\/emoji.php\/v9\/t9b\/1\/16\/1f33c.png\" alt=\"\ud83c\udf3c\" width=\"16\" height=\"16\" \/><\/span> Sredstvo je prirodno i nema karencu! <span class=\"pq6dq46d tbxw36s4 knj5qynh kvgmc6g5 ditlmg2l oygrvhab nvdbi5me sf5mxxl7 gl3lb2sf hhz5lgdu\"><img loading=\"lazy\" decoding=\"async\" src=\"https:\/\/static.xx.fbcdn.net\/images\/emoji.php\/v9\/t9b\/1\/16\/1f33c.png\" alt=\"\ud83c\udf3c\" width=\"16\" height=\"16\" \/><\/span><\/div>\n<div dir=\"auto\"><\/div>\n<\/div>\n<div class=\"cxmmr5t8 oygrvhab hcukyx3x c1et5uql o9v6fnle ii04i59q\">\n<div dir=\"auto\"><span class=\"pq6dq46d tbxw36s4 knj5qynh kvgmc6g5 ditlmg2l oygrvhab nvdbi5me sf5mxxl7 gl3lb2sf hhz5lgdu\"><img loading=\"lazy\" decoding=\"async\" src=\"https:\/\/static.xx.fbcdn.net\/images\/emoji.php\/v9\/tdd\/1\/16\/1f1ea_1f1fa.png\" alt=\"\ud83c\uddea\ud83c\uddfa\" width=\"16\" height=\"16\" \/><\/span> EM Probiotik je u skladu sa propisima Evropske komisije za proizvode koji se mogu koristiti u organskoj poljoprivredi i ne zahtjeva dodatnu potvrdu. Uz svaki na\u0161 proizvod imamo svu prate\u0107u dokumentaciju, certifikate i analize.<\/div>\n<\/div>\n<\/div>\n<\/div>\n<\/div>\n<\/div>\n<\/div>\n","protected":false},"excerpt":{"rendered":"<p><span style=\"color: #99cc00;\"><strong>EM Probiotik za p\u010dele<\/strong><\/span> je prirodno rje\u0161enje za ve\u0107inu problema sa kojim se moderno p\u010delarstvo svakodnevno susre\u0107e. Proizvod je sa\u010dinjen od prirodnih kultura efektivnih mikroorganizama, koje su zastupljene svuda u prirodi, a iste imaju blagotvorno dejstvo na p\u010delinji organizam, bez da u bilo kojem obliku negativno uti\u010de na zdravlje \u017eivih bi\u0107a, odnosno okolinu u cjelini. Osnovni sastojci EM probiotika su: voda, melasa \u0161e\u0107erne trske, bakterije mlije\u010dne kiseline, fototrofne bakterije i kvasci.<\/p>\n<p><em><strong>Sredstvo je prirodno, ne sadr\u017ei GMO i nema karencu<\/strong><\/em><\/p>\n<a href=\"https:\/\/www.behardoo.ba\/index.php\/product\/em-probiotik-za-pcele-05l\/\" class=\"btn frontech-btn\"><span><\/span>Detalji<\/a>","protected":false},"featured_media":63,"template":"","meta":[],"product_brand":[],"product_cat":[21],"product_tag":[25,186,27,679,455,169,226,462,343,286,285,310,158,319,441,984,22,26,200,98,251,359,135,187,230,618,393,619,395,982,981,314,399,71,621,993,994,401,983,985,614,990,989,991,24,986,570,772,54,678,400,275,49,23,215,272,426,620,622,992,394,94],"class_list":{"0":"post-62","1":"product","2":"type-product","3":"status-publish","4":"has-post-thumbnail","6":"product_cat-emro-program","7":"product_tag-5l","8":"product_tag-agrar","9":"product_tag-agro","10":"product_tag-apoteka","11":"product_tag-bakterija","12":"product_tag-bakterije","13":"product_tag-behar","14":"product_tag-behardoo","15":"product_tag-bih","16":"product_tag-bosna","17":"product_tag-bosnia","18":"product_tag-d-o-o","19":"product_tag-dezinfekcija","20":"product_tag-doo","21":"product_tag-dostava","22":"product_tag-efektivni","23":"product_tag-em","24":"product_tag-emro","25":"product_tag-farm","26":"product_tag-farma","27":"product_tag-farmer","28":"product_tag-hercegovina","29":"product_tag-insekti","30":"product_tag-japan","31":"product_tag-koncentrat","32":"product_tag-krecno","33":"product_tag-kupi","34":"product_tag-leglo","35":"product_tag-maloprodaja","36":"product_tag-mikro","37":"product_tag-mikroorganizmi","38":"product_tag-ml","39":"product_tag-naruci","40":"product_tag-njemacka","41":"product_tag-nozemoza","42":"product_tag-nozemoze","43":"product_tag-nozemozu","44":"product_tag-online","45":"product_tag-organizmi","46":"product_tag-pcela","47":"product_tag-pcelar","48":"product_tag-pcelare","49":"product_tag-pcelari","50":"product_tag-pcelaru","51":"product_tag-pcele","52":"product_tag-pceli","53":"product_tag-poljo","54":"product_tag-poljoapoteka","55":"product_tag-poljoprivreda","56":"product_tag-poljoprivredna","57":"product_tag-poruci","58":"product_tag-povrce","59":"product_tag-prirodno","60":"product_tag-probiotik","61":"product_tag-prskanje","62":"product_tag-sarajevo","63":"product_tag-shop","64":"product_tag-varoa","65":"product_tag-varoe","66":"product_tag-varou","67":"product_tag-veleprodaja","68":"product_tag-zastita","70":"first","71":"instock","72":"shipping-taxable","73":"product-type-external"},"jetpack_sharing_enabled":true,"_links":{"self":[{"href":"https:\/\/www.behardoo.ba\/index.php\/wp-json\/wp\/v2\/product\/62","targetHints":{"allow":["GET"]}}],"collection":[{"href":"https:\/\/www.behardoo.ba\/index.php\/wp-json\/wp\/v2\/product"}],"about":[{"href":"https:\/\/www.behardoo.ba\/index.php\/wp-json\/wp\/v2\/types\/product"}],"wp:featuredmedia":[{"embeddable":true,"href":"https:\/\/www.behardoo.ba\/index.php\/wp-json\/wp\/v2\/media\/63"}],"wp:attachment":[{"href":"https:\/\/www.behardoo.ba\/index.php\/wp-json\/wp\/v2\/media?parent=62"}],"wp:term":[{"taxonomy":"product_brand","embeddable":true,"href":"https:\/\/www.behardoo.ba\/index.php\/wp-json\/wp\/v2\/product_brand?post=62"},{"taxonomy":"product_cat","embeddable":true,"href":"https:\/\/www.behardoo.ba\/index.php\/wp-json\/wp\/v2\/product_cat?post=62"},{"taxonomy":"product_tag","embeddable":true,"href":"https:\/\/www.behardoo.ba\/index.php\/wp-json\/wp\/v2\/product_tag?post=62"}],"curies":[{"name":"wp","href":"https:\/\/api.w.org\/{rel}","templated":true}]}}