{"id":629,"date":"2025-12-03T17:42:25","date_gmt":"2025-12-03T16:42:25","guid":{"rendered":"https:\/\/www.behardoo.ba\/?post_type=product&#038;p=629"},"modified":"2025-12-03T17:42:26","modified_gmt":"2025-12-03T16:42:26","slug":"adama-foval-gel-protiv-mrava-35g","status":"publish","type":"product","link":"https:\/\/www.behardoo.ba\/index.php\/product\/adama-foval-gel-protiv-mrava-35g\/","title":{"rendered":"Adama Foval Gel protiv mrava 35g"},"content":{"rendered":"<p>Adama Gel protiv mrava je idealan za kontrolu mrava na otvorenom i u zatvorenom prostoru. Gel se postavlja tamo gdje se mravi najvi\u0161e kre\u0107i, zatim ga nose nazad u leglo gdje se ostali mravi zaraze i dolazi do potpune eliminacije uklju\u010duju\u0107i i maticu. Gel ih postepeno ubija, a izaziva i nervni efekat gdje zara\u017eeni mravi po\u010dinju napadati druge mrave.<\/p>\n<p><strong>Unutra\u0161nja primjena:<\/strong><\/p>\n<p>Gel postaviti po ta\u010dku ili malu liniju tamo gdje se kre\u0107u ili kod ulaza u leglo. Nanijeti u blizini fri\u017eidera, \u010desme, pe\u0107i, sudopera, ormari\u0107a, podruma, gara\u017ea.<\/p>\n<p><strong>Vanjska primjena:<\/strong><\/p>\n<p>Gel postaviti po ta\u010dku ili malu liniju tamo gdje se kre\u0107u ili kod ulaza u leglo. Gledajte da postavite tamo gdje ga ki\u0161a ne mo\u017ee saprati.<\/p>\n<p><strong>Sastav:<\/strong><\/p>\n<p>Imidacloprid &#8211; 0,01%<br \/>\nBitrex &#8211; 0,008%<br \/>\nCoformulanti 100%<\/p>\n<p>\u260e\ufe0f Za sve informacije nam pi\u0161ite ili nas pozovite na: <strong>+387 61 221 470<\/strong><\/p>\n","protected":false},"excerpt":{"rendered":"<p>Adama Gel protiv mrava je idealan za kontrolu mrava na otvorenom i u zatvorenom prostoru. Gel se postavlja tamo gdje se mravi najvi\u0161e kre\u0107i, zatim ga nose nazad u leglo gdje se ostali mravi zaraze i dolazi do potpune eliminacije uklju\u010duju\u0107i i maticu. Gel ih postepeno ubija, a izaziva i nervni efekat gdje zara\u017eeni mravi po\u010dinju napadati druge mrave.<\/p>\n<a href=\"https:\/\/www.behardoo.ba\/index.php\/product\/adama-foval-gel-protiv-mrava-35g\/\" class=\"btn frontech-btn\"><span><\/span>Detalji<\/a>","protected":false},"featured_media":630,"template":"","meta":[],"product_brand":[1110,1138],"product_cat":[351,50],"product_tag":[82,145,186,27,679,226,462,343,1154,286,285,396,388,310,425,235,236,319,441,200,98,251,1151,81,224,359,813,747,135,47,790,146,393,395,151,938,149,1153,399,401,570,772,54,678,400,539,272,426,86,814,85,239,394,94],"class_list":{"0":"post-629","1":"product","2":"type-product","3":"status-publish","4":"has-post-thumbnail","6":"product_brand-adama","7":"product_brand-kollant","8":"product_cat-deratizacija","9":"product_cat-insekticidi","10":"product_tag-35g","11":"product_tag-adama","12":"product_tag-agrar","13":"product_tag-agro","14":"product_tag-apoteka","15":"product_tag-behar","16":"product_tag-behardoo","17":"product_tag-bih","18":"product_tag-bitrex","19":"product_tag-bosna","20":"product_tag-bosnia","21":"product_tag-chem","22":"product_tag-chemical","23":"product_tag-d-o-o","24":"product_tag-ddd","25":"product_tag-deratizacija","26":"product_tag-dezinsekcija","27":"product_tag-doo","28":"product_tag-dostava","29":"product_tag-farm","30":"product_tag-farma","31":"product_tag-farmer","32":"product_tag-foval","33":"product_tag-gel","34":"product_tag-hemija","35":"product_tag-hercegovina","36":"product_tag-imidacloprid","37":"product_tag-imidakloprid","38":"product_tag-insekti","39":"product_tag-insekticid","40":"product_tag-italija","41":"product_tag-kollant","42":"product_tag-kupi","43":"product_tag-maloprodaja","44":"product_tag-mrav","45":"product_tag-mrava","46":"product_tag-mrave","47":"product_tag-mravi-mravu","48":"product_tag-naruci","49":"product_tag-online","50":"product_tag-poljo","51":"product_tag-poljoapoteka","52":"product_tag-poljoprivreda","53":"product_tag-poljoprivredna","54":"product_tag-poruci","55":"product_tag-protiv","56":"product_tag-sarajevo","57":"product_tag-shop","58":"product_tag-sprica","59":"product_tag-suzbijanje","60":"product_tag-tuba","61":"product_tag-ultra","62":"product_tag-veleprodaja","63":"product_tag-zastita","65":"first","66":"instock","67":"shipping-taxable","68":"product-type-external"},"jetpack_sharing_enabled":true,"_links":{"self":[{"href":"https:\/\/www.behardoo.ba\/index.php\/wp-json\/wp\/v2\/product\/629","targetHints":{"allow":["GET"]}}],"collection":[{"href":"https:\/\/www.behardoo.ba\/index.php\/wp-json\/wp\/v2\/product"}],"about":[{"href":"https:\/\/www.behardoo.ba\/index.php\/wp-json\/wp\/v2\/types\/product"}],"wp:featuredmedia":[{"embeddable":true,"href":"https:\/\/www.behardoo.ba\/index.php\/wp-json\/wp\/v2\/media\/630"}],"wp:attachment":[{"href":"https:\/\/www.behardoo.ba\/index.php\/wp-json\/wp\/v2\/media?parent=629"}],"wp:term":[{"taxonomy":"product_brand","embeddable":true,"href":"https:\/\/www.behardoo.ba\/index.php\/wp-json\/wp\/v2\/product_brand?post=629"},{"taxonomy":"product_cat","embeddable":true,"href":"https:\/\/www.behardoo.ba\/index.php\/wp-json\/wp\/v2\/product_cat?post=629"},{"taxonomy":"product_tag","embeddable":true,"href":"https:\/\/www.behardoo.ba\/index.php\/wp-json\/wp\/v2\/product_tag?post=629"}],"curies":[{"name":"wp","href":"https:\/\/api.w.org\/{rel}","templated":true}]}}