{"id":639,"date":"2026-01-27T12:07:26","date_gmt":"2026-01-27T11:07:26","guid":{"rendered":"https:\/\/www.behardoo.ba\/?post_type=product&#038;p=639"},"modified":"2026-01-27T12:07:29","modified_gmt":"2026-01-27T11:07:29","slug":"zohari-stop-500g-kuglice-protiv-zohara","status":"publish","type":"product","link":"https:\/\/www.behardoo.ba\/index.php\/product\/zohari-stop-500g-kuglice-protiv-zohara\/","title":{"rendered":"\u017dohari STOP 500g &#8211; kuglice protiv \u017eohara"},"content":{"rendered":"<p><strong>\u017dohari STOP !\u00a0<\/strong><\/p>\n<p>Jedan od naju\u010dinkovitijih na\u010dina suzbijanja \u017eohara u svim vrstama prostora i uslova.<\/p>\n<p><strong>*STANOVI:<\/strong> U spava\u0107oj sobi i dnevnom boravku po jedna kuglica u ugao prostorije; U kuhinji i ostavi po jedna kuglica iza \u0161poreta, ma\u0161ine za pranje su\u0111a, u ku\u0107i\u0161te fri\u017eidera, zamrziva\u010da, svakog kuhinjskog elementa po pola kuglice; ostala mjesta kao \u0161to su police u ostavi, slivnici cijevi od grijanja, vodovodne i kanalizacione cijevi, ispod lavaboa, sudopera, mjesta sa o\u0161te\u0107enim kerami\u010dkim plo\u010dicama po pola do jedne kuglice.<\/p>\n<p><strong>*Ugostiteljskim, prehrambeni i mlinsko-pekarskim objektima:<\/strong> po 1-3 kuglice<\/p>\n<p><strong>*Bolnicama, \u0161kolama i obdeni\u0161tima:<\/strong> po 1-2 kuglice (sve zavisi od prisutnosti \u017eohara i procjene ugrozenosti).<\/p>\n<p><strong>DEJSTVO:<\/strong><br \/>\nNakon postavljanja kuglica, insekti ih konzumiraju i ugibaju za maksimalno 7 dana. Aktivna materija u preparatu kod \u017eohara dovodi do nadra\u017eljivosti, paralize i smrti koja nastupa do 2 dana nakon konzumiranja kuglice.<\/p>\n<p>U ponudi imamo i pakovanje od<strong> 10 kuglica\u00a0 &#8211; 2,00 KM<\/strong><\/p>\n<p>\ud83d\ude9a Tro\u0161ak dostave brzom po\u0161tom je <strong>9,00 KM<\/strong><\/p>\n<p>\u260e\ufe0f Za sve informacije nam pi\u0161ite, ili nas pozovite na: <strong>061 221 470<\/strong><\/p>\n","protected":false},"excerpt":{"rendered":"<p><strong>\u017dohari STOP !\u00a0<\/strong><\/p>\n<p>Jedan od naju\u010dinkovitijih na\u010dina suzbijanja \u017eohara u svim vrstama prostora i uslova.<\/p>\n<p><strong>DEJSTVO:<\/strong><br \/>\nNakon postavljanja kuglica, insekti ih konzumiraju i ugibaju za maksimalno 7 dana. Aktivna materija u preparatu kod \u017eohara dovodi do nadra\u017eljivosti, paralize i smrti koja nastupa do 2 dana nakon konzumiranja kuglice.<\/p>\n<a href=\"https:\/\/www.behardoo.ba\/index.php\/product\/zohari-stop-500g-kuglice-protiv-zohara\/\" class=\"btn frontech-btn\"><span><\/span>Detalji<\/a>","protected":false},"featured_media":529,"template":"","meta":[],"product_brand":[1155],"product_cat":[351,50],"product_tag":[356,102,186,27,679,226,462,343,286,285,745,396,388,1016,1017,310,425,235,319,441,200,98,251,379,224,359,135,47,1015,393,395,399,401,87,570,772,54,678,400,539,1019,1020,272,426,551,394,94,255,150,83,933,1018],"class_list":{"0":"post-639","1":"product","2":"type-product","3":"status-publish","4":"has-post-thumbnail","6":"product_brand-eko-bel","7":"product_cat-deratizacija","8":"product_cat-insekticidi","9":"product_tag-356","10":"product_tag-500g","11":"product_tag-agrar","12":"product_tag-agro","13":"product_tag-apoteka","14":"product_tag-behar","15":"product_tag-behardoo","16":"product_tag-bih","17":"product_tag-bosna","18":"product_tag-bosnia","19":"product_tag-bubasvabe","20":"product_tag-chem","21":"product_tag-chemical","22":"product_tag-cockroach","23":"product_tag-cockroaches","24":"product_tag-d-o-o","25":"product_tag-ddd","26":"product_tag-deratizacija","27":"product_tag-doo","28":"product_tag-dostava","29":"product_tag-farm","30":"product_tag-farma","31":"product_tag-farmer","32":"product_tag-g","33":"product_tag-hemija","34":"product_tag-hercegovina","35":"product_tag-insekti","36":"product_tag-insekticid","37":"product_tag-kuglice","38":"product_tag-kupi","39":"product_tag-maloprodaja","40":"product_tag-naruci","41":"product_tag-online","42":"product_tag-otrov","43":"product_tag-poljo","44":"product_tag-poljoapoteka","45":"product_tag-poljoprivreda","46":"product_tag-poljoprivredna","47":"product_tag-poruci","48":"product_tag-protiv","49":"product_tag-roach","50":"product_tag-roaches","51":"product_tag-sarajevo","52":"product_tag-shop","53":"product_tag-stop","54":"product_tag-veleprodaja","55":"product_tag-zastita","56":"product_tag-zohara","57":"product_tag-zohare","58":"product_tag-zohari","59":"product_tag-zoharu","60":"product_tag-zute","62":"first","63":"instock","64":"shipping-taxable","65":"product-type-external"},"jetpack_sharing_enabled":true,"_links":{"self":[{"href":"https:\/\/www.behardoo.ba\/index.php\/wp-json\/wp\/v2\/product\/639","targetHints":{"allow":["GET"]}}],"collection":[{"href":"https:\/\/www.behardoo.ba\/index.php\/wp-json\/wp\/v2\/product"}],"about":[{"href":"https:\/\/www.behardoo.ba\/index.php\/wp-json\/wp\/v2\/types\/product"}],"wp:featuredmedia":[{"embeddable":true,"href":"https:\/\/www.behardoo.ba\/index.php\/wp-json\/wp\/v2\/media\/529"}],"wp:attachment":[{"href":"https:\/\/www.behardoo.ba\/index.php\/wp-json\/wp\/v2\/media?parent=639"}],"wp:term":[{"taxonomy":"product_brand","embeddable":true,"href":"https:\/\/www.behardoo.ba\/index.php\/wp-json\/wp\/v2\/product_brand?post=639"},{"taxonomy":"product_cat","embeddable":true,"href":"https:\/\/www.behardoo.ba\/index.php\/wp-json\/wp\/v2\/product_cat?post=639"},{"taxonomy":"product_tag","embeddable":true,"href":"https:\/\/www.behardoo.ba\/index.php\/wp-json\/wp\/v2\/product_tag?post=639"}],"curies":[{"name":"wp","href":"https:\/\/api.w.org\/{rel}","templated":true}]}}