{"id":65,"date":"2021-06-07T15:18:37","date_gmt":"2021-06-07T13:18:37","guid":{"rendered":"http:\/\/www.behardoo.ba\/?post_type=product&#038;p=65"},"modified":"2021-11-04T13:45:45","modified_gmt":"2021-11-04T12:45:45","slug":"em-agro-5l","status":"publish","type":"product","link":"https:\/\/www.behardoo.ba\/index.php\/product\/em-agro-5l\/","title":{"rendered":"EM Agro 5L"},"content":{"rendered":"<p><span style=\"color: #99cc00;\"><strong>EM AGRO<\/strong><\/span> je teku\u0107e oragnsko gnjojivo za upotrebu u poljoprivredi koje sadr\u017ei kulturu originalnih efektivnih mikro organizama EM-1. Zlatnosme\u0111e je boje blago kiselog mirisa i okusa. Svi mikroorganizmi su prirodni i nisu GMO.<br \/>\nProizvod je siguran za ljude, \u017eivotinje i biljke te ga ne treba posebno ozna\u010davati. Pripravak korisnih mikroorganizama sa probioti\u010dkim i regenerativnim svojstvima koje je razvio profesor Teuro Higa iz Japana<\/p>\n<p><strong>NAMJENA:<\/strong><br \/>\n&#8211; Popravlja strukturu tla<br \/>\n&#8211; Ubrzava raspadanje ostataka u tlu nakon usjeva<br \/>\n&#8211; Br\u017ee i ja\u010de nicanje biljaka<br \/>\n&#8211; Primjena na tlu i vegetaciji<br \/>\n&#8211; Poti\u010de rast i razvoj biljaka<br \/>\n&#8211; Pobolj\u0161anje zdravlja biljaka<br \/>\n&#8211; Pobolj\u0161anje kvalitete i prinosa<\/p>\n<p><strong>PRIMJENA I DOZIRANJE:<\/strong><\/p>\n<p>1. Prskanje tla: Preporu\u010dena koncentracija 10% ili 40% do 60 L razrijediti sa 400 L vode po hektaru. Temperatura tla iznad 5-8\u00b0 C, tlo nakon prskanja preorati ili zatanjurati (pomje\u0161ati sa zemljom).<br \/>\n2. Tretman sjemena: sjeme natopiti u 5% koncentratu kroz period od 3-5 minuta.<br \/>\n3. Folijarno prskanje: 10% koncentrat (40-60 L mje\u0161ati sa 400 L &#8211; 600 L vode) po ha prskati tijekom vegetacije 1 puta sedmi\u010dno. Prskanje je potrebno provoditi u intervalima od 2-3 minute 2-3 sedmice tokom vegetacije. Ako se koriste hemikalije za za\u0161titu biljaka, napraviti razmak od minimum 15 dana. Preparat EM AGRO se mo\u017ee kombinirati kao sprej za folijarnu primjenu.<br \/>\n4. Za zalijevanje koristiti 1% otopinu svakih 7 dana (1L razdrje\u0111ena sa 100 L vode za povr\u0161inu 25-50 m2). Pripremljenu otopinu sipati u prskalicu i dobro izmje\u0161ati.<br \/>\nSredstvo je prirodno i nema karencu<\/p>\n<p><strong>SASTAV:<\/strong><br \/>\n&#8211; Fotosintetske bakterije, bakterije mlije\u010dne kiseline, gljivice, kvasci, melasa \u0161e\u0107erne trske i voda, azobakterije<br \/>\n&#8211; Proizvod ne sadr\u017ei genetski modificirane mikroorganizme (GMO). Proizvod ne sadr\u017ei konzervanse i stabilizatore (sol), pH proizvoda: 3,5<\/p>\n<p><em><strong>Sredstvo je prirodno, ne sadr\u017ei GMO i nema karencu<\/strong><\/em><\/p>\n","protected":false},"excerpt":{"rendered":"<p><span style=\"color: #99cc00;\"><strong>EM AGRO<\/strong><\/span> je teku\u0107e oragnsko gnjojivo za upotrebu u poljoprivredi koje sadr\u017ei kulturu originalnih efektivnih mikro organizama EM-1. Zlatnosme\u0111e je boje blago kiselog mirisa i okusa.<\/p>\n<p><em><strong>Sredstvo je prirodno, ne sadr\u017ei GMO i nema karencu<\/strong><\/em><\/p>\n<a href=\"https:\/\/www.behardoo.ba\/index.php\/product\/em-agro-5l\/\" class=\"btn frontech-btn\"><span><\/span>Detalji<\/a>","protected":false},"featured_media":66,"template":"","meta":[],"product_brand":[],"product_cat":[21,201,216],"product_tag":[25,27,22,29,28],"class_list":{"0":"post-65","1":"product","2":"type-product","3":"status-publish","4":"has-post-thumbnail","6":"product_cat-emro-program","7":"product_cat-fungicidi","8":"product_cat-herbicidi","9":"product_tag-5l","10":"product_tag-agro","11":"product_tag-em","12":"product_tag-gnjojivo","13":"product_tag-organsko","15":"first","16":"instock","17":"shipping-taxable","18":"product-type-external"},"jetpack_sharing_enabled":true,"_links":{"self":[{"href":"https:\/\/www.behardoo.ba\/index.php\/wp-json\/wp\/v2\/product\/65","targetHints":{"allow":["GET"]}}],"collection":[{"href":"https:\/\/www.behardoo.ba\/index.php\/wp-json\/wp\/v2\/product"}],"about":[{"href":"https:\/\/www.behardoo.ba\/index.php\/wp-json\/wp\/v2\/types\/product"}],"wp:featuredmedia":[{"embeddable":true,"href":"https:\/\/www.behardoo.ba\/index.php\/wp-json\/wp\/v2\/media\/66"}],"wp:attachment":[{"href":"https:\/\/www.behardoo.ba\/index.php\/wp-json\/wp\/v2\/media?parent=65"}],"wp:term":[{"taxonomy":"product_brand","embeddable":true,"href":"https:\/\/www.behardoo.ba\/index.php\/wp-json\/wp\/v2\/product_brand?post=65"},{"taxonomy":"product_cat","embeddable":true,"href":"https:\/\/www.behardoo.ba\/index.php\/wp-json\/wp\/v2\/product_cat?post=65"},{"taxonomy":"product_tag","embeddable":true,"href":"https:\/\/www.behardoo.ba\/index.php\/wp-json\/wp\/v2\/product_tag?post=65"}],"curies":[{"name":"wp","href":"https:\/\/api.w.org\/{rel}","templated":true}]}}