{"id":69,"date":"2021-06-08T19:54:41","date_gmt":"2021-06-08T17:54:41","guid":{"rendered":"http:\/\/www.behardoo.ba\/?post_type=product&#038;p=69"},"modified":"2025-08-25T19:02:23","modified_gmt":"2025-08-25T17:02:23","slug":"eko-em-plus-5l","status":"publish","type":"product","link":"https:\/\/www.behardoo.ba\/index.php\/product\/eko-em-plus-5l\/","title":{"rendered":"Eko EM Plus 5L"},"content":{"rendered":"<p><span style=\"color: #00ccff;\"><strong>Eko EM Plus<\/strong><\/span> je mikrobiolo\u0161ki aktivator namijenjen za uklanjanje neugodnih mirisa, pro\u010depljavanje odvoda i razgradnje organske materije i mulja.<\/p>\n<p><strong>SASTAV:<\/strong><br \/>\nFotosintetske bakterije, bakterije mlije\u010dne kiseline, gljivice, kvasci, prirodni mikroorganizmi, melasa<\/p>\n<p><strong>NAMJENA:<\/strong><br \/>\n&#8211; Obrada otpadnih voda<br \/>\n&#8211; Obrada mulja<br \/>\n&#8211; Obrada komunalnog otpada<br \/>\n&#8211; Kompostiranje bio otpada<br \/>\n&#8211; Neutralizacija neugodnih mirisa<br \/>\n&#8211; Tretiranje septi\u010dkih jama<br \/>\n&#8211; Tretiranje priru\u010dnih toaleta<br \/>\n&#8211; Ot\u010depljavanje odvoda<br \/>\n&#8211; Spre\u010davanje korozije<\/p>\n<p><strong>PRIMJENA:<\/strong><br \/>\nObrada otpadnih voda i sl.:<br \/>\n1 L na 7 m3 za redukciju neugodnih mirisa<br \/>\n1 L na 5 m3 za redukciju masno\u0107a, mulja i popravak karekteristika otpadnih voda \u2013 kontinuirano<br \/>\nObrada krutog otpada:<br \/>\n1:5 do 1:800 za redukciju mirisa, \u0161tetnih plinova, kompostiranje bio otpada<\/p>\n<p><strong><em>Sredstvo je prirodno i nema karencu<\/em><\/strong><\/p>\n<p>Eko EM Plus je otopina koja se dobije aktivacijom originalne kulture efektivnih mikroorganizama EM-1 ,profesora Teuro Hige iz Japana, u melasi i vodi. Otopina je zlatnosme\u0111e boje, blago kiselog mirisa i okusa. Svi mikroorganizmi su prirodni i nisu genetski modificirani (GMO). Proizvod nije \u0161tetan za ljude, \u017eivotinje i biljke.<\/p>\n<p>Mo\u017ee se koristiti za kompostiranje kuhinjskog otpada u kantama ili u specijalnim odlagali\u0161tima za tu namjenu. Ako se uzme u obzir da se vi\u0161e od pola ku\u0107anskog otpada odnosi na kuhinjske ostatke, prvenstveno hrane, njihovo prikladno procesuiranje ima zna\u010dajnu ekonomsku i ekolo\u0161ku va\u017enost. Kompostiranjem organskih ostataka dobiva se visokokvalitetno \u0111ubrivo. Eko EM Plus omogu\u0107ava stabilnu fermentaciju uz eliminaciju neugodnih mirisa, lete\u0107ih insekata, kao i eliminisanje eventualne mogu\u0107nosti ukorjenjavanja biljnih ostataka. Pravilnom upotrebom ovog proizvoda mo\u017ee se zna\u010dajno u\u0161tediti na vremenu i novcu.<\/p>\n","protected":false},"excerpt":{"rendered":"<p><span style=\"color: #00ccff;\"><strong>Eko EM Plus<\/strong><\/span> je mikrobiolo\u0161ki aktivator namijenjen za uklanjanje neugodnih mirisa, pro\u010depljavanje odvoda i razgradnje organske materije i mulja.<\/p>\n<p><em><strong>Sredstvo je prirodno, ne sadr\u017ei GMO i nema karencu<\/strong><\/em><\/p>\n<a href=\"https:\/\/www.behardoo.ba\/index.php\/product\/eko-em-plus-5l\/\" class=\"btn frontech-btn\"><span><\/span>Detalji<\/a>","protected":false},"featured_media":70,"template":"","meta":[],"product_brand":[],"product_cat":[351,21],"product_tag":[25,186,27,679,226,462,343,286,285,42,310,319,441,1029,984,30,1026,1027,22,1028,26,200,98,251,359,34,35,44,36,393,395,981,37,38,39,1030,41,40,399,43,401,31,570,772,54,678,400,272,32,33,426,394],"class_list":{"0":"post-69","1":"product","2":"type-product","3":"status-publish","4":"has-post-thumbnail","6":"product_cat-deratizacija","7":"product_cat-emro-program","8":"product_tag-5l","9":"product_tag-agrar","10":"product_tag-agro","11":"product_tag-apoteka","12":"product_tag-behar","13":"product_tag-behardoo","14":"product_tag-bih","15":"product_tag-bosna","16":"product_tag-bosnia","17":"product_tag-cijevi","18":"product_tag-d-o-o","19":"product_tag-doo","20":"product_tag-dostava","21":"product_tag-eco","22":"product_tag-efektivni","23":"product_tag-eko","24":"product_tag-ekoem","25":"product_tag-ekoemplus","26":"product_tag-em","27":"product_tag-emplus","28":"product_tag-emro","29":"product_tag-farm","30":"product_tag-farma","31":"product_tag-farmer","32":"product_tag-hercegovina","33":"product_tag-jama","34":"product_tag-jame","35":"product_tag-kanalizacija","36":"product_tag-kompost","37":"product_tag-kupi","38":"product_tag-maloprodaja","39":"product_tag-mikroorganizmi","40":"product_tag-miris","41":"product_tag-mirisa","42":"product_tag-mirisi","43":"product_tag-mirkoorganizmi","44":"product_tag-muhe","45":"product_tag-musice","46":"product_tag-naruci","47":"product_tag-odvod","48":"product_tag-online","49":"product_tag-plus","50":"product_tag-poljo","51":"product_tag-poljoapoteka","52":"product_tag-poljoprivreda","53":"product_tag-poljoprivredna","54":"product_tag-poruci","55":"product_tag-sarajevo","56":"product_tag-septicka","57":"product_tag-septicke","58":"product_tag-shop","59":"product_tag-veleprodaja","61":"first","62":"instock","63":"shipping-taxable","64":"product-type-external"},"jetpack_sharing_enabled":true,"_links":{"self":[{"href":"https:\/\/www.behardoo.ba\/index.php\/wp-json\/wp\/v2\/product\/69","targetHints":{"allow":["GET"]}}],"collection":[{"href":"https:\/\/www.behardoo.ba\/index.php\/wp-json\/wp\/v2\/product"}],"about":[{"href":"https:\/\/www.behardoo.ba\/index.php\/wp-json\/wp\/v2\/types\/product"}],"wp:featuredmedia":[{"embeddable":true,"href":"https:\/\/www.behardoo.ba\/index.php\/wp-json\/wp\/v2\/media\/70"}],"wp:attachment":[{"href":"https:\/\/www.behardoo.ba\/index.php\/wp-json\/wp\/v2\/media?parent=69"}],"wp:term":[{"taxonomy":"product_brand","embeddable":true,"href":"https:\/\/www.behardoo.ba\/index.php\/wp-json\/wp\/v2\/product_brand?post=69"},{"taxonomy":"product_cat","embeddable":true,"href":"https:\/\/www.behardoo.ba\/index.php\/wp-json\/wp\/v2\/product_cat?post=69"},{"taxonomy":"product_tag","embeddable":true,"href":"https:\/\/www.behardoo.ba\/index.php\/wp-json\/wp\/v2\/product_tag?post=69"}],"curies":[{"name":"wp","href":"https:\/\/api.w.org\/{rel}","templated":true}]}}