{"id":82,"date":"2021-06-09T18:53:16","date_gmt":"2021-06-09T16:53:16","guid":{"rendered":"http:\/\/www.behardoo.ba\/?post_type=product&#038;p=82"},"modified":"2025-08-25T19:01:22","modified_gmt":"2025-08-25T17:01:22","slug":"brodifacoum-mini-block-10g-10kg-pak","status":"publish","type":"product","link":"https:\/\/www.behardoo.ba\/index.php\/product\/brodifacoum-mini-block-10g-10kg-pak\/","title":{"rendered":"Brodifacoum Mini Block 10g (10kg pak.)"},"content":{"rendered":"<p><span style=\"color: #ff00ff;\"><strong>Brodifacoum Mini Block 10g (10kg pak.)<\/strong><\/span><\/p>\n<ul>\n<li>Za brobu protiv mi\u0161eva u ku\u0107i i oko zgrade<\/li>\n<li>lako se pri\u010dvr\u0161\u0107uje zahvaljuju\u0107i integriranom otvoru za vje\u0161anje<\/li>\n<li>otporan na sve vremenske uvjete<\/li>\n<\/ul>\n<p><strong>Aktivna supstanca:<br \/>\n<\/strong>0,05 g \/ kg brodifakuma sa konzervansima i gorkim tvarima<\/p>\n<p><strong>Doziranje:<br \/>\n<\/strong>20\u201350 g na udaljenosti od oko 2-3 m.<\/p>\n","protected":false},"excerpt":{"rendered":"<p><span style=\"color: #ff00ff;\"><strong>Brodifacoum Mini Block 10g (10kg pak.)<\/strong><\/span><\/p>\n<ul>\n<li>Za brobu protiv mi\u0161eva u ku\u0107i i oko zgrade<\/li>\n<li>lako se pri\u010dvr\u0161\u0107uje zahvaljuju\u0107i integriranom otvoru za vje\u0161anje<\/li>\n<li>otporan na sve vremenske uvjete<\/li>\n<\/ul>\n<p><strong>Aktivna supstanca:<br \/>\n<\/strong>0,05 g \/ kg brodifakuma sa konzervansima i gorkim tvarima<\/p>\n<p><strong>Doziranje:<br \/>\n<\/strong>20\u201350 g na udaljenosti od oko 2-3 m.<\/p>\n<a href=\"https:\/\/www.behardoo.ba\/index.php\/product\/brodifacoum-mini-block-10g-10kg-pak\/\" class=\"btn frontech-btn\"><span><\/span>Detalji<\/a>","protected":false},"featured_media":83,"template":"","meta":[],"product_brand":[],"product_cat":[57,58],"product_tag":[65,63,62,60,59,44,64,66,67,71,72,68,61,69,70],"class_list":{"0":"post-82","1":"product","2":"type-product","3":"status-publish","4":"has-post-thumbnail","6":"product_cat-detia-program","7":"product_cat-rodenticidi","8":"product_tag-10g","9":"product_tag-block","10":"product_tag-blok","11":"product_tag-degesch","12":"product_tag-detia","13":"product_tag-kanalizacija","14":"product_tag-mini","15":"product_tag-mis","16":"product_tag-misevi","17":"product_tag-njemacka","18":"product_tag-njemacki","19":"product_tag-pacovi","20":"product_tag-parafinski","21":"product_tag-poljski","22":"product_tag-rodenticid","24":"first","25":"instock","26":"shipping-taxable","27":"product-type-external"},"jetpack_sharing_enabled":true,"_links":{"self":[{"href":"https:\/\/www.behardoo.ba\/index.php\/wp-json\/wp\/v2\/product\/82","targetHints":{"allow":["GET"]}}],"collection":[{"href":"https:\/\/www.behardoo.ba\/index.php\/wp-json\/wp\/v2\/product"}],"about":[{"href":"https:\/\/www.behardoo.ba\/index.php\/wp-json\/wp\/v2\/types\/product"}],"wp:featuredmedia":[{"embeddable":true,"href":"https:\/\/www.behardoo.ba\/index.php\/wp-json\/wp\/v2\/media\/83"}],"wp:attachment":[{"href":"https:\/\/www.behardoo.ba\/index.php\/wp-json\/wp\/v2\/media?parent=82"}],"wp:term":[{"taxonomy":"product_brand","embeddable":true,"href":"https:\/\/www.behardoo.ba\/index.php\/wp-json\/wp\/v2\/product_brand?post=82"},{"taxonomy":"product_cat","embeddable":true,"href":"https:\/\/www.behardoo.ba\/index.php\/wp-json\/wp\/v2\/product_cat?post=82"},{"taxonomy":"product_tag","embeddable":true,"href":"https:\/\/www.behardoo.ba\/index.php\/wp-json\/wp\/v2\/product_tag?post=82"}],"curies":[{"name":"wp","href":"https:\/\/api.w.org\/{rel}","templated":true}]}}