{"id":84,"date":"2021-06-09T18:59:13","date_gmt":"2021-06-09T16:59:13","guid":{"rendered":"http:\/\/www.behardoo.ba\/?post_type=product&#038;p=84"},"modified":"2025-08-25T19:01:57","modified_gmt":"2025-08-25T17:01:57","slug":"bromadiolone-pasta-20g-20kg-pak","status":"publish","type":"product","link":"https:\/\/www.behardoo.ba\/index.php\/product\/bromadiolone-pasta-20g-20kg-pak\/","title":{"rendered":"Bromadiolone Pasta 20g (20kg pak.)"},"content":{"rendered":"<p><span style=\"color: #3366ff;\"><strong>Bromadiolone Pasta 20g (20kg pak.)<\/strong><\/span><\/p>\n<ul>\n<li>Za borbu protiv pacova, ku\u0107nih \u0161takora i ku\u0107nih mi\u0161eva u zgradama i okolini<\/li>\n<li>Vrlo efikasan protiv ku\u0107nih mi\u0161eva i \u0161takora u prostorijama, na otvorenom, sto\u010darstvu i oko zgrada<\/li>\n<li>Posebno za mjesta sa alternativnom prehranom<\/li>\n<li>U prakti\u010dnim vre\u0107icama.<\/li>\n<\/ul>\n<p><strong>Aktivna supstanca:<\/strong><\/p>\n<p>0,005% bromadiolone; IUPAC 3 [3-(4 bromobifenil-4-II) 3-hidroksi-1-fenilpropil]; 4-hidroksikumarin; biljni nosa\u010d<br \/>\ns konzervansima i gorkim tvarima<\/p>\n<p><strong>Doziranje:<\/strong><\/p>\n<ul>\n<li>Poljski \u0161takori \/ ku\u0107ni \u0161takori: 60-100 g \/ 100 m\u00b2<\/li>\n<li>Ku\u0107ni mi\u0161evi: 40 g \/ 100 m\u00b2.<\/li>\n<\/ul>\n","protected":false},"excerpt":{"rendered":"<p><span style=\"color: #3366ff;\"><strong>Bromadiolone Pasta 20g (20kg pak.)<\/strong><\/span><\/p>\n<ul>\n<li>Za borbu protiv pacova, ku\u0107nih \u0161takora i ku\u0107nih mi\u0161eva u zgradama i okolini<\/li>\n<li>Vrlo efikasan protiv ku\u0107nih mi\u0161eva i \u0161takora u prostorijama, na otvorenom, sto\u010darstvu i oko zgrada<\/li>\n<li>Posebno za mjesta sa alternativnom prehranom<\/li>\n<li>U prakti\u010dnim vre\u0107icama.<\/li>\n<\/ul>\n<p><strong>Aktivna supstanca:<\/strong><\/p>\n<p>0,005% bromadiolone; IUPAC 3 [3-(4 bromobifenil-4-II) 3-hidroksi-1-fenilpropil]; 4-hidroksikumarin; biljni nosa\u010d<br \/>\ns konzervansima i gorkim tvarima<\/p>\n<p><strong>Doziranje:<\/strong><\/p>\n<ul>\n<li>Poljski \u0161takori \/ ku\u0107ni \u0161takori: 60-100 g \/ 100 m\u00b2<\/li>\n<li>Ku\u0107ni mi\u0161evi: 40 g \/ 100 m\u00b2.<\/li>\n<\/ul>\n<a href=\"https:\/\/www.behardoo.ba\/index.php\/product\/bromadiolone-pasta-20g-20kg-pak\/\" class=\"btn frontech-btn\"><span><\/span>Detalji<\/a>","protected":false},"featured_media":386,"template":"","meta":[],"product_brand":[],"product_cat":[57,58],"product_tag":[78,79,74,73,60,59,44,77,76,66,67,43,68,61,75,69],"class_list":{"0":"post-84","1":"product","2":"type-product","3":"status-publish","4":"has-post-thumbnail","6":"product_cat-detia-program","7":"product_cat-rodenticidi","8":"product_tag-20g","9":"product_tag-20kg","10":"product_tag-bromadilon","11":"product_tag-bromadiolone","12":"product_tag-degesch","13":"product_tag-detia","14":"product_tag-kanalizacija","15":"product_tag-mamak","16":"product_tag-meki","17":"product_tag-mis","18":"product_tag-misevi","19":"product_tag-odvod","20":"product_tag-pacovi","21":"product_tag-parafinski","22":"product_tag-pasta","23":"product_tag-poljski","25":"first","26":"instock","27":"shipping-taxable","28":"product-type-external"},"jetpack_sharing_enabled":true,"_links":{"self":[{"href":"https:\/\/www.behardoo.ba\/index.php\/wp-json\/wp\/v2\/product\/84","targetHints":{"allow":["GET"]}}],"collection":[{"href":"https:\/\/www.behardoo.ba\/index.php\/wp-json\/wp\/v2\/product"}],"about":[{"href":"https:\/\/www.behardoo.ba\/index.php\/wp-json\/wp\/v2\/types\/product"}],"wp:featuredmedia":[{"embeddable":true,"href":"https:\/\/www.behardoo.ba\/index.php\/wp-json\/wp\/v2\/media\/386"}],"wp:attachment":[{"href":"https:\/\/www.behardoo.ba\/index.php\/wp-json\/wp\/v2\/media?parent=84"}],"wp:term":[{"taxonomy":"product_brand","embeddable":true,"href":"https:\/\/www.behardoo.ba\/index.php\/wp-json\/wp\/v2\/product_brand?post=84"},{"taxonomy":"product_cat","embeddable":true,"href":"https:\/\/www.behardoo.ba\/index.php\/wp-json\/wp\/v2\/product_cat?post=84"},{"taxonomy":"product_tag","embeddable":true,"href":"https:\/\/www.behardoo.ba\/index.php\/wp-json\/wp\/v2\/product_tag?post=84"}],"curies":[{"name":"wp","href":"https:\/\/api.w.org\/{rel}","templated":true}]}}