{"id":86,"date":"2021-06-09T19:08:40","date_gmt":"2021-06-09T17:08:40","guid":{"rendered":"http:\/\/www.behardoo.ba\/?post_type=product&#038;p=86"},"modified":"2024-09-12T19:17:57","modified_gmt":"2024-09-12T17:17:57","slug":"victor-gel-35g","status":"publish","type":"product","link":"https:\/\/www.behardoo.ba\/index.php\/product\/victor-gel-35g\/","title":{"rendered":"Victor Gel 35g"},"content":{"rendered":"<p><span style=\"color: #800000;\"><strong>Victor Gel 35g<\/strong><\/span><\/p>\n<ul>\n<li>Veoma u\u010dinkovit mamak u obliku gela protiv svih vrsta \u017eohara<\/li>\n<li>Specijalni produ\u017eetak omogu\u0107ava da se gel u malim koli\u010dinama nanese u uske kutove, procjepe, otvore iza ku\u0107anskih aparata i drugih te\u0161ko pristupa\u010dnih mjesta<\/li>\n<li>Dio gela \u017eohari pojedu na mjestu, a dio nose u gnijezdo. Gel veoma brzo napada \u017eiv\u010dani sistem i to dovodi do ugibanja i me\u0111usobnog sukoba \u017eohara. Time uni\u0161tavate njihovo leglo direktno.<\/li>\n<li>Gel ostaje aktivan vi\u0161e sedmica<\/li>\n<\/ul>\n<p><strong>Aktivna supstanca:<\/strong><\/p>\n<p>20,15 g \/ kg Imidakloprid sa konzervansima i gorkim tvarima<\/p>\n<p><strong>Primjena:<\/strong><\/p>\n<p>Navrnuti nastavak na vrh \u0161price. Gel istisnuti po ta\u010dkicu (liniju) ne ve\u0107u od zrna gra\u0161ka ili kafe svakih 5 do 10 cm na tamna i topla mjesta (iza fri\u017eidera, kafe aparata, \u0161poreta, itd.). Tako\u0111er, gel nanesite na vidna mjesta kao \u0161to su \u010do\u0161kovi soba, lajsne i sli\u010dno. \u017dohari jedan dio gela konzumiraju na mjestu, a drugi dio nose nazad u leglo gdje se drugi \u017eohari hrane sa njim. Osim \u0161to ih gel sam od sebe ubija, kada im ga nestane, \u017eohari se po\u010dinju me\u0111usobno jesti dok se \u010ditavo leglo ne istrijebi. Jedna tuba gela od 35g je dovoljna za povr\u0161inu do 300m2.<\/p>\n<p>Za sve informacije nam pi\u0161ite, ili nas pozovite na: <strong>061 221 470<\/strong><\/p>\n","protected":false},"excerpt":{"rendered":"<p><span style=\"color: #800000;\"><strong>Victor Gel 35g<\/strong><\/span><\/p>\n<ul>\n<li>Veoma u\u010dinkovit mamak u obliku gela protiv svih vrsta \u017eohara<\/li>\n<li>Specijalni produ\u017eetak omogu\u0107ava da se gel u malim koli\u010dinama nanese u uske kutove, procjepe, otvore iza ku\u0107anskih aparata i drugih te\u0161ko pristupa\u010dnih mjesta<\/li>\n<li>Dio gela \u017eohari pojedu na mjestu, a dio nose u gnijezdo. Gel veoma brzo napada \u017eiv\u010dani sistem i to dovodi do ugibanja i me\u0111usobnog sukoba \u017eohara. Time uni\u0161tavate njihovo leglo direktno.<\/li>\n<li>Gel ostaje aktivan vi\u0161e sedmica<\/li>\n<\/ul>\n<p><strong>Aktivna supstanca:<\/strong><\/p>\n<p>20,15 g \/ kg Imidakloprid sa konzervansima i gorkim tvarima<\/p>\n<p><strong>Primjena:<\/strong><\/p>\n<p>Navrnuti nastavak na vrh \u0161price. Gel istisnuti po ta\u010dkicu (liniju) ne ve\u0107u od zrna gra\u0161ka ili kafe svakih 5 do 10 cm na tamna i topla mjesta (iza fri\u017eidera, kafe aparata, \u0161poreta, itd.). Tako\u0111er, gel nanesite na vidna mjesta kao \u0161to su \u010do\u0161kovi soba, lajsne i sli\u010dno. \u017dohari jedan dio gela konzumiraju na mjestu, a drugi dio nose nazad u leglo gdje se drugi \u017eohari hrane sa njim. Osim \u0161to ih gel sam od sebe ubija, kada im ga nestane, \u017eohari se po\u010dinju me\u0111usobno jesti dok se \u010ditavo leglo ne istrijebi. Jedna tuba gela od 35g je dovoljna za povr\u0161inu do 300m2.<\/p>\n<a href=\"https:\/\/www.behardoo.ba\/index.php\/product\/victor-gel-35g\/\" class=\"btn frontech-btn\"><span><\/span>Detalji<\/a>","protected":false},"featured_media":87,"template":"","meta":[],"product_brand":[],"product_cat":[351,57,50],"product_tag":[82,186,27,679,226,462,343,286,285,931,396,388,310,425,60,235,59,319,441,200,98,251,81,224,359,135,47,44,393,395,399,401,87,570,772,54,400,215,272,426,86,85,394,80,944,94,84,255,83,933],"class_list":{"0":"post-86","1":"product","2":"type-product","3":"status-publish","4":"has-post-thumbnail","6":"product_cat-deratizacija","7":"product_cat-detia-program","8":"product_cat-insekticidi","9":"product_tag-35g","10":"product_tag-agrar","11":"product_tag-agro","12":"product_tag-apoteka","13":"product_tag-behar","14":"product_tag-behardoo","15":"product_tag-bih","16":"product_tag-bosna","17":"product_tag-bosnia","18":"product_tag-bubasvaba","19":"product_tag-chem","20":"product_tag-chemical","21":"product_tag-d-o-o","22":"product_tag-ddd","23":"product_tag-degesch","24":"product_tag-deratizacija","25":"product_tag-detia","26":"product_tag-doo","27":"product_tag-dostava","28":"product_tag-farm","29":"product_tag-farma","30":"product_tag-farmer","31":"product_tag-gel","32":"product_tag-hemija","33":"product_tag-hercegovina","34":"product_tag-insekti","35":"product_tag-insekticid","36":"product_tag-kanalizacija","37":"product_tag-kupi","38":"product_tag-maloprodaja","39":"product_tag-naruci","40":"product_tag-online","41":"product_tag-otrov","42":"product_tag-poljo","43":"product_tag-poljoapoteka","44":"product_tag-poljoprivreda","45":"product_tag-poruci","46":"product_tag-prskanje","47":"product_tag-sarajevo","48":"product_tag-shop","49":"product_tag-sprica","50":"product_tag-tuba","51":"product_tag-veleprodaja","52":"product_tag-victor","53":"product_tag-viktor","54":"product_tag-zastita","55":"product_tag-zohar","56":"product_tag-zohara","57":"product_tag-zohari","58":"product_tag-zoharu","60":"first","61":"instock","62":"shipping-taxable","63":"product-type-external"},"jetpack_sharing_enabled":true,"_links":{"self":[{"href":"https:\/\/www.behardoo.ba\/index.php\/wp-json\/wp\/v2\/product\/86","targetHints":{"allow":["GET"]}}],"collection":[{"href":"https:\/\/www.behardoo.ba\/index.php\/wp-json\/wp\/v2\/product"}],"about":[{"href":"https:\/\/www.behardoo.ba\/index.php\/wp-json\/wp\/v2\/types\/product"}],"wp:featuredmedia":[{"embeddable":true,"href":"https:\/\/www.behardoo.ba\/index.php\/wp-json\/wp\/v2\/media\/87"}],"wp:attachment":[{"href":"https:\/\/www.behardoo.ba\/index.php\/wp-json\/wp\/v2\/media?parent=86"}],"wp:term":[{"taxonomy":"product_brand","embeddable":true,"href":"https:\/\/www.behardoo.ba\/index.php\/wp-json\/wp\/v2\/product_brand?post=86"},{"taxonomy":"product_cat","embeddable":true,"href":"https:\/\/www.behardoo.ba\/index.php\/wp-json\/wp\/v2\/product_cat?post=86"},{"taxonomy":"product_tag","embeddable":true,"href":"https:\/\/www.behardoo.ba\/index.php\/wp-json\/wp\/v2\/product_tag?post=86"}],"curies":[{"name":"wp","href":"https:\/\/api.w.org\/{rel}","templated":true}]}}