{"id":88,"date":"2021-06-10T10:20:01","date_gmt":"2021-06-10T08:20:01","guid":{"rendered":"http:\/\/www.behardoo.ba\/?post_type=product&#038;p=88"},"modified":"2021-06-11T10:55:27","modified_gmt":"2021-06-11T08:55:27","slug":"schnecken-korn-puzocid-150g","status":"publish","type":"product","link":"https:\/\/www.behardoo.ba\/index.php\/product\/schnecken-korn-puzocid-150g\/","title":{"rendered":"Schnecken-Korn (Pu\u017eocid) 150g"},"content":{"rendered":"<p><span style=\"color: #339966;\"><strong>Schnecken-Korn (Pu\u017eocid) 150g<\/strong><\/span><\/p>\n<ul>\n<li>Spreman za upotrebu i fino granuliran raspr\u0161iva\u010d protiv svih vrsta pu\u017eeva<\/li>\n<li>Primjenjljivo u svim vrstama zasada kao \u0161to su kupus, salata, jagode, ukrasne biljke, \u017eitarice, repa&#8230;<\/li>\n<li>Otporan na vremenske uvjete, pogotovo ki\u0161u<\/li>\n<li>Upotrebljava se na gotovo svim povr\u0161inama, ba\u0161tama, staklenicima i parcelama<\/li>\n<\/ul>\n<p><strong>Primjena:<\/strong><\/p>\n<p><span class=\"VIiyi\" lang=\"bs\"><span class=\"JLqJ4b\" data-language-for-alternatives=\"bs\" data-language-to-translate-into=\"en\" data-phrase-index=\"0\">Sitne granule se koriste protiv pu\u017eeva u uzgajanju salate i kupusa, jagoda, vinogradarstva, ukrasnog bilja, \u017eitarica i repice. Koli\u010dina primjene: Za jagode, zelenu salatu i ukrasno bilje: 0,6 g \/ m\u00b2 (~ 20 zrna \/ m\u00b2) Primjena: U slu\u010daju zaraze pu\u017eevima, posipajte Detia granule direktno iz pakovanja prema navedenim koli\u010dinama primjene. Za uzgoj povr\u0107a salate i kupusa, kao i jagoda i ukrasnog bilja. Na\u010din djelovanja: U\u010dinak proizvoda kao sredstva za hranjenje i kontakt rezultira br\u017eim uspjehom u kontroli. Metaldehid \u0161tetno djeluje na sluzave stanice pu\u017eeva. Za\u0161tita ko\u017ee, kretanje i probava su poreme\u0107eni i na kraju dovode do smrti pu\u017eeva. Detia pu\u017e granule: djeluje samo na pu\u017eeve i \u0161titi populaciju tla, biorazgra\u0111uje se u tlu u uglji\u010dni dioksid i vodu, ne predstavlja opasnost za je\u017eeve, sadr\u017ei gorku tvar koja smanjuje rizik od nenamjernog gutanja ku\u0107nih ljubimaca, intenzivno je taman plava, a ptice je okre\u0107u prema tome manje zabilje\u017eene. Sigurno koristite biocide! Uvijek pro\u010ditajte naljepnicu i informacije o proizvodu prije upotrebe! Sigurno koristite proizvode za za\u0161titu bilja. Da bi se izbjegli rizici za ljude i okoli\u0161, moraju se po\u0161tivati \u200b\u200bupute za upotrebu.<\/span><\/span><\/p>\n","protected":false},"excerpt":{"rendered":"<p><span style=\"color: #339966;\"><strong>Schnecken-Korn (Pu\u017eocid) 150g<\/strong><\/span><\/p>\n<ul>\n<li>Spreman za upotrebu i fino granuliran raspr\u0161iva\u010d protiv svih vrsta pu\u017eeva<\/li>\n<li>Primjenjljivo u svim vrstama zasada kao \u0161to su kupus, salata, jagode, ukrasne biljke, \u017eitarice, repa&#8230;<\/li>\n<li>Otporan na vremenske uvjete, pogotovo ki\u0161u<\/li>\n<li>Upotrebljava se na gotovo svim povr\u0161inama, ba\u0161tama, staklenicima i parcelama<\/li>\n<\/ul>\n<a href=\"https:\/\/www.behardoo.ba\/index.php\/product\/schnecken-korn-puzocid-150g\/\" class=\"btn frontech-btn\"><span><\/span>Detalji<\/a>","protected":false},"featured_media":89,"template":"","meta":[],"product_brand":[],"product_cat":[57,50],"product_tag":[95,99,60,59,98,47,89,54,93,92,91,90,88,97,96,94],"class_list":{"0":"post-88","1":"product","2":"type-product","3":"status-publish","4":"has-post-thumbnail","6":"product_cat-detia-program","7":"product_cat-insekticidi","8":"product_tag-basta","9":"product_tag-cvijece","10":"product_tag-degesch","11":"product_tag-detia","12":"product_tag-farma","13":"product_tag-insekticid","14":"product_tag-korn","15":"product_tag-poljoprivreda","16":"product_tag-puz","17":"product_tag-puzeve","18":"product_tag-puzevi","19":"product_tag-puzocid","20":"product_tag-schnecken","21":"product_tag-staklenik","22":"product_tag-zasad","23":"product_tag-zastita","25":"first","26":"instock","27":"shipping-taxable","28":"product-type-external"},"jetpack_sharing_enabled":true,"_links":{"self":[{"href":"https:\/\/www.behardoo.ba\/index.php\/wp-json\/wp\/v2\/product\/88","targetHints":{"allow":["GET"]}}],"collection":[{"href":"https:\/\/www.behardoo.ba\/index.php\/wp-json\/wp\/v2\/product"}],"about":[{"href":"https:\/\/www.behardoo.ba\/index.php\/wp-json\/wp\/v2\/types\/product"}],"wp:featuredmedia":[{"embeddable":true,"href":"https:\/\/www.behardoo.ba\/index.php\/wp-json\/wp\/v2\/media\/89"}],"wp:attachment":[{"href":"https:\/\/www.behardoo.ba\/index.php\/wp-json\/wp\/v2\/media?parent=88"}],"wp:term":[{"taxonomy":"product_brand","embeddable":true,"href":"https:\/\/www.behardoo.ba\/index.php\/wp-json\/wp\/v2\/product_brand?post=88"},{"taxonomy":"product_cat","embeddable":true,"href":"https:\/\/www.behardoo.ba\/index.php\/wp-json\/wp\/v2\/product_cat?post=88"},{"taxonomy":"product_tag","embeddable":true,"href":"https:\/\/www.behardoo.ba\/index.php\/wp-json\/wp\/v2\/product_tag?post=88"}],"curies":[{"name":"wp","href":"https:\/\/api.w.org\/{rel}","templated":true}]}}