{"id":90,"date":"2021-06-10T10:29:22","date_gmt":"2021-06-10T08:29:22","guid":{"rendered":"http:\/\/www.behardoo.ba\/?post_type=product&#038;p=90"},"modified":"2021-06-11T10:55:51","modified_gmt":"2021-06-11T08:55:51","slug":"wuhlmaus-gas-500g-sredstvo-protiv-krtica-i-zmija","status":"publish","type":"product","link":"https:\/\/www.behardoo.ba\/index.php\/product\/wuhlmaus-gas-500g-sredstvo-protiv-krtica-i-zmija\/","title":{"rendered":"Wuhlmaus Gas 500g (Sredstvo protiv krtica i zmija)"},"content":{"rendered":"<p><span style=\"color: #ff0000;\"><strong>Wuhlmaus Gas 500g (Sredstvo protiv krtica i zmija)<\/strong><\/span><\/p>\n<ul>\n<li>Uspje\u0161no suzbija krtice, zmije i sitne glodare u parkovima, oku\u0107nicama i poljoprivredi<\/li>\n<li>Dugotrajno dejstvo osigurava dugotrajno odsustvo glodara<\/li>\n<\/ul>\n<p><strong>Aktivna supstanca:<\/strong><\/p>\n<p>Kalcijum karbid 800 g \/ kg, 80 m \/ m%<\/p>\n<p><strong>Doziranje:<\/strong><\/p>\n<p>Razgrnete rupu koju je napravila krtica, stavite 20 gr preparata po rupi za krticu, voluharicu i poljskog mi\u0161a. Potom prekrijete zgu\u017evanim listom novine, ili po mogu\u0107nosti masnim papirom i zagrnite ponovo zemljom koju ste\u00a0 prvobitno razgrnuli. Za zmije, posuti oko podru\u010dija koje \u017eelite za\u0161tititi.<\/p>\n","protected":false},"excerpt":{"rendered":"<p><span style=\"color: #ff0000;\"><strong>Wuhlmaus Gas 500g (Sredstvo protiv krtica i zmija)<\/strong><\/span><\/p>\n<ul>\n<li>Uspje\u0161no suzbija krtice, zmije i sitne glodare u parkovima, oku\u0107nicama i poljoprivredi<\/li>\n<li>Dugotrajno dejstvo osigurava dugotrajno odsustvo glodara<\/li>\n<\/ul>\n<p>&nbsp;<\/p>\n<a href=\"https:\/\/www.behardoo.ba\/index.php\/product\/wuhlmaus-gas-500g-sredstvo-protiv-krtica-i-zmija\/\" class=\"btn frontech-btn\"><span><\/span>Detalji<\/a>","protected":false},"featured_media":95,"template":"","meta":[],"product_brand":[],"product_cat":[57,58],"product_tag":[102,60,59,101,106,103,66,67,54,69,48,104,100,107,105],"class_list":{"0":"post-90","1":"product","2":"type-product","3":"status-publish","4":"has-post-thumbnail","6":"product_cat-detia-program","7":"product_cat-rodenticidi","8":"product_tag-500g","9":"product_tag-degesch","10":"product_tag-detia","11":"product_tag-gas","12":"product_tag-krtica","13":"product_tag-krtice","14":"product_tag-mis","15":"product_tag-misevi","16":"product_tag-poljoprivreda","17":"product_tag-poljski","18":"product_tag-repelent","19":"product_tag-voluharice","20":"product_tag-wuhlmaus","21":"product_tag-zmija","22":"product_tag-zmije","24":"first","25":"instock","26":"shipping-taxable","27":"product-type-external"},"jetpack_sharing_enabled":true,"_links":{"self":[{"href":"https:\/\/www.behardoo.ba\/index.php\/wp-json\/wp\/v2\/product\/90","targetHints":{"allow":["GET"]}}],"collection":[{"href":"https:\/\/www.behardoo.ba\/index.php\/wp-json\/wp\/v2\/product"}],"about":[{"href":"https:\/\/www.behardoo.ba\/index.php\/wp-json\/wp\/v2\/types\/product"}],"wp:featuredmedia":[{"embeddable":true,"href":"https:\/\/www.behardoo.ba\/index.php\/wp-json\/wp\/v2\/media\/95"}],"wp:attachment":[{"href":"https:\/\/www.behardoo.ba\/index.php\/wp-json\/wp\/v2\/media?parent=90"}],"wp:term":[{"taxonomy":"product_brand","embeddable":true,"href":"https:\/\/www.behardoo.ba\/index.php\/wp-json\/wp\/v2\/product_brand?post=90"},{"taxonomy":"product_cat","embeddable":true,"href":"https:\/\/www.behardoo.ba\/index.php\/wp-json\/wp\/v2\/product_cat?post=90"},{"taxonomy":"product_tag","embeddable":true,"href":"https:\/\/www.behardoo.ba\/index.php\/wp-json\/wp\/v2\/product_tag?post=90"}],"curies":[{"name":"wp","href":"https:\/\/api.w.org\/{rel}","templated":true}]}}